{"id":326,"date":"2026-01-22T02:33:59","date_gmt":"2026-01-22T01:33:59","guid":{"rendered":"https:\/\/voegel.hu\/?page_id=326"},"modified":"2026-01-22T02:34:33","modified_gmt":"2026-01-22T01:34:33","slug":"globalis-felelossegvallalas","status":"publish","type":"page","link":"https:\/\/voegel.hu\/sk\/globalis-felelossegvallalas\/","title":{"rendered":"Glob\u00e1lna zodpovednos\u0165"},"content":{"rendered":"<div data-elementor-type=\"wp-page\" data-elementor-id=\"326\" class=\"elementor elementor-326\" data-elementor-post-type=\"page\">\n\t\t\t\t\t\t<section class=\"elementor-section elementor-top-section elementor-element elementor-element-722e8d22 elementor-section-boxed elementor-section-height-default elementor-section-height-default\" data-id=\"722e8d22\" data-element_type=\"section\">\n\t\t\t\t\t\t<div class=\"elementor-container elementor-column-gap-default\">\n\t\t\t\t\t<div class=\"elementor-column elementor-col-100 elementor-top-column elementor-element elementor-element-359c98b1\" data-id=\"359c98b1\" data-element_type=\"column\">\n\t\t\t<div class=\"elementor-widget-wrap elementor-element-populated\">\n\t\t\t\t\t\t<div class=\"elementor-element elementor-element-4ea0a6c2 elementor-widget elementor-widget-image\" data-id=\"4ea0a6c2\" data-element_type=\"widget\" data-widget_type=\"image.default\">\n\t\t\t\t\t\t\t\t\t\t\t\t\t\t\t<img fetchpriority=\"high\" decoding=\"async\" width=\"1200\" height=\"899\" src=\"https:\/\/voegel.hu\/wp-content\/uploads\/2026\/01\/Globalis-felelossegvallalas-2.jpg\" class=\"attachment-full size-full wp-image-267\" alt=\"\" srcset=\"https:\/\/voegel.hu\/wp-content\/uploads\/2026\/01\/Globalis-felelossegvallalas-2.jpg 1200w, https:\/\/voegel.hu\/wp-content\/uploads\/2026\/01\/Globalis-felelossegvallalas-2-300x225.jpg 300w, https:\/\/voegel.hu\/wp-content\/uploads\/2026\/01\/Globalis-felelossegvallalas-2-1024x767.jpg 1024w, https:\/\/voegel.hu\/wp-content\/uploads\/2026\/01\/Globalis-felelossegvallalas-2-768x575.jpg 768w\" sizes=\"(max-width: 1200px) 100vw, 1200px\" \/>\t\t\t\t\t\t\t\t\t\t\t\t\t\t\t<\/div>\n\t\t\t\t\t<\/div>\n\t\t<\/div>\n\t\t\t\t\t<\/div>\n\t\t<\/section>\n\t\t\t\t<section class=\"elementor-section elementor-top-section elementor-element elementor-element-3f51c23a elementor-section-boxed elementor-section-height-default elementor-section-height-default\" data-id=\"3f51c23a\" data-element_type=\"section\">\n\t\t\t\t\t\t<div class=\"elementor-container elementor-column-gap-default\">\n\t\t\t\t\t<div class=\"elementor-column elementor-col-100 elementor-top-column elementor-element elementor-element-4de97c76\" data-id=\"4de97c76\" data-element_type=\"column\">\n\t\t\t<div class=\"elementor-widget-wrap elementor-element-populated\">\n\t\t\t\t\t\t<div class=\"elementor-element elementor-element-6bde1cba elementor-widget elementor-widget-heading\" data-id=\"6bde1cba\" data-element_type=\"widget\" data-widget_type=\"heading.default\">\n\t\t\t\t\t<h2 class=\"elementor-heading-title elementor-size-default\">Udr\u017eate\u013enos\u0165<\/h2>\t\t\t\t<\/div>\n\t\t\t\t<div class=\"elementor-element elementor-element-2bfd149c elementor-widget elementor-widget-text-editor\" data-id=\"2bfd149c\" data-element_type=\"widget\" data-widget_type=\"text-editor.default\">\n\t\t\t\t\t\t\t\t\t<p><b>Spolo\u010dnos\u0165 Bird sa zaviazala pracova\u0165 zodpovedne a prispieva\u0165 k \u010distej\u0161ej, bezpe\u010dnej\u0161ej a udr\u017eate\u013enej\u0161ej bud\u00facnosti. Re\u0161pektujeme \u013eud\u00ed, \u017eivotn\u00e9 prostredie a komunity, v ktor\u00fdch p\u00f4sob\u00edme.<\/b><\/p><p><span style=\"font-weight: 400;\">Akt\u00edvne zav\u00e1dzame praktick\u00e9 a merate\u013en\u00e9 opatrenia, ktor\u00e9 zni\u017euj\u00fa na\u0161u environment\u00e1lnu stopu a podporuj\u00fa dlhodob\u00fa udr\u017eate\u013enos\u0165.<\/span><\/p>\t\t\t\t\t\t\t\t<\/div>\n\t\t\t\t\t<\/div>\n\t\t<\/div>\n\t\t\t\t\t<\/div>\n\t\t<\/section>\n\t\t\t\t<section class=\"elementor-section elementor-top-section elementor-element elementor-element-15bfd1e8 elementor-section-boxed elementor-section-height-default elementor-section-height-default\" data-id=\"15bfd1e8\" data-element_type=\"section\">\n\t\t\t\t\t\t<div class=\"elementor-container elementor-column-gap-default\">\n\t\t\t\t\t<div class=\"elementor-column elementor-col-100 elementor-top-column elementor-element elementor-element-792caba3\" data-id=\"792caba3\" data-element_type=\"column\">\n\t\t\t<div class=\"elementor-widget-wrap elementor-element-populated\">\n\t\t\t\t\t\t<section class=\"elementor-section elementor-inner-section elementor-element elementor-element-2bf36d85 elementor-section-boxed elementor-section-height-default elementor-section-height-default\" data-id=\"2bf36d85\" data-element_type=\"section\">\n\t\t\t\t\t\t<div class=\"elementor-container elementor-column-gap-default\">\n\t\t\t\t\t<div class=\"elementor-column elementor-col-50 elementor-inner-column elementor-element elementor-element-73888da9\" data-id=\"73888da9\" data-element_type=\"column\">\n\t\t\t<div class=\"elementor-widget-wrap elementor-element-populated\">\n\t\t\t\t\t\t<div class=\"elementor-element elementor-element-712f032f elementor-widget elementor-widget-image\" data-id=\"712f032f\" data-element_type=\"widget\" data-widget_type=\"image.default\">\n\t\t\t\t\t\t\t\t\t\t\t\t\t\t\t<img decoding=\"async\" width=\"2560\" height=\"2560\" src=\"https:\/\/voegel.hu\/wp-content\/uploads\/2026\/01\/Globalis-felelossegvallalas-3-scaled.jpg\" class=\"attachment-full size-full wp-image-298\" alt=\"\" srcset=\"https:\/\/voegel.hu\/wp-content\/uploads\/2026\/01\/Globalis-felelossegvallalas-3-scaled.jpg 2560w, https:\/\/voegel.hu\/wp-content\/uploads\/2026\/01\/Globalis-felelossegvallalas-3-300x300.jpg 300w, https:\/\/voegel.hu\/wp-content\/uploads\/2026\/01\/Globalis-felelossegvallalas-3-1024x1024.jpg 1024w, https:\/\/voegel.hu\/wp-content\/uploads\/2026\/01\/Globalis-felelossegvallalas-3-150x150.jpg 150w, https:\/\/voegel.hu\/wp-content\/uploads\/2026\/01\/Globalis-felelossegvallalas-3-768x768.jpg 768w, https:\/\/voegel.hu\/wp-content\/uploads\/2026\/01\/Globalis-felelossegvallalas-3-1536x1536.jpg 1536w, https:\/\/voegel.hu\/wp-content\/uploads\/2026\/01\/Globalis-felelossegvallalas-3-2048x2048.jpg 2048w\" sizes=\"(max-width: 2560px) 100vw, 2560px\" \/>\t\t\t\t\t\t\t\t\t\t\t\t\t\t\t<\/div>\n\t\t\t\t\t<\/div>\n\t\t<\/div>\n\t\t\t\t<div class=\"elementor-column elementor-col-50 elementor-inner-column elementor-element elementor-element-3792d8cc\" data-id=\"3792d8cc\" data-element_type=\"column\">\n\t\t\t<div class=\"elementor-widget-wrap elementor-element-populated\">\n\t\t\t\t\t\t<div class=\"elementor-element elementor-element-4fdb42fb elementor-widget elementor-widget-heading\" data-id=\"4fdb42fb\" data-element_type=\"widget\" data-widget_type=\"heading.default\">\n\t\t\t\t\t<h2 class=\"elementor-heading-title elementor-size-default\">\u010co rob\u00edme, aby sme minimalizovali na\u0161u environment\u00e1lnu stopu<\/h2>\t\t\t\t<\/div>\n\t\t\t\t<div class=\"elementor-element elementor-element-6425a1bc elementor-icon-list--layout-traditional elementor-list-item-link-full_width elementor-widget elementor-widget-icon-list\" data-id=\"6425a1bc\" data-element_type=\"widget\" data-widget_type=\"icon-list.default\">\n\t\t\t\t\t\t\t<ul class=\"elementor-icon-list-items\">\n\t\t\t\t\t\t\t<li class=\"elementor-icon-list-item\">\n\t\t\t\t\t\t\t\t\t\t\t<span class=\"elementor-icon-list-icon\">\n\t\t\t\t\t\t\t<svg aria-hidden=\"true\" class=\"e-font-icon-svg e-fas-check-circle\" viewbox=\"0 0 512 512\" xmlns=\"http:\/\/www.w3.org\/2000\/svg\"><path d=\"M504 256c0 136.967-111.033 248-248 248S8 392.967 8 256 119.033 8 256 8s248 111.033 248 248zM227.314 387.314l184-184c6.248-6.248 6.248-16.379 0-22.627l-22.627-22.627c-6.248-6.249-16.379-6.249-22.628 0L216 308.118l-70.059-70.059c-6.248-6.248-16.379-6.248-22.628 0l-22.627 22.627c-6.248 6.248-6.248 16.379 0 22.627l104 104c6.249 6.249 16.379 6.249 22.628.001z\"><\/path><\/svg>\t\t\t\t\t\t<\/span>\n\t\t\t\t\t\t\t\t\t\t<span class=\"elementor-icon-list-text\">Neust\u00e1le optimalizujeme na\u0161e pr\u00edpravky s cie\u013eom zn\u00ed\u017ei\u0165 \u0161kodliv\u00e9 emisie a zlep\u0161i\u0165 environment\u00e1lne vlastnosti.<\/span>\n\t\t\t\t\t\t\t\t\t<\/li>\n\t\t\t\t\t\t\t\t<li class=\"elementor-icon-list-item\">\n\t\t\t\t\t\t\t\t\t\t\t<span class=\"elementor-icon-list-icon\">\n\t\t\t\t\t\t\t<svg aria-hidden=\"true\" class=\"e-font-icon-svg e-fas-check-circle\" viewbox=\"0 0 512 512\" xmlns=\"http:\/\/www.w3.org\/2000\/svg\"><path d=\"M504 256c0 136.967-111.033 248-248 248S8 392.967 8 256 119.033 8 256 8s248 111.033 248 248zM227.314 387.314l184-184c6.248-6.248 6.248-16.379 0-22.627l-22.627-22.627c-6.248-6.249-16.379-6.249-22.628 0L216 308.118l-70.059-70.059c-6.248-6.248-16.379-6.248-22.628 0l-22.627 22.627c-6.248 6.248-6.248 16.379 0 22.627l104 104c6.249 6.249 16.379 6.249 22.628.001z\"><\/path><\/svg>\t\t\t\t\t\t<\/span>\n\t\t\t\t\t\t\t\t\t\t<span class=\"elementor-icon-list-text\">Zav\u00e1dzame programy na zn\u00ed\u017eenie mno\u017estva odpadu vo v\u00fdrobe a logistike.<\/span>\n\t\t\t\t\t\t\t\t\t<\/li>\n\t\t\t\t\t\t\t\t<li class=\"elementor-icon-list-item\">\n\t\t\t\t\t\t\t\t\t\t\t<span class=\"elementor-icon-list-icon\">\n\t\t\t\t\t\t\t<svg aria-hidden=\"true\" class=\"e-font-icon-svg e-fas-check-circle\" viewbox=\"0 0 512 512\" xmlns=\"http:\/\/www.w3.org\/2000\/svg\"><path d=\"M504 256c0 136.967-111.033 248-248 248S8 392.967 8 256 119.033 8 256 8s248 111.033 248 248zM227.314 387.314l184-184c6.248-6.248 6.248-16.379 0-22.627l-22.627-22.627c-6.248-6.249-16.379-6.249-22.628 0L216 308.118l-70.059-70.059c-6.248-6.248-16.379-6.248-22.628 0l-22.627 22.627c-6.248 6.248-6.248 16.379 0 22.627l104 104c6.249 6.249 16.379 6.249 22.628.001z\"><\/path><\/svg>\t\t\t\t\t\t<\/span>\n\t\t\t\t\t\t\t\t\t\t<span class=\"elementor-icon-list-text\">V\u017edy, ke\u010f je to mo\u017en\u00e9, uprednost\u0148ujeme recyklovate\u013en\u00e9 obalov\u00e9 materi\u00e1ly.<\/span>\n\t\t\t\t\t\t\t\t\t<\/li>\n\t\t\t\t\t\t\t\t<li class=\"elementor-icon-list-item\">\n\t\t\t\t\t\t\t\t\t\t\t<span class=\"elementor-icon-list-icon\">\n\t\t\t\t\t\t\t<svg aria-hidden=\"true\" class=\"e-font-icon-svg e-fas-check-circle\" viewbox=\"0 0 512 512\" xmlns=\"http:\/\/www.w3.org\/2000\/svg\"><path d=\"M504 256c0 136.967-111.033 248-248 248S8 392.967 8 256 119.033 8 256 8s248 111.033 248 248zM227.314 387.314l184-184c6.248-6.248 6.248-16.379 0-22.627l-22.627-22.627c-6.248-6.249-16.379-6.249-22.628 0L216 308.118l-70.059-70.059c-6.248-6.248-16.379-6.248-22.628 0l-22.627 22.627c-6.248 6.248-6.248 16.379 0 22.627l104 104c6.249 6.249 16.379 6.249 22.628.001z\"><\/path><\/svg>\t\t\t\t\t\t<\/span>\n\t\t\t\t\t\t\t\t\t\t<span class=\"elementor-icon-list-text\">Investujeme do energeticky \u00fa\u010dinn\u00fdch technol\u00f3gi\u00ed a procesov, ktor\u00e9 zni\u017euj\u00fa celkov\u00fa spotrebu.<\/span>\n\t\t\t\t\t\t\t\t\t<\/li>\n\t\t\t\t\t\t\t\t<li class=\"elementor-icon-list-item\">\n\t\t\t\t\t\t\t\t\t\t\t<span class=\"elementor-icon-list-icon\">\n\t\t\t\t\t\t\t<svg aria-hidden=\"true\" class=\"e-font-icon-svg e-fas-check-circle\" viewbox=\"0 0 512 512\" xmlns=\"http:\/\/www.w3.org\/2000\/svg\"><path d=\"M504 256c0 136.967-111.033 248-248 248S8 392.967 8 256 119.033 8 256 8s248 111.033 248 248zM227.314 387.314l184-184c6.248-6.248 6.248-16.379 0-22.627l-22.627-22.627c-6.248-6.249-16.379-6.249-22.628 0L216 308.118l-70.059-70.059c-6.248-6.248-16.379-6.248-22.628 0l-22.627 22.627c-6.248 6.248-6.248 16.379 0 22.627l104 104c6.249 6.249 16.379 6.249 22.628.001z\"><\/path><\/svg>\t\t\t\t\t\t<\/span>\n\t\t\t\t\t\t\t\t\t\t<span class=\"elementor-icon-list-text\">Spolupracujeme s dod\u00e1vate\u013emi, ktor\u00ed dodr\u017eiavaj\u00fa z\u00e1sady zodpovedn\u00e9ho z\u00edskavania zdrojov.<\/span>\n\t\t\t\t\t\t\t\t\t<\/li>\n\t\t\t\t\t\t<\/ul>\n\t\t\t\t\t\t<\/div>\n\t\t\t\t\t<\/div>\n\t\t<\/div>\n\t\t\t\t\t<\/div>\n\t\t<\/section>\n\t\t\t\t\t<\/div>\n\t\t<\/div>\n\t\t\t\t\t<\/div>\n\t\t<\/section>\n\t\t\t\t<section class=\"elementor-section elementor-top-section elementor-element elementor-element-59d713a5 elementor-section-boxed elementor-section-height-default elementor-section-height-default\" data-id=\"59d713a5\" data-element_type=\"section\">\n\t\t\t\t\t\t<div class=\"elementor-container elementor-column-gap-default\">\n\t\t\t\t\t<div class=\"elementor-column elementor-col-100 elementor-top-column elementor-element elementor-element-2713ec54\" data-id=\"2713ec54\" data-element_type=\"column\">\n\t\t\t<div class=\"elementor-widget-wrap elementor-element-populated\">\n\t\t\t\t\t\t<div class=\"elementor-element elementor-element-67cffe5b elementor-widget elementor-widget-heading\" data-id=\"67cffe5b\" data-element_type=\"widget\" data-widget_type=\"heading.default\">\n\t\t\t\t\t<h2 class=\"elementor-heading-title elementor-size-default\">Spolupr\u00e1ca s org\u00e1nmi\n<\/h2>\t\t\t\t<\/div>\n\t\t\t\t<div class=\"elementor-element elementor-element-1192e925 elementor-widget elementor-widget-text-editor\" data-id=\"1192e925\" data-element_type=\"widget\" data-widget_type=\"text-editor.default\">\n\t\t\t\t\t\t\t\t\t<p><span style=\"font-weight: 400;\">V\u00f6gel je plne v s\u00falade s n\u00e1rodn\u00fdmi a eur\u00f3pskymi normami. Neust\u00e1le spolupracujeme s miestnymi \u00faradmi, environment\u00e1lnymi agent\u00farami a regula\u010dn\u00fdmi org\u00e1nmi, aby sme zabezpe\u010dili, \u017ee na\u0161a \u010dinnos\u0165 sp\u013a\u0148a v\u0161etky z\u00e1konn\u00e9 po\u017eiadavky a priemyseln\u00e9 normy.<\/span><\/p>\t\t\t\t\t\t\t\t<\/div>\n\t\t\t\t\t<\/div>\n\t\t<\/div>\n\t\t\t\t\t<\/div>\n\t\t<\/section>\n\t\t\t\t<section class=\"elementor-section elementor-top-section elementor-element elementor-element-4e552e73 elementor-section-boxed elementor-section-height-default elementor-section-height-default\" data-id=\"4e552e73\" data-element_type=\"section\">\n\t\t\t\t\t\t<div class=\"elementor-container elementor-column-gap-default\">\n\t\t\t\t\t<div class=\"elementor-column elementor-col-100 elementor-top-column elementor-element elementor-element-415a8f04\" data-id=\"415a8f04\" data-element_type=\"column\">\n\t\t\t<div class=\"elementor-widget-wrap elementor-element-populated\">\n\t\t\t\t\t\t<div class=\"elementor-element elementor-element-3bdbb2b4 elementor-widget elementor-widget-heading\" data-id=\"3bdbb2b4\" data-element_type=\"widget\" data-widget_type=\"heading.default\">\n\t\t\t\t\t<h2 class=\"elementor-heading-title elementor-size-default\">Na\u0161e zameranie<\/h2>\t\t\t\t<\/div>\n\t\t\t\t<div class=\"elementor-element elementor-element-58463c57 elementor-widget elementor-widget-text-editor\" data-id=\"58463c57\" data-element_type=\"widget\" data-widget_type=\"text-editor.default\">\n\t\t\t\t\t\t\t\t\t<p><span style=\"font-weight: 400;\">Namiesto vypracov\u00e1vania rozsiahlych spr\u00e1v o udr\u017eate\u013enosti sa v praxi <\/span><b>akcia<\/b><span style=\"font-weight: 400;\"> a <\/span><b>transparentn\u00e1 komunik\u00e1cia<\/b><span style=\"font-weight: 400;\"> na\u0161ou prioritou. Zameriavame sa na zodpovedn\u00fa v\u00fdrobu, neust\u00e1le zlep\u0161ovanie a zachovanie pozit\u00edvneho vplyvu v celom hodnotovom re\u0165azci.<\/span><\/p>\t\t\t\t\t\t\t\t<\/div>\n\t\t\t\t\t<\/div>\n\t\t<\/div>\n\t\t\t\t\t<\/div>\n\t\t<\/section>\n\t\t\t\t<\/div>","protected":false},"excerpt":{"rendered":"<p>Fenntarthat\u00f3s\u00e1g A V\u00f6geln\u00e9l elk\u00f6telezettek vagyunk amellett, hogy felel\u0151ss\u00e9gteljesen m\u0171k\u00f6d\u00fcnk, \u00e9s hozz\u00e1j\u00e1ruljunk egy tiszt\u00e1bb, biztons\u00e1gosabb \u00e9s fenntarthat\u00f3bb j\u00f6v\u0151h\u00f6z. Tiszteletben tartjuk az embereket, a k\u00f6rnyezetet \u00e9s azokat a k\u00f6z\u00f6ss\u00e9geket, ahol m\u0171k\u00f6d\u00fcnk. Akt\u00edvan val\u00f3s\u00edtunk meg gyakorlati \u00e9s m\u00e9rhet\u0151 int\u00e9zked\u00e9seket, amelyek cs\u00f6kkentik k\u00f6rnyezeti l\u00e1bnyomunkat \u00e9s t\u00e1mogatj\u00e1k a hossz\u00fa t\u00e1v\u00fa fenntarthat\u00f3s\u00e1got. Mit tesz\u00fcnk a k\u00f6rnyezeti l\u00e1bnyomunk minimaliz\u00e1l\u00e1sa \u00e9rdek\u00e9ben Folyamatosan optimaliz\u00e1ljuk &#8230; <a title=\"Glob\u00e1lna zodpovednos\u0165\" class=\"read-more\" href=\"https:\/\/voegel.hu\/sk\/globalis-felelossegvallalas\/\" aria-label=\"Pre\u010d\u00edtajte si viac o Glob\u00e1lis felel\u0151ss\u00e9gv\u00e1llal\u00e1s\">\u010c\u00edta\u0165 viac<\/a><\/p>","protected":false},"author":1,"featured_media":0,"parent":0,"menu_order":0,"comment_status":"closed","ping_status":"closed","template":"elementor_header_footer","meta":{"footnotes":""},"class_list":["post-326","page","type-page","status-publish"],"_links":{"self":[{"href":"https:\/\/voegel.hu\/sk\/wp-json\/wp\/v2\/pages\/326","targetHints":{"allow":["GET"]}}],"collection":[{"href":"https:\/\/voegel.hu\/sk\/wp-json\/wp\/v2\/pages"}],"about":[{"href":"https:\/\/voegel.hu\/sk\/wp-json\/wp\/v2\/types\/page"}],"author":[{"embeddable":true,"href":"https:\/\/voegel.hu\/sk\/wp-json\/wp\/v2\/users\/1"}],"replies":[{"embeddable":true,"href":"https:\/\/voegel.hu\/sk\/wp-json\/wp\/v2\/comments?post=326"}],"version-history":[{"count":4,"href":"https:\/\/voegel.hu\/sk\/wp-json\/wp\/v2\/pages\/326\/revisions"}],"predecessor-version":[{"id":331,"href":"https:\/\/voegel.hu\/sk\/wp-json\/wp\/v2\/pages\/326\/revisions\/331"}],"wp:attachment":[{"href":"https:\/\/voegel.hu\/sk\/wp-json\/wp\/v2\/media?parent=326"}],"curies":[{"name":"wp","href":"https:\/\/api.w.org\/{rel}","templated":true}]}}