{"id":318,"date":"2026-01-22T02:24:06","date_gmt":"2026-01-22T01:24:06","guid":{"rendered":"https:\/\/voegel.hu\/?page_id=318"},"modified":"2026-01-22T02:29:37","modified_gmt":"2026-01-22T01:29:37","slug":"welcome-to-messe","status":"publish","type":"page","link":"https:\/\/voegel.hu\/sk\/welcome-to-messe\/","title":{"rendered":"Welcome Messe"},"content":{"rendered":"<div data-elementor-type=\"wp-page\" data-elementor-id=\"318\" class=\"elementor elementor-318\" data-elementor-post-type=\"page\">\n\t\t\t\t\t\t<section class=\"elementor-section elementor-top-section elementor-element elementor-element-8ab4030 elementor-section-boxed elementor-section-height-default elementor-section-height-default\" data-id=\"8ab4030\" data-element_type=\"section\">\n\t\t\t\t\t\t<div class=\"elementor-container elementor-column-gap-default\">\n\t\t\t\t\t<div class=\"elementor-column elementor-col-100 elementor-top-column elementor-element elementor-element-2171c1c\" data-id=\"2171c1c\" data-element_type=\"column\">\n\t\t\t<div class=\"elementor-widget-wrap elementor-element-populated\">\n\t\t\t\t\t\t<div class=\"elementor-element elementor-element-49bfe9c elementor-widget elementor-widget-image\" data-id=\"49bfe9c\" data-element_type=\"widget\" data-widget_type=\"image.default\">\n\t\t\t\t\t\t\t\t\t\t\t\t\t\t\t<img fetchpriority=\"high\" decoding=\"async\" width=\"1536\" height=\"1024\" src=\"https:\/\/voegel.hu\/wp-content\/uploads\/2026\/01\/welcome-messe.png\" class=\"attachment-full size-full wp-image-237\" alt=\"\" srcset=\"https:\/\/voegel.hu\/wp-content\/uploads\/2026\/01\/welcome-messe.png 1536w, https:\/\/voegel.hu\/wp-content\/uploads\/2026\/01\/welcome-messe-300x200.png 300w, https:\/\/voegel.hu\/wp-content\/uploads\/2026\/01\/welcome-messe-1024x683.png 1024w, https:\/\/voegel.hu\/wp-content\/uploads\/2026\/01\/welcome-messe-768x512.png 768w\" sizes=\"(max-width: 1536px) 100vw, 1536px\" \/>\t\t\t\t\t\t\t\t\t\t\t\t\t\t\t<\/div>\n\t\t\t\t\t<\/div>\n\t\t<\/div>\n\t\t\t\t\t<\/div>\n\t\t<\/section>\n\t\t\t\t<section class=\"elementor-section elementor-top-section elementor-element elementor-element-fbfda63 elementor-section-boxed elementor-section-height-default elementor-section-height-default\" data-id=\"fbfda63\" data-element_type=\"section\">\n\t\t\t\t\t\t<div class=\"elementor-container elementor-column-gap-default\">\n\t\t\t\t\t<div class=\"elementor-column elementor-col-100 elementor-top-column elementor-element elementor-element-3069940\" data-id=\"3069940\" data-element_type=\"column\">\n\t\t\t<div class=\"elementor-widget-wrap elementor-element-populated\">\n\t\t\t\t\t\t<div class=\"elementor-element elementor-element-6516635 elementor-widget elementor-widget-heading\" data-id=\"6516635\" data-element_type=\"widget\" data-widget_type=\"heading.default\">\n\t\t\t\t\t<h2 class=\"elementor-heading-title elementor-size-default\">Welcome to Messe M\u00fcnchen 2026\n<\/h2>\t\t\t\t<\/div>\n\t\t\t\t<div class=\"elementor-element elementor-element-fc348b5 elementor-widget elementor-widget-text-editor\" data-id=\"fc348b5\" data-element_type=\"widget\" data-widget_type=\"text-editor.default\">\n\t\t\t\t\t\t\t\t\t<p><span style=\"font-weight: 400;\">A Messe M\u00fcnchen a vil\u00e1g egyik vezet\u0151 v\u00e1s\u00e1rszervez\u0151je, sz\u00e9les v\u00e1s\u00e1r-, kongresszus- \u00e9s rendezv\u00e9nyportf\u00f3li\u00f3val. Ez mag\u00e1ban foglalja a vil\u00e1g 12 vezet\u0151 v\u00e1s\u00e1r\u00e1t, a vil\u00e1g legnagyobb ipar\u00e1gi esem\u00e9nyeit:\u00a0\u00a0<\/span><a href=\"https:\/\/analytica.de\/\"><span style=\"font-weight: 400;\">analytica<\/span><\/a><span style=\"font-weight: 400;\">\u00a0,\u00a0\u00a0<\/span><a href=\"https:\/\/automatica-munich.com\/\"><span style=\"font-weight: 400;\">automatica<\/span><\/a><span style=\"font-weight: 400;\">\u00a0,\u00a0\u00a0<\/span><a href=\"https:\/\/bau-muenchen.com\/\"><span style=\"font-weight: 400;\">BAU<\/span><\/a><span style=\"font-weight: 400;\">\u00a0,\u00a0\u00a0<\/span><a href=\"https:\/\/bauma.de\/\"><span style=\"font-weight: 400;\">bauma<\/span><\/a><span style=\"font-weight: 400;\">\u00a0,\u00a0\u00a0<\/span><a href=\"https:\/\/ceramitec.com\/\"><span style=\"font-weight: 400;\">ceramitec<\/span><\/a><span style=\"font-weight: 400;\">\u00a0,\u00a0\u00a0<\/span><a href=\"https:\/\/electronica.de\/\"><span style=\"font-weight: 400;\">electronica<\/span><\/a><span style=\"font-weight: 400;\">\u00a0,\u00a0\u00a0<\/span><a href=\"https:\/\/ifat.de\/\"><span style=\"font-weight: 400;\">IFAT<\/span><\/a><span style=\"font-weight: 400;\">\u00a0,\u00a0\u00a0<\/span><a href=\"https:\/\/world-of-photonics.com\/\"><span style=\"font-weight: 400;\">LASER World of PHOTONICS<\/span><\/a><span style=\"font-weight: 400;\">\u00a0,\u00a0\u00a0<\/span><a href=\"https:\/\/lopec.com\/\"><span style=\"font-weight: 400;\">LOPEC<\/span><\/a><span style=\"font-weight: 400;\">\u00a0,\u00a0\u00a0<\/span><a href=\"https:\/\/productronica.com\/\"><span style=\"font-weight: 400;\">productronica<\/span><\/a><span style=\"font-weight: 400;\">\u00a0,\u00a0\u00a0<\/span><a href=\"https:\/\/transportlogistic.de\/\"><span style=\"font-weight: 400;\">transport logistic<\/span><\/a><span style=\"font-weight: 400;\">\u00a0\u00a0a\u00a0\u00a0<\/span><a href=\"https:\/\/www.drinktec.com\/\"><span style=\"font-weight: 400;\">drinktec<\/span><\/a><span style=\"font-weight: 400;\">\u00a0.<\/span><\/p><p><span style=\"font-weight: 400;\">A v\u00e1llalat vil\u00e1gszerte platformokat k\u00edn\u00e1l ki\u00e1ll\u00edt\u00f3knak \u00e9s l\u00e1togat\u00f3knak nemzetk\u00f6zi \u00fczleti kapcsolatok kialak\u00edt\u00e1s\u00e1ra, \u00faj term\u00e9kek \u00e9s technol\u00f3gi\u00e1k felfedez\u00e9s\u00e9re, valamint tud\u00e1scser\u00e9re. A nagyk\u00f6z\u00f6ns\u00e9g sz\u00e1m\u00e1ra sikeres n\u00e9metorsz\u00e1gi szakv\u00e1s\u00e1rok k\u00f6z\u00e9 tartozik p\u00e9ld\u00e1ul az \u00e9venk\u00e9nt megrendezett utaz\u00e1si \u00e9s szabadid\u0151s szakv\u00e1s\u00e1r,\u00a0\u00a0az\u00a0<\/span><a href=\"https:\/\/free-muenchen.de\/\"><span style=\"font-weight: 400;\">f.r.e.<\/span><\/a><\/p><p><b>Ha kapcsolatba szeretne l\u00e9pni vel\u00fcnk, k\u00e9rj\u00fck, t\u00e1j\u00e9koztasson minket tervezett l\u00e1togat\u00e1s\u00e1r\u00f3l. Ez egy kiv\u00e1l\u00f3 alkalom egy szem\u00e9lyes tal\u00e1lkoz\u00f3ra, \u00e9s \u00f6r\u00f6mmel \u00fcdv\u00f6z\u00f6ln\u00e9nk \u00d6nt vend\u00e9g\u00fcnkk\u00e9nt.<\/b><\/p>\t\t\t\t\t\t\t\t<\/div>\n\t\t\t\t\t<\/div>\n\t\t<\/div>\n\t\t\t\t\t<\/div>\n\t\t<\/section>\n\t\t\t\t<\/div>","protected":false},"excerpt":{"rendered":"<p>Welcome to Messe M\u00fcnchen 2026 A Messe M\u00fcnchen a vil\u00e1g egyik vezet\u0151 v\u00e1s\u00e1rszervez\u0151je, sz\u00e9les v\u00e1s\u00e1r-, kongresszus- \u00e9s rendezv\u00e9nyportf\u00f3li\u00f3val. Ez mag\u00e1ban foglalja a vil\u00e1g 12 vezet\u0151 v\u00e1s\u00e1r\u00e1t, a vil\u00e1g legnagyobb ipar\u00e1gi esem\u00e9nyeit:\u00a0\u00a0analytica\u00a0,\u00a0\u00a0automatica\u00a0,\u00a0\u00a0BAU\u00a0,\u00a0\u00a0bauma\u00a0,\u00a0\u00a0ceramitec\u00a0,\u00a0\u00a0electronica\u00a0,\u00a0\u00a0IFAT\u00a0,\u00a0\u00a0LASER World of PHOTONICS\u00a0,\u00a0\u00a0LOPEC\u00a0,\u00a0\u00a0productronica\u00a0,\u00a0\u00a0transport logistic\u00a0\u00a0\u00e9s\u00a0\u00a0drinktec\u00a0. A v\u00e1llalat vil\u00e1gszerte platformokat k\u00edn\u00e1l ki\u00e1ll\u00edt\u00f3knak \u00e9s l\u00e1togat\u00f3knak nemzetk\u00f6zi \u00fczleti kapcsolatok kialak\u00edt\u00e1s\u00e1ra, \u00faj term\u00e9kek \u00e9s technol\u00f3gi\u00e1k felfedez\u00e9s\u00e9re, valamint tud\u00e1scser\u00e9re. A &#8230; <a title=\"Welcome Messe\" class=\"read-more\" href=\"https:\/\/voegel.hu\/sk\/welcome-to-messe\/\" aria-label=\"Pre\u010d\u00edtajte si viac o Welcome Messe\">\u010c\u00edta\u0165 viac<\/a><\/p>","protected":false},"author":1,"featured_media":0,"parent":0,"menu_order":0,"comment_status":"closed","ping_status":"closed","template":"elementor_header_footer","meta":{"footnotes":""},"class_list":["post-318","page","type-page","status-publish"],"_links":{"self":[{"href":"https:\/\/voegel.hu\/sk\/wp-json\/wp\/v2\/pages\/318","targetHints":{"allow":["GET"]}}],"collection":[{"href":"https:\/\/voegel.hu\/sk\/wp-json\/wp\/v2\/pages"}],"about":[{"href":"https:\/\/voegel.hu\/sk\/wp-json\/wp\/v2\/types\/page"}],"author":[{"embeddable":true,"href":"https:\/\/voegel.hu\/sk\/wp-json\/wp\/v2\/users\/1"}],"replies":[{"embeddable":true,"href":"https:\/\/voegel.hu\/sk\/wp-json\/wp\/v2\/comments?post=318"}],"version-history":[{"count":4,"href":"https:\/\/voegel.hu\/sk\/wp-json\/wp\/v2\/pages\/318\/revisions"}],"predecessor-version":[{"id":322,"href":"https:\/\/voegel.hu\/sk\/wp-json\/wp\/v2\/pages\/318\/revisions\/322"}],"wp:attachment":[{"href":"https:\/\/voegel.hu\/sk\/wp-json\/wp\/v2\/media?parent=318"}],"curies":[{"name":"wp","href":"https:\/\/api.w.org\/{rel}","templated":true}]}}