{"id":229,"date":"2026-01-21T12:13:52","date_gmt":"2026-01-21T11:13:52","guid":{"rendered":"https:\/\/voegel.hu\/?page_id=229"},"modified":"2026-01-24T04:22:28","modified_gmt":"2026-01-24T03:22:28","slug":"fenntarthatosag","status":"publish","type":"page","link":"https:\/\/voegel.hu\/sk\/fenntarthatosag\/","title":{"rendered":"Udr\u017eate\u013enos\u0165"},"content":{"rendered":"<div data-elementor-type=\"wp-page\" data-elementor-id=\"229\" class=\"elementor elementor-229\" data-elementor-post-type=\"page\">\n\t\t\t\t\t\t<section class=\"elementor-section elementor-top-section elementor-element elementor-element-53a8b3d elementor-section-boxed elementor-section-height-default elementor-section-height-default\" data-id=\"53a8b3d\" data-element_type=\"section\">\n\t\t\t\t\t\t<div class=\"elementor-container elementor-column-gap-default\">\n\t\t\t\t\t<div class=\"elementor-column elementor-col-100 elementor-top-column elementor-element elementor-element-e0b6a6f\" data-id=\"e0b6a6f\" data-element_type=\"column\">\n\t\t\t<div class=\"elementor-widget-wrap elementor-element-populated\">\n\t\t\t\t\t\t<div class=\"elementor-element elementor-element-c6b936e elementor-widget elementor-widget-image\" data-id=\"c6b936e\" data-element_type=\"widget\" data-widget_type=\"image.default\">\n\t\t\t\t\t\t\t\t\t\t\t\t\t\t\t<img fetchpriority=\"high\" decoding=\"async\" width=\"1340\" height=\"701\" src=\"https:\/\/voegel.hu\/wp-content\/uploads\/2026\/01\/voegel_sustainbility_png-1340x701-1.png\" class=\"attachment-full size-full wp-image-376\" alt=\"\" srcset=\"https:\/\/voegel.hu\/wp-content\/uploads\/2026\/01\/voegel_sustainbility_png-1340x701-1.png 1340w, https:\/\/voegel.hu\/wp-content\/uploads\/2026\/01\/voegel_sustainbility_png-1340x701-1-300x157.png 300w, https:\/\/voegel.hu\/wp-content\/uploads\/2026\/01\/voegel_sustainbility_png-1340x701-1-1024x536.png 1024w, https:\/\/voegel.hu\/wp-content\/uploads\/2026\/01\/voegel_sustainbility_png-1340x701-1-768x402.png 768w\" sizes=\"(max-width: 1340px) 100vw, 1340px\" \/>\t\t\t\t\t\t\t\t\t\t\t\t\t\t\t<\/div>\n\t\t\t\t\t<\/div>\n\t\t<\/div>\n\t\t\t\t\t<\/div>\n\t\t<\/section>\n\t\t\t\t<section class=\"elementor-section elementor-top-section elementor-element elementor-element-7e330cb elementor-section-boxed elementor-section-height-default elementor-section-height-default\" data-id=\"7e330cb\" data-element_type=\"section\">\n\t\t\t\t\t\t<div class=\"elementor-container elementor-column-gap-default\">\n\t\t\t\t\t<div class=\"elementor-column elementor-col-100 elementor-top-column elementor-element elementor-element-49dd35d\" data-id=\"49dd35d\" data-element_type=\"column\">\n\t\t\t<div class=\"elementor-widget-wrap elementor-element-populated\">\n\t\t\t\t\t\t<div class=\"elementor-element elementor-element-f6e7a98 elementor-widget elementor-widget-heading\" data-id=\"f6e7a98\" data-element_type=\"widget\" data-widget_type=\"heading.default\">\n\t\t\t\t\t<h2 class=\"elementor-heading-title elementor-size-default\">Udr\u017eate\u013enos\u0165<\/h2>\t\t\t\t<\/div>\n\t\t\t\t<div class=\"elementor-element elementor-element-e035feb elementor-widget elementor-widget-text-editor\" data-id=\"e035feb\" data-element_type=\"widget\" data-widget_type=\"text-editor.default\">\n\t\t\t\t\t\t\t\t\t<p><strong><span dir=\"auto\">Spolo\u010dnos\u0165 Vogel sa zaviazala pracova\u0165 zodpovedne a vytv\u00e1ra\u0165 \u010distej\u0161iu, bezpe\u010dnej\u0161iu a udr\u017eate\u013enej\u0161iu bud\u00facnos\u0165. Re\u0161pektujeme \u013eud\u00ed, \u017eivotn\u00e9 prostredie a komunity, v ktor\u00fdch p\u00f4sob\u00edme.<\/span><\/strong><\/p><p data-start=\"693\" data-end=\"909\"><span dir=\"auto\">Akt\u00edvne zav\u00e1dzame praktick\u00e9 a merate\u013en\u00e9 opatrenia, ktor\u00e9 zni\u017euj\u00fa na\u0161u environment\u00e1lnu stopu a podporuj\u00fa dlhodob\u00fa udr\u017eate\u013enos\u0165.<\/span><\/p>\t\t\t\t\t\t\t\t<\/div>\n\t\t\t\t\t<\/div>\n\t\t<\/div>\n\t\t\t\t\t<\/div>\n\t\t<\/section>\n\t\t\t\t<section class=\"elementor-section elementor-top-section elementor-element elementor-element-6521e3b elementor-section-boxed elementor-section-height-default elementor-section-height-default\" data-id=\"6521e3b\" data-element_type=\"section\">\n\t\t\t\t\t\t<div class=\"elementor-container elementor-column-gap-default\">\n\t\t\t\t\t<div class=\"elementor-column elementor-col-100 elementor-top-column elementor-element elementor-element-45d0615\" data-id=\"45d0615\" data-element_type=\"column\">\n\t\t\t<div class=\"elementor-widget-wrap elementor-element-populated\">\n\t\t\t\t\t\t<div class=\"elementor-element elementor-element-bb9f273 elementor-widget elementor-widget-heading\" data-id=\"bb9f273\" data-element_type=\"widget\" data-widget_type=\"heading.default\">\n\t\t\t\t\t<h2 class=\"elementor-heading-title elementor-size-default\">\u010co rob\u00edme, aby sme minimalizovali na\u0161u environment\u00e1lnu stopu\n<\/h2>\t\t\t\t<\/div>\n\t\t\t\t<div class=\"elementor-element elementor-element-e4c376a elementor-icon-list--layout-traditional elementor-list-item-link-full_width elementor-widget elementor-widget-icon-list\" data-id=\"e4c376a\" data-element_type=\"widget\" data-widget_type=\"icon-list.default\">\n\t\t\t\t\t\t\t<ul class=\"elementor-icon-list-items\">\n\t\t\t\t\t\t\t<li class=\"elementor-icon-list-item\">\n\t\t\t\t\t\t\t\t\t\t\t<span class=\"elementor-icon-list-icon\">\n\t\t\t\t\t\t\t<svg aria-hidden=\"true\" class=\"e-font-icon-svg e-fas-arrow-circle-right\" viewbox=\"0 0 512 512\" xmlns=\"http:\/\/www.w3.org\/2000\/svg\"><path d=\"M256 8c137 0 248 111 248 248S393 504 256 504 8 393 8 256 119 8 256 8zm-28.9 143.6l75.5 72.4H120c-13.3 0-24 10.7-24 24v16c0 13.3 10.7 24 24 24h182.6l-75.5 72.4c-9.7 9.3-9.9 24.8-.4 34.3l11 10.9c9.4 9.4 24.6 9.4 33.9 0L404.3 273c9.4-9.4 9.4-24.6 0-33.9L271.6 106.3c-9.4-9.4-24.6-9.4-33.9 0l-11 10.9c-9.5 9.6-9.3 25.1.4 34.4z\"><\/path><\/svg>\t\t\t\t\t\t<\/span>\n\t\t\t\t\t\t\t\t\t\t<span class=\"elementor-icon-list-text\">Neust\u00e1le optimalizujeme na\u0161e pr\u00edpravky s cie\u013eom zn\u00ed\u017ei\u0165 \u0161kodliv\u00e9 emisie a zlep\u0161i\u0165 environment\u00e1lne vlastnosti.<\/span>\n\t\t\t\t\t\t\t\t\t<\/li>\n\t\t\t\t\t\t\t\t<li class=\"elementor-icon-list-item\">\n\t\t\t\t\t\t\t\t\t\t\t<span class=\"elementor-icon-list-icon\">\n\t\t\t\t\t\t\t<svg aria-hidden=\"true\" class=\"e-font-icon-svg e-fas-arrow-circle-right\" viewbox=\"0 0 512 512\" xmlns=\"http:\/\/www.w3.org\/2000\/svg\"><path d=\"M256 8c137 0 248 111 248 248S393 504 256 504 8 393 8 256 119 8 256 8zm-28.9 143.6l75.5 72.4H120c-13.3 0-24 10.7-24 24v16c0 13.3 10.7 24 24 24h182.6l-75.5 72.4c-9.7 9.3-9.9 24.8-.4 34.3l11 10.9c9.4 9.4 24.6 9.4 33.9 0L404.3 273c9.4-9.4 9.4-24.6 0-33.9L271.6 106.3c-9.4-9.4-24.6-9.4-33.9 0l-11 10.9c-9.5 9.6-9.3 25.1.4 34.4z\"><\/path><\/svg>\t\t\t\t\t\t<\/span>\n\t\t\t\t\t\t\t\t\t\t<span class=\"elementor-icon-list-text\">Zav\u00e1dzame programy na zn\u00ed\u017eenie mno\u017estva odpadu vo v\u00fdrobe a logistike.<\/span>\n\t\t\t\t\t\t\t\t\t<\/li>\n\t\t\t\t\t\t\t\t<li class=\"elementor-icon-list-item\">\n\t\t\t\t\t\t\t\t\t\t\t<span class=\"elementor-icon-list-icon\">\n\t\t\t\t\t\t\t<svg aria-hidden=\"true\" class=\"e-font-icon-svg e-fas-arrow-circle-right\" viewbox=\"0 0 512 512\" xmlns=\"http:\/\/www.w3.org\/2000\/svg\"><path d=\"M256 8c137 0 248 111 248 248S393 504 256 504 8 393 8 256 119 8 256 8zm-28.9 143.6l75.5 72.4H120c-13.3 0-24 10.7-24 24v16c0 13.3 10.7 24 24 24h182.6l-75.5 72.4c-9.7 9.3-9.9 24.8-.4 34.3l11 10.9c9.4 9.4 24.6 9.4 33.9 0L404.3 273c9.4-9.4 9.4-24.6 0-33.9L271.6 106.3c-9.4-9.4-24.6-9.4-33.9 0l-11 10.9c-9.5 9.6-9.3 25.1.4 34.4z\"><\/path><\/svg>\t\t\t\t\t\t<\/span>\n\t\t\t\t\t\t\t\t\t\t<span class=\"elementor-icon-list-text\">V\u017edy, ke\u010f je to mo\u017en\u00e9, uprednost\u0148ujeme recyklovate\u013en\u00e9 obalov\u00e9 materi\u00e1ly.<\/span>\n\t\t\t\t\t\t\t\t\t<\/li>\n\t\t\t\t\t\t\t\t<li class=\"elementor-icon-list-item\">\n\t\t\t\t\t\t\t\t\t\t\t<span class=\"elementor-icon-list-icon\">\n\t\t\t\t\t\t\t<svg aria-hidden=\"true\" class=\"e-font-icon-svg e-fas-arrow-circle-right\" viewbox=\"0 0 512 512\" xmlns=\"http:\/\/www.w3.org\/2000\/svg\"><path d=\"M256 8c137 0 248 111 248 248S393 504 256 504 8 393 8 256 119 8 256 8zm-28.9 143.6l75.5 72.4H120c-13.3 0-24 10.7-24 24v16c0 13.3 10.7 24 24 24h182.6l-75.5 72.4c-9.7 9.3-9.9 24.8-.4 34.3l11 10.9c9.4 9.4 24.6 9.4 33.9 0L404.3 273c9.4-9.4 9.4-24.6 0-33.9L271.6 106.3c-9.4-9.4-24.6-9.4-33.9 0l-11 10.9c-9.5 9.6-9.3 25.1.4 34.4z\"><\/path><\/svg>\t\t\t\t\t\t<\/span>\n\t\t\t\t\t\t\t\t\t\t<span class=\"elementor-icon-list-text\">Investujeme do energeticky \u00fa\u010dinn\u00fdch technol\u00f3gi\u00ed a procesov, ktor\u00e9 zni\u017euj\u00fa celkov\u00fa spotrebu.<\/span>\n\t\t\t\t\t\t\t\t\t<\/li>\n\t\t\t\t\t\t\t\t<li class=\"elementor-icon-list-item\">\n\t\t\t\t\t\t\t\t\t\t\t<span class=\"elementor-icon-list-icon\">\n\t\t\t\t\t\t\t<svg aria-hidden=\"true\" class=\"e-font-icon-svg e-fas-arrow-circle-right\" viewbox=\"0 0 512 512\" xmlns=\"http:\/\/www.w3.org\/2000\/svg\"><path d=\"M256 8c137 0 248 111 248 248S393 504 256 504 8 393 8 256 119 8 256 8zm-28.9 143.6l75.5 72.4H120c-13.3 0-24 10.7-24 24v16c0 13.3 10.7 24 24 24h182.6l-75.5 72.4c-9.7 9.3-9.9 24.8-.4 34.3l11 10.9c9.4 9.4 24.6 9.4 33.9 0L404.3 273c9.4-9.4 9.4-24.6 0-33.9L271.6 106.3c-9.4-9.4-24.6-9.4-33.9 0l-11 10.9c-9.5 9.6-9.3 25.1.4 34.4z\"><\/path><\/svg>\t\t\t\t\t\t<\/span>\n\t\t\t\t\t\t\t\t\t\t<span class=\"elementor-icon-list-text\">Spolupracujeme s dod\u00e1vate\u013emi, ktor\u00ed dodr\u017eiavaj\u00fa z\u00e1sady zodpovedn\u00e9ho obstar\u00e1vania.<\/span>\n\t\t\t\t\t\t\t\t\t<\/li>\n\t\t\t\t\t\t<\/ul>\n\t\t\t\t\t\t<\/div>\n\t\t\t\t\t<\/div>\n\t\t<\/div>\n\t\t\t\t\t<\/div>\n\t\t<\/section>\n\t\t\t\t<section class=\"elementor-section elementor-top-section elementor-element elementor-element-d6227b0 elementor-section-boxed elementor-section-height-default elementor-section-height-default\" data-id=\"d6227b0\" data-element_type=\"section\">\n\t\t\t\t\t\t<div class=\"elementor-container elementor-column-gap-default\">\n\t\t\t\t\t<div class=\"elementor-column elementor-col-100 elementor-top-column elementor-element elementor-element-2cfba22\" data-id=\"2cfba22\" data-element_type=\"column\">\n\t\t\t<div class=\"elementor-widget-wrap elementor-element-populated\">\n\t\t\t\t\t\t<div class=\"elementor-element elementor-element-98539ac elementor-widget elementor-widget-heading\" data-id=\"98539ac\" data-element_type=\"widget\" data-widget_type=\"heading.default\">\n\t\t\t\t\t<h2 class=\"elementor-heading-title elementor-size-default\">Spolupr\u00e1ca s org\u00e1nmi\n<\/h2>\t\t\t\t<\/div>\n\t\t\t\t<div class=\"elementor-element elementor-element-c3e434e elementor-widget elementor-widget-text-editor\" data-id=\"c3e434e\" data-element_type=\"widget\" data-widget_type=\"text-editor.default\">\n\t\t\t\t\t\t\t\t\t<p data-start=\"1428\" data-end=\"1683\"><span dir=\"auto\">Spolo\u010dnos\u0165 V\u00f6gel plne sp\u013a\u0148a n\u00e1rodn\u00e9 a eur\u00f3pske predpisy.<\/span><br data-start=\"1498\" data-end=\"1501\" \/><span dir=\"auto\">Priebe\u017ene spolupracujeme s miestnymi \u00faradmi, environment\u00e1lnymi agent\u00farami a regula\u010dn\u00fdmi org\u00e1nmi, aby sme zabezpe\u010dili, \u017ee na\u0161a \u010dinnos\u0165 je v s\u00falade so v\u0161etk\u00fdmi z\u00e1konn\u00fdmi po\u017eiadavkami a priemyseln\u00fdmi normami.<\/span><\/p>\t\t\t\t\t\t\t\t<\/div>\n\t\t\t\t\t<\/div>\n\t\t<\/div>\n\t\t\t\t\t<\/div>\n\t\t<\/section>\n\t\t\t\t<section class=\"elementor-section elementor-top-section elementor-element elementor-element-5abd9e0 elementor-section-boxed elementor-section-height-default elementor-section-height-default\" data-id=\"5abd9e0\" data-element_type=\"section\">\n\t\t\t\t\t\t<div class=\"elementor-container elementor-column-gap-default\">\n\t\t\t\t\t<div class=\"elementor-column elementor-col-100 elementor-top-column elementor-element elementor-element-986f78b\" data-id=\"986f78b\" data-element_type=\"column\">\n\t\t\t<div class=\"elementor-widget-wrap elementor-element-populated\">\n\t\t\t\t\t\t<div class=\"elementor-element elementor-element-d92a563 elementor-widget elementor-widget-heading\" data-id=\"d92a563\" data-element_type=\"widget\" data-widget_type=\"heading.default\">\n\t\t\t\t\t<h2 class=\"elementor-heading-title elementor-size-default\">Na\u0161e zameranie<\/h2>\t\t\t\t<\/div>\n\t\t\t\t<div class=\"elementor-element elementor-element-219b0ac elementor-widget elementor-widget-text-editor\" data-id=\"219b0ac\" data-element_type=\"widget\" data-widget_type=\"text-editor.default\">\n\t\t\t\t\t\t\t\t\t<p data-start=\"1428\" data-end=\"1683\"><strong data-start=\"1775\" data-end=\"1795\"><span dir=\"auto\">Od rozsiahleho pod\u00e1vania spr\u00e1v o udr\u017eate\u013enosti k praktick\u00fdm opatreniam<\/span><\/strong><span dir=\"auto\">\u00a0a\u00a0<\/span><strong data-start=\"1800\" data-end=\"1829\"><span dir=\"auto\">transparentn\u00e1 komunik\u00e1cia<\/span><\/strong><span dir=\"auto\">\u00a0je na\u0161ou prioritou.<\/span><br data-start=\"1830\" data-end=\"1833\" \/><span dir=\"auto\">Zameriavame sa na zodpovedn\u00fa v\u00fdrobu, neust\u00e1le zlep\u0161ovanie a zachovanie pozit\u00edvneho vplyvu v celom hodnotovom re\u0165azci.<\/span><\/p>\t\t\t\t\t\t\t\t<\/div>\n\t\t\t\t\t<\/div>\n\t\t<\/div>\n\t\t\t\t\t<\/div>\n\t\t<\/section>\n\t\t\t\t<section class=\"elementor-section elementor-top-section elementor-element elementor-element-2282ceb elementor-section-boxed elementor-section-height-default elementor-section-height-default\" data-id=\"2282ceb\" data-element_type=\"section\">\n\t\t\t\t\t\t<div class=\"elementor-container elementor-column-gap-default\">\n\t\t\t\t\t<div class=\"elementor-column elementor-col-100 elementor-top-column elementor-element elementor-element-dd28e54\" data-id=\"dd28e54\" data-element_type=\"column\">\n\t\t\t<div class=\"elementor-widget-wrap elementor-element-populated\">\n\t\t\t\t\t\t<div class=\"elementor-element elementor-element-ca58a06 elementor-widget elementor-widget-heading\" data-id=\"ca58a06\" data-element_type=\"widget\" data-widget_type=\"heading.default\">\n\t\t\t\t\t<h2 class=\"elementor-heading-title elementor-size-default\">Pom\u00e1hame v\u00e1m\n<\/h2>\t\t\t\t<\/div>\n\t\t\t\t<div class=\"elementor-element elementor-element-79b1401 elementor-widget elementor-widget-toggle\" data-id=\"79b1401\" data-element_type=\"widget\" data-widget_type=\"toggle.default\">\n\t\t\t\t\t\t\t<div class=\"elementor-toggle\">\n\t\t\t\t\t\t\t<div class=\"elementor-toggle-item\">\n\t\t\t\t\t<div id=\"elementor-tab-title-1271\" class=\"elementor-tab-title\" data-tab=\"1\" role=\"button\" aria-controls=\"elementor-tab-content-1271\" aria-expanded=\"false\">\n\t\t\t\t\t\t\t\t\t\t\t\t<span class=\"elementor-toggle-icon elementor-toggle-icon-right\" aria-hidden=\"true\">\n\t\t\t\t\t\t\t\t\t\t\t\t\t\t\t<span class=\"elementor-toggle-icon-closed\"><svg class=\"e-font-icon-svg e-fas-chevron-down\" viewbox=\"0 0 448 512\" xmlns=\"http:\/\/www.w3.org\/2000\/svg\"><path d=\"M207.029 381.476L12.686 187.132c-9.373-9.373-9.373-24.569 0-33.941l22.667-22.667c9.357-9.357 24.522-9.375 33.901-.04L224 284.505l154.745-154.021c9.379-9.335 24.544-9.317 33.901.04l22.667 22.667c9.373 9.373 9.373 24.569 0 33.941L240.971 381.476c-9.373 9.372-24.569 9.372-33.942 0z\"><\/path><\/svg><\/span>\n\t\t\t\t\t\t\t\t<span class=\"elementor-toggle-icon-opened\"><svg class=\"elementor-toggle-icon-opened e-font-icon-svg e-fas-chevron-up\" viewbox=\"0 0 448 512\" xmlns=\"http:\/\/www.w3.org\/2000\/svg\"><path d=\"M240.971 130.524l194.343 194.343c9.373 9.373 9.373 24.569 0 33.941l-22.667 22.667c-9.357 9.357-24.522 9.375-33.901.04L224 227.495 69.255 381.516c-9.379 9.335-24.544 9.317-33.901-.04l-22.667-22.667c-9.373-9.373-9.373-24.569 0-33.941L207.03 130.525c9.372-9.373 24.568-9.373 33.941-.001z\"><\/path><\/svg><\/span>\n\t\t\t\t\t\t\t\t\t\t\t\t\t<\/span>\n\t\t\t\t\t\t\t\t\t\t\t\t<a class=\"elementor-toggle-title\" tabindex=\"0\">Kde n\u00e1jdem usmernenie k technologick\u00fdm postupom?<\/a>\n\t\t\t\t\t<\/div>\n\n\t\t\t\t\t<div id=\"elementor-tab-content-1271\" class=\"elementor-tab-content elementor-clearfix\" data-tab=\"1\" role=\"region\" aria-labelledby=\"elementor-tab-title-1271\">V\u0161etky technick\u00e9 pr\u00edru\u010dky a procesn\u00e9 pokyny s\u00fa k dispoz\u00edcii priamo na na\u0161ej n\u00e1rodnej webovej str\u00e1nke. N\u00e1\u0161 technick\u00fd t\u00edm udr\u017eiava v\u0161etky dokumenty v aktu\u00e1lnom stave, aby sa zabezpe\u010dilo bezpe\u010dn\u00e9, presn\u00e9 a udr\u017eate\u013en\u00e9 pou\u017e\u00edvanie materi\u00e1lov V\u00f6gel.<\/div>\n\t\t\t\t<\/div>\n\t\t\t\t\t\t\t<div class=\"elementor-toggle-item\">\n\t\t\t\t\t<div id=\"elementor-tab-title-1272\" class=\"elementor-tab-title\" data-tab=\"2\" role=\"button\" aria-controls=\"elementor-tab-content-1272\" aria-expanded=\"false\">\n\t\t\t\t\t\t\t\t\t\t\t\t<span class=\"elementor-toggle-icon elementor-toggle-icon-right\" aria-hidden=\"true\">\n\t\t\t\t\t\t\t\t\t\t\t\t\t\t\t<span class=\"elementor-toggle-icon-closed\"><svg class=\"e-font-icon-svg e-fas-chevron-down\" viewbox=\"0 0 448 512\" xmlns=\"http:\/\/www.w3.org\/2000\/svg\"><path d=\"M207.029 381.476L12.686 187.132c-9.373-9.373-9.373-24.569 0-33.941l22.667-22.667c9.357-9.357 24.522-9.375 33.901-.04L224 284.505l154.745-154.021c9.379-9.335 24.544-9.317 33.901.04l22.667 22.667c9.373 9.373 9.373 24.569 0 33.941L240.971 381.476c-9.373 9.372-24.569 9.372-33.942 0z\"><\/path><\/svg><\/span>\n\t\t\t\t\t\t\t\t<span class=\"elementor-toggle-icon-opened\"><svg class=\"elementor-toggle-icon-opened e-font-icon-svg e-fas-chevron-up\" viewbox=\"0 0 448 512\" xmlns=\"http:\/\/www.w3.org\/2000\/svg\"><path d=\"M240.971 130.524l194.343 194.343c9.373 9.373 9.373 24.569 0 33.941l-22.667 22.667c-9.357 9.357-24.522 9.375-33.901.04L224 227.495 69.255 381.516c-9.379 9.335-24.544 9.317-33.901-.04l-22.667-22.667c-9.373-9.373-9.373-24.569 0-33.941L207.03 130.525c9.372-9.373 24.568-9.373 33.941-.001z\"><\/path><\/svg><\/span>\n\t\t\t\t\t\t\t\t\t\t\t\t\t<\/span>\n\t\t\t\t\t\t\t\t\t\t\t\t<a class=\"elementor-toggle-title\" tabindex=\"0\">Ako spolo\u010dnos\u0165 V\u00f6gel podporuje udr\u017eate\u013enos\u0165 vo v\u00fdrobe?<\/a>\n\t\t\t\t\t<\/div>\n\n\t\t\t\t\t<div id=\"elementor-tab-content-1272\" class=\"elementor-tab-content elementor-clearfix\" data-tab=\"2\" role=\"region\" aria-labelledby=\"elementor-tab-title-1272\"><div class=\"help-item active\"><div class=\"help-item-content\"><span dir=\"auto\">Zni\u017eujeme mno\u017estvo odpadu, optimalizujeme \u00fa\u010dinnos\u0165 materi\u00e1lov a vyv\u00edjame v\u00fdrobky s dlhou \u017eivotnos\u0165ou, ktor\u00e9 minimalizuj\u00fa vplyv na \u017eivotn\u00e9 prostredie. V spolo\u010dnosti Vogel nie je udr\u017eate\u013enos\u0165 trendom - je z\u00e1kladom na\u0161ej in\u017einierskej filozofie.<\/span><\/div><\/div><div class=\"help-item\">\u00a0<\/div><\/div>\n\t\t\t\t<\/div>\n\t\t\t\t\t\t\t<div class=\"elementor-toggle-item\">\n\t\t\t\t\t<div id=\"elementor-tab-title-1273\" class=\"elementor-tab-title\" data-tab=\"3\" role=\"button\" aria-controls=\"elementor-tab-content-1273\" aria-expanded=\"false\">\n\t\t\t\t\t\t\t\t\t\t\t\t<span class=\"elementor-toggle-icon elementor-toggle-icon-right\" aria-hidden=\"true\">\n\t\t\t\t\t\t\t\t\t\t\t\t\t\t\t<span class=\"elementor-toggle-icon-closed\"><svg class=\"e-font-icon-svg e-fas-chevron-down\" viewbox=\"0 0 448 512\" xmlns=\"http:\/\/www.w3.org\/2000\/svg\"><path d=\"M207.029 381.476L12.686 187.132c-9.373-9.373-9.373-24.569 0-33.941l22.667-22.667c9.357-9.357 24.522-9.375 33.901-.04L224 284.505l154.745-154.021c9.379-9.335 24.544-9.317 33.901.04l22.667 22.667c9.373 9.373 9.373 24.569 0 33.941L240.971 381.476c-9.373 9.372-24.569 9.372-33.942 0z\"><\/path><\/svg><\/span>\n\t\t\t\t\t\t\t\t<span class=\"elementor-toggle-icon-opened\"><svg class=\"elementor-toggle-icon-opened e-font-icon-svg e-fas-chevron-up\" viewbox=\"0 0 448 512\" xmlns=\"http:\/\/www.w3.org\/2000\/svg\"><path d=\"M240.971 130.524l194.343 194.343c9.373 9.373 9.373 24.569 0 33.941l-22.667 22.667c-9.357 9.357-24.522 9.375-33.901.04L224 227.495 69.255 381.516c-9.379 9.335-24.544 9.317-33.901-.04l-22.667-22.667c-9.373-9.373-9.373-24.569 0-33.941L207.03 130.525c9.372-9.373 24.568-9.373 33.941-.001z\"><\/path><\/svg><\/span>\n\t\t\t\t\t\t\t\t\t\t\t\t\t<\/span>\n\t\t\t\t\t\t\t\t\t\t\t\t<a class=\"elementor-toggle-title\" tabindex=\"0\">Pon\u00faka\u0161 odborn\u00fa pomoc pre potreby konkr\u00e9tneho projektu?<\/a>\n\t\t\t\t\t<\/div>\n\n\t\t\t\t\t<div id=\"elementor-tab-content-1273\" class=\"elementor-tab-content elementor-clearfix\" data-tab=\"3\" role=\"region\" aria-labelledby=\"elementor-tab-title-1273\"><div class=\"help-item active\"><div class=\"help-item-content\"><div class=\"help-item active\"><div class=\"help-item-content\"><span dir=\"auto\">\u00c1no. Na\u0161i odborn\u00edci s\u00fa pripraven\u00ed podpori\u0165 v\u00e1s individu\u00e1lnymi odpor\u00fa\u010daniami, v\u00fdberom materi\u00e1lu a konzult\u00e1ciami na mieste, aby v\u00e1\u0161 projekt sp\u013a\u0148al najvy\u0161\u0161ie kvalitat\u00edvne a environment\u00e1lne normy.<\/span><\/div><\/div><div class=\"help-item\">\u00a0<\/div><\/div><\/div><div class=\"help-item\">\u00a0<\/div><\/div>\n\t\t\t\t<\/div>\n\t\t\t\t\t\t\t<div class=\"elementor-toggle-item\">\n\t\t\t\t\t<div id=\"elementor-tab-title-1274\" class=\"elementor-tab-title\" data-tab=\"4\" role=\"button\" aria-controls=\"elementor-tab-content-1274\" aria-expanded=\"false\">\n\t\t\t\t\t\t\t\t\t\t\t\t<span class=\"elementor-toggle-icon elementor-toggle-icon-right\" aria-hidden=\"true\">\n\t\t\t\t\t\t\t\t\t\t\t\t\t\t\t<span class=\"elementor-toggle-icon-closed\"><svg class=\"e-font-icon-svg e-fas-chevron-down\" viewbox=\"0 0 448 512\" xmlns=\"http:\/\/www.w3.org\/2000\/svg\"><path d=\"M207.029 381.476L12.686 187.132c-9.373-9.373-9.373-24.569 0-33.941l22.667-22.667c9.357-9.357 24.522-9.375 33.901-.04L224 284.505l154.745-154.021c9.379-9.335 24.544-9.317 33.901.04l22.667 22.667c9.373 9.373 9.373 24.569 0 33.941L240.971 381.476c-9.373 9.372-24.569 9.372-33.942 0z\"><\/path><\/svg><\/span>\n\t\t\t\t\t\t\t\t<span class=\"elementor-toggle-icon-opened\"><svg class=\"elementor-toggle-icon-opened e-font-icon-svg e-fas-chevron-up\" viewbox=\"0 0 448 512\" xmlns=\"http:\/\/www.w3.org\/2000\/svg\"><path d=\"M240.971 130.524l194.343 194.343c9.373 9.373 9.373 24.569 0 33.941l-22.667 22.667c-9.357 9.357-24.522 9.375-33.901.04L224 227.495 69.255 381.516c-9.379 9.335-24.544 9.317-33.901-.04l-22.667-22.667c-9.373-9.373-9.373-24.569 0-33.941L207.03 130.525c9.372-9.373 24.568-9.373 33.941-.001z\"><\/path><\/svg><\/span>\n\t\t\t\t\t\t\t\t\t\t\t\t\t<\/span>\n\t\t\t\t\t\t\t\t\t\t\t\t<a class=\"elementor-toggle-title\" tabindex=\"0\">Pon\u00faka\u0161 odborn\u00fa pomoc pre potreby konkr\u00e9tneho projektu?<\/a>\n\t\t\t\t\t<\/div>\n\n\t\t\t\t\t<div id=\"elementor-tab-content-1274\" class=\"elementor-tab-content elementor-clearfix\" data-tab=\"4\" role=\"region\" aria-labelledby=\"elementor-tab-title-1274\"><div class=\"help-item active\"><div class=\"help-item-content\"><div class=\"help-item active\"><div class=\"help-item-content\"><div class=\"content-wrapper content-wrapper-sidebar-position-none\"><div class=\"content\"><div id=\"service-850\" class=\"single-service\"><div class=\"service-post-content\"><div class=\"help-wrapper\"><div class=\"help-item active\"><div class=\"help-item-content\"><span dir=\"auto\">M\u00f4\u017eete n\u00e1s kontaktova\u0165 aj prostredn\u00edctvom kontaktn\u00e9ho formul\u00e1ra, e-mailu alebo telefonicky. Uve\u010fte, pros\u00edm, preferovan\u00fd \u010das stretnutia - v\u0161etky osobn\u00e9 stretnutia s\u00fa v\u00edtan\u00e9 a v\u017edy v\u00edtan\u00e9.<\/span><\/div><\/div><\/div><\/div><\/div><\/div><\/div><footer class=\"footer footer-type-1\"><\/footer><\/div><\/div><div class=\"help-item\">\u00a0<\/div><\/div><\/div><div class=\"help-item\">\u00a0<\/div><\/div>\n\t\t\t\t<\/div>\n\t\t\t\t\t\t\t\t<\/div>\n\t\t\t\t\t\t<\/div>\n\t\t\t\t\t<\/div>\n\t\t<\/div>\n\t\t\t\t\t<\/div>\n\t\t<\/section>\n\t\t\t\t<\/div>","protected":false},"excerpt":{"rendered":"<p>Fenntarthat\u00f3s\u00e1g A V\u00f6geln\u00e9l elk\u00f6telezettek vagyunk a felel\u0151ss\u00e9gteljes m\u0171k\u00f6d\u00e9s \u00e9s a tiszt\u00e1bb, biztons\u00e1gosabb \u00e9s fenntarthat\u00f3bb j\u00f6v\u0151 megteremt\u00e9se ir\u00e1nt. Tiszteletben tartjuk az embereket, a k\u00f6rnyezetet \u00e9s azokat a k\u00f6z\u00f6ss\u00e9geket, amelyekben m\u0171k\u00f6d\u00fcnk. Akt\u00edvan v\u00e9grehajtunk gyakorlatias \u00e9s m\u00e9rhet\u0151 int\u00e9zked\u00e9seket, amelyek cs\u00f6kkentik k\u00f6rnyezeti l\u00e1bnyomunkat \u00e9s t\u00e1mogatj\u00e1k a hossz\u00fa t\u00e1v\u00fa fenntarthat\u00f3s\u00e1got. Mit tesz\u00fcnk k\u00f6rnyezeti l\u00e1bnyomunk minimaliz\u00e1l\u00e1sa \u00e9rdek\u00e9ben Folyamatosan optimaliz\u00e1ljuk \u00f6sszet\u00e9teleinket a &#8230; <a title=\"Udr\u017eate\u013enos\u0165\" class=\"read-more\" href=\"https:\/\/voegel.hu\/sk\/fenntarthatosag\/\" aria-label=\"Pre\u010d\u00edtajte si viac o Fenntarthat\u00f3s\u00e1g\">\u010c\u00edta\u0165 viac<\/a><\/p>","protected":false},"author":1,"featured_media":0,"parent":0,"menu_order":0,"comment_status":"closed","ping_status":"closed","template":"elementor_header_footer","meta":{"footnotes":""},"class_list":["post-229","page","type-page","status-publish"],"_links":{"self":[{"href":"https:\/\/voegel.hu\/sk\/wp-json\/wp\/v2\/pages\/229","targetHints":{"allow":["GET"]}}],"collection":[{"href":"https:\/\/voegel.hu\/sk\/wp-json\/wp\/v2\/pages"}],"about":[{"href":"https:\/\/voegel.hu\/sk\/wp-json\/wp\/v2\/types\/page"}],"author":[{"embeddable":true,"href":"https:\/\/voegel.hu\/sk\/wp-json\/wp\/v2\/users\/1"}],"replies":[{"embeddable":true,"href":"https:\/\/voegel.hu\/sk\/wp-json\/wp\/v2\/comments?post=229"}],"version-history":[{"count":13,"href":"https:\/\/voegel.hu\/sk\/wp-json\/wp\/v2\/pages\/229\/revisions"}],"predecessor-version":[{"id":383,"href":"https:\/\/voegel.hu\/sk\/wp-json\/wp\/v2\/pages\/229\/revisions\/383"}],"wp:attachment":[{"href":"https:\/\/voegel.hu\/sk\/wp-json\/wp\/v2\/media?parent=229"}],"curies":[{"name":"wp","href":"https:\/\/api.w.org\/{rel}","templated":true}]}}