{"id":384,"date":"2026-01-24T04:26:01","date_gmt":"2026-01-24T03:26:01","guid":{"rendered":"https:\/\/voegel.hu\/?page_id=384"},"modified":"2026-01-24T04:32:07","modified_gmt":"2026-01-24T03:32:07","slug":"vallalati-informaciok","status":"publish","type":"page","link":"https:\/\/voegel.hu\/ro\/vallalati-informaciok\/","title":{"rendered":"Informa\u021bii despre companie"},"content":{"rendered":"<div data-elementor-type=\"wp-page\" data-elementor-id=\"384\" class=\"elementor elementor-384\" data-elementor-post-type=\"page\">\n\t\t\t\t\t\t<section class=\"elementor-section elementor-top-section elementor-element elementor-element-d1745d9 elementor-section-boxed elementor-section-height-default elementor-section-height-default\" data-id=\"d1745d9\" data-element_type=\"section\">\n\t\t\t\t\t\t<div class=\"elementor-container elementor-column-gap-default\">\n\t\t\t\t\t<div class=\"elementor-column elementor-col-100 elementor-top-column elementor-element elementor-element-db22995\" data-id=\"db22995\" data-element_type=\"column\">\n\t\t\t<div class=\"elementor-widget-wrap elementor-element-populated\">\n\t\t\t\t\t\t<div class=\"elementor-element elementor-element-3746ae7 elementor-widget elementor-widget-heading\" data-id=\"3746ae7\" data-element_type=\"widget\" data-widget_type=\"heading.default\">\n\t\t\t\t\t<h2 class=\"elementor-heading-title elementor-size-default\">Despre Grupul V\u00f6gel<\/h2>\t\t\t\t<\/div>\n\t\t\t\t<div class=\"elementor-element elementor-element-15e511f elementor-widget elementor-widget-text-editor\" data-id=\"15e511f\" data-element_type=\"widget\" data-widget_type=\"text-editor.default\">\n\t\t\t\t\t\t\t\t\t<p data-start=\"236\" data-end=\"499\"><span dir=\"auto\">Viziunea fondatorilor V\u00f6gel \u0219i misiunea \u0219i strategia Grupului V\u00f6gel reprezint\u0103 fundamentul succesului nostru. \u00cempreun\u0103 cu valorile noastre corporative, acestea ofer\u0103 un punct de plecare excelent pentru atingerea obiectivelor noastre ambi\u021bioase de cre\u0219tere.<\/span><\/p>\t\t\t\t\t\t\t\t<\/div>\n\t\t\t\t\t<\/div>\n\t\t<\/div>\n\t\t\t\t\t<\/div>\n\t\t<\/section>\n\t\t\t\t<section class=\"elementor-section elementor-top-section elementor-element elementor-element-a4ec706 elementor-section-boxed elementor-section-height-default elementor-section-height-default\" data-id=\"a4ec706\" data-element_type=\"section\">\n\t\t\t\t\t\t<div class=\"elementor-container elementor-column-gap-default\">\n\t\t\t\t\t<div class=\"elementor-column elementor-col-100 elementor-top-column elementor-element elementor-element-22d5df2\" data-id=\"22d5df2\" data-element_type=\"column\">\n\t\t\t<div class=\"elementor-widget-wrap elementor-element-populated\">\n\t\t\t\t\t\t<div class=\"elementor-element elementor-element-ab51f45 elementor-widget elementor-widget-heading\" data-id=\"ab51f45\" data-element_type=\"widget\" data-widget_type=\"heading.default\">\n\t\t\t\t\t<h2 class=\"elementor-heading-title elementor-size-default\">Leadership\n<\/h2>\t\t\t\t<\/div>\n\t\t\t\t<div class=\"elementor-element elementor-element-67230fd elementor-widget elementor-widget-text-editor\" data-id=\"67230fd\" data-element_type=\"widget\" data-widget_type=\"text-editor.default\">\n\t\t\t\t\t\t\t\t\t<p data-start=\"1119\" data-end=\"1359\"><span dir=\"auto\">Valorile noastre corporative sunt o prioritate pentru V\u00f6gel. Membrii conducerii \u0219i ai consiliului nostru au o gam\u0103 larg\u0103 de experien\u021b\u0103 \u0219i expertiz\u0103 \u0219i se angajeaz\u0103 s\u0103 includ\u0103 aceste valori \u00een dezvoltarea viitoare a grupului.<\/span><\/p>\t\t\t\t\t\t\t\t<\/div>\n\t\t\t\t\t<\/div>\n\t\t<\/div>\n\t\t\t\t\t<\/div>\n\t\t<\/section>\n\t\t\t\t<section class=\"elementor-section elementor-top-section elementor-element elementor-element-dbc6b33 elementor-section-boxed elementor-section-height-default elementor-section-height-default\" data-id=\"dbc6b33\" data-element_type=\"section\">\n\t\t\t\t\t\t<div class=\"elementor-container elementor-column-gap-default\">\n\t\t\t\t\t<div class=\"elementor-column elementor-col-100 elementor-top-column elementor-element elementor-element-aad5baa\" data-id=\"aad5baa\" data-element_type=\"column\">\n\t\t\t<div class=\"elementor-widget-wrap elementor-element-populated\">\n\t\t\t\t\t\t<div class=\"elementor-element elementor-element-c4e1a36 elementor-widget elementor-widget-heading\" data-id=\"c4e1a36\" data-element_type=\"widget\" data-widget_type=\"heading.default\">\n\t\t\t\t\t<h2 class=\"elementor-heading-title elementor-size-default\">Sponsoriz\u0103ri \u0219i parteneriate\n<\/h2>\t\t\t\t<\/div>\n\t\t\t\t<div class=\"elementor-element elementor-element-96bb69f elementor-widget elementor-widget-text-editor\" data-id=\"96bb69f\" data-element_type=\"widget\" data-widget_type=\"text-editor.default\">\n\t\t\t\t\t\t\t\t\t<p data-start=\"1393\" data-end=\"1651\"><span dir=\"auto\">La Vogel, credem \u00een construirea de rela\u021bii semnificative - cu clien\u021bii, partenerii \u0219i comunit\u0103\u021bile noastre. Ca parte a acestui angajament, particip\u0103m activ la alian\u021be industriale \u0219i sus\u021binem evenimente cheie care sporesc vizibilitatea, inova\u021bia \u0219i colaborarea \u00een industrie.<\/span><\/p>\t\t\t\t\t\t\t\t<\/div>\n\t\t\t\t\t<\/div>\n\t\t<\/div>\n\t\t\t\t\t<\/div>\n\t\t<\/section>\n\t\t\t\t<section class=\"elementor-section elementor-top-section elementor-element elementor-element-c069a16 elementor-section-boxed elementor-section-height-default elementor-section-height-default\" data-id=\"c069a16\" data-element_type=\"section\">\n\t\t\t\t\t\t<div class=\"elementor-container elementor-column-gap-default\">\n\t\t\t\t\t<div class=\"elementor-column elementor-col-100 elementor-top-column elementor-element elementor-element-e07d7d8\" data-id=\"e07d7d8\" data-element_type=\"column\">\n\t\t\t<div class=\"elementor-widget-wrap elementor-element-populated\">\n\t\t\t\t\t\t<div class=\"elementor-element elementor-element-e3ceab8 elementor-widget elementor-widget-heading\" data-id=\"e3ceab8\" data-element_type=\"widget\" data-widget_type=\"heading.default\">\n\t\t\t\t\t<h2 class=\"elementor-heading-title elementor-size-default\">Istoric\n<\/h2>\t\t\t\t<\/div>\n\t\t\t\t<div class=\"elementor-element elementor-element-f2f6efe elementor-widget elementor-widget-text-editor\" data-id=\"f2f6efe\" data-element_type=\"widget\" data-widget_type=\"text-editor.default\">\n\t\t\t\t\t\t\t\t\t<p data-start=\"1667\" data-end=\"1944\"><span dir=\"auto\">Istoria Grupului V\u00f6gel este construit\u0103 pe decenii de antreprenoriat, extindere a exporturilor, inova\u021bie tehnologic\u0103 \u0219i achizi\u021bii strategice. De la \u00eenceputuri modeste p\u00e2n\u0103 la a deveni o companie industrial\u0103 modern\u0103, c\u0103l\u0103toria noastr\u0103 a fost definit\u0103 prin munc\u0103 grea, ambi\u021bie \u0219i inovare constant\u0103.<\/span><\/p>\t\t\t\t\t\t\t\t<\/div>\n\t\t\t\t\t<\/div>\n\t\t<\/div>\n\t\t\t\t\t<\/div>\n\t\t<\/section>\n\t\t\t\t<section class=\"elementor-section elementor-top-section elementor-element elementor-element-95ec3f0 elementor-section-boxed elementor-section-height-default elementor-section-height-default\" data-id=\"95ec3f0\" data-element_type=\"section\">\n\t\t\t\t\t\t<div class=\"elementor-container elementor-column-gap-default\">\n\t\t\t\t\t<div class=\"elementor-column elementor-col-100 elementor-top-column elementor-element elementor-element-b5b7ffa\" data-id=\"b5b7ffa\" data-element_type=\"column\">\n\t\t\t<div class=\"elementor-widget-wrap elementor-element-populated\">\n\t\t\t\t\t\t<div class=\"elementor-element elementor-element-5ac6144 elementor-align-center elementor-widget elementor-widget-button\" data-id=\"5ac6144\" data-element_type=\"widget\" data-widget_type=\"button.default\">\n\t\t\t\t\t\t\t\t\t\t<a class=\"elementor-button elementor-button-link elementor-size-sm\" href=\"https:\/\/voegel.hu\/ro\/celunk\/\">\n\t\t\t\t\t\t<span class=\"elementor-button-content-wrapper\">\n\t\t\t\t\t\t\t\t\t<span class=\"elementor-button-text\">Alte informa\u021bii importante<\/span>\n\t\t\t\t\t<\/span>\n\t\t\t\t\t<\/a>\n\t\t\t\t\t\t\t\t<\/div>\n\t\t\t\t\t<\/div>\n\t\t<\/div>\n\t\t\t\t\t<\/div>\n\t\t<\/section>\n\t\t\t\t<\/div>","protected":false},"excerpt":{"rendered":"<p>A V\u00f6gel Csoportr\u00f3l A V\u00f6gel alap\u00edt\u00f3inak j\u00f6v\u0151k\u00e9pe, valamint a V\u00f6gel Csoport k\u00fcldet\u00e9se \u00e9s strat\u00e9gi\u00e1ja alkotja siker\u00fcnk alapj\u00e1t. Az \u00e1ltalunk \u00e1polt v\u00e1llalati \u00e9rt\u00e9kekkel egy\u00fctt kiv\u00e1l\u00f3 kiindul\u00f3pontot biztos\u00edtanak ambici\u00f3zus n\u00f6veked\u00e9si c\u00e9ljaink el\u00e9r\u00e9s\u00e9hez. Vezet\u00e9s V\u00e1llalati \u00e9rt\u00e9keink kiemelt fontoss\u00e1g\u00faak a V\u00f6gel szervezet\u00e9ben. Vezet\u0151s\u00e9g\u00fcnk \u00e9s igazgat\u00f3tan\u00e1csunk tagjai sz\u00e9lesk\u00f6r\u0171 tapasztalattal \u00e9s szak\u00e9rtelemmel rendelkeznek \u2013 \u00e9s elk\u00f6telezettek amellett, hogy ezeket az \u00e9rt\u00e9keket &#8230; <a title=\"Informa\u021bii despre companie\" class=\"read-more\" href=\"https:\/\/voegel.hu\/ro\/vallalati-informaciok\/\" aria-label=\"Cite\u0219te mai multe despre V\u00e1llalati inform\u00e1ci\u00f3k\">Cite\u0219te mai mult<\/a><\/p>","protected":false},"author":1,"featured_media":0,"parent":0,"menu_order":0,"comment_status":"closed","ping_status":"closed","template":"elementor_header_footer","meta":{"footnotes":""},"class_list":["post-384","page","type-page","status-publish"],"_links":{"self":[{"href":"https:\/\/voegel.hu\/ro\/wp-json\/wp\/v2\/pages\/384","targetHints":{"allow":["GET"]}}],"collection":[{"href":"https:\/\/voegel.hu\/ro\/wp-json\/wp\/v2\/pages"}],"about":[{"href":"https:\/\/voegel.hu\/ro\/wp-json\/wp\/v2\/types\/page"}],"author":[{"embeddable":true,"href":"https:\/\/voegel.hu\/ro\/wp-json\/wp\/v2\/users\/1"}],"replies":[{"embeddable":true,"href":"https:\/\/voegel.hu\/ro\/wp-json\/wp\/v2\/comments?post=384"}],"version-history":[{"count":7,"href":"https:\/\/voegel.hu\/ro\/wp-json\/wp\/v2\/pages\/384\/revisions"}],"predecessor-version":[{"id":392,"href":"https:\/\/voegel.hu\/ro\/wp-json\/wp\/v2\/pages\/384\/revisions\/392"}],"wp:attachment":[{"href":"https:\/\/voegel.hu\/ro\/wp-json\/wp\/v2\/media?parent=384"}],"curies":[{"name":"wp","href":"https:\/\/api.w.org\/{rel}","templated":true}]}}