{"id":264,"date":"2026-01-21T14:43:59","date_gmt":"2026-01-21T13:43:59","guid":{"rendered":"https:\/\/voegel.hu\/?page_id=264"},"modified":"2026-01-21T15:06:13","modified_gmt":"2026-01-21T14:06:13","slug":"qr-kod","status":"publish","type":"page","link":"https:\/\/voegel.hu\/ro\/qr-kod\/","title":{"rendered":"QR-k\u00f3d"},"content":{"rendered":"<div data-elementor-type=\"wp-page\" data-elementor-id=\"264\" class=\"elementor elementor-264\" data-elementor-post-type=\"page\">\n\t\t\t\t\t\t<section class=\"elementor-section elementor-top-section elementor-element elementor-element-e0f0f1f elementor-section-boxed elementor-section-height-default elementor-section-height-default\" data-id=\"e0f0f1f\" data-element_type=\"section\">\n\t\t\t\t\t\t<div class=\"elementor-container elementor-column-gap-default\">\n\t\t\t\t\t<div class=\"elementor-column elementor-col-100 elementor-top-column elementor-element elementor-element-33f6fb8\" data-id=\"33f6fb8\" data-element_type=\"column\">\n\t\t\t<div class=\"elementor-widget-wrap elementor-element-populated\">\n\t\t\t\t\t\t<div class=\"elementor-element elementor-element-9ac8cad elementor-widget elementor-widget-image\" data-id=\"9ac8cad\" data-element_type=\"widget\" data-widget_type=\"image.default\">\n\t\t\t\t\t\t\t\t\t\t\t\t\t\t\t<img fetchpriority=\"high\" decoding=\"async\" width=\"1536\" height=\"1024\" src=\"https:\/\/voegel.hu\/wp-content\/uploads\/2026\/01\/nepszeru-jobb.png\" class=\"attachment-full size-full wp-image-236\" alt=\"\" srcset=\"https:\/\/voegel.hu\/wp-content\/uploads\/2026\/01\/nepszeru-jobb.png 1536w, https:\/\/voegel.hu\/wp-content\/uploads\/2026\/01\/nepszeru-jobb-300x200.png 300w, https:\/\/voegel.hu\/wp-content\/uploads\/2026\/01\/nepszeru-jobb-1024x683.png 1024w, https:\/\/voegel.hu\/wp-content\/uploads\/2026\/01\/nepszeru-jobb-768x512.png 768w\" sizes=\"(max-width: 1536px) 100vw, 1536px\" \/>\t\t\t\t\t\t\t\t\t\t\t\t\t\t\t<\/div>\n\t\t\t\t\t<\/div>\n\t\t<\/div>\n\t\t\t\t\t<\/div>\n\t\t<\/section>\n\t\t\t\t<section class=\"elementor-section elementor-top-section elementor-element elementor-element-dffe716 elementor-section-boxed elementor-section-height-default elementor-section-height-default\" data-id=\"dffe716\" data-element_type=\"section\">\n\t\t\t\t\t\t<div class=\"elementor-container elementor-column-gap-default\">\n\t\t\t\t\t<div class=\"elementor-column elementor-col-100 elementor-top-column elementor-element elementor-element-e1a3ce9\" data-id=\"e1a3ce9\" data-element_type=\"column\">\n\t\t\t<div class=\"elementor-widget-wrap elementor-element-populated\">\n\t\t\t\t\t\t<div class=\"elementor-element elementor-element-9743715 elementor-widget elementor-widget-heading\" data-id=\"9743715\" data-element_type=\"widget\" data-widget_type=\"heading.default\">\n\t\t\t\t\t<h2 class=\"elementor-heading-title elementor-size-default\">R\u0103spunsul la fiecare produs V\u00f6gel - un cod QR<\/h2>\t\t\t\t<\/div>\n\t\t\t\t<div class=\"elementor-element elementor-element-edf3e53 elementor-widget elementor-widget-text-editor\" data-id=\"edf3e53\" data-element_type=\"widget\" data-widget_type=\"text-editor.default\">\n\t\t\t\t\t\t\t\t\t<p class=\"s2\"><span style=\"font-weight: 400;\">Codul QR de pe ambalajul produselor V\u00f6gel nu este o decora\u021biune, ci un ajutor real. Cu o singur\u0103 scanare, pute\u021bi accesa instruc\u021biunile video care <\/span><b>pas cu pas<\/b><span style=\"font-weight: 400;\"> v\u0103 arat\u0103 cum s\u0103 utiliza\u021bi corect produsul.<\/span><\/p>\t\t\t\t\t\t\t\t<\/div>\n\t\t\t\t\t<\/div>\n\t\t<\/div>\n\t\t\t\t\t<\/div>\n\t\t<\/section>\n\t\t\t\t<section class=\"elementor-section elementor-top-section elementor-element elementor-element-689a839 elementor-section-boxed elementor-section-height-default elementor-section-height-default\" data-id=\"689a839\" data-element_type=\"section\">\n\t\t\t\t\t\t<div class=\"elementor-container elementor-column-gap-default\">\n\t\t\t\t\t<div class=\"elementor-column elementor-col-100 elementor-top-column elementor-element elementor-element-ed385c0\" data-id=\"ed385c0\" data-element_type=\"column\">\n\t\t\t<div class=\"elementor-widget-wrap elementor-element-populated\">\n\t\t\t\t\t\t<section class=\"elementor-section elementor-inner-section elementor-element elementor-element-eacf027 elementor-section-boxed elementor-section-height-default elementor-section-height-default\" data-id=\"eacf027\" data-element_type=\"section\">\n\t\t\t\t\t\t<div class=\"elementor-container elementor-column-gap-default\">\n\t\t\t\t\t<div class=\"elementor-column elementor-col-50 elementor-inner-column elementor-element elementor-element-e30e1f9\" data-id=\"e30e1f9\" data-element_type=\"column\">\n\t\t\t<div class=\"elementor-widget-wrap elementor-element-populated\">\n\t\t\t\t\t\t<div class=\"elementor-element elementor-element-126811d elementor-widget elementor-widget-image\" data-id=\"126811d\" data-element_type=\"widget\" data-widget_type=\"image.default\">\n\t\t\t\t\t\t\t\t\t\t\t\t\t\t\t<img decoding=\"async\" width=\"1024\" height=\"1536\" src=\"https:\/\/voegel.hu\/wp-content\/uploads\/2026\/01\/nepszeru-jobb-blog-kep-1.png\" class=\"attachment-full size-full wp-image-268\" alt=\"\" srcset=\"https:\/\/voegel.hu\/wp-content\/uploads\/2026\/01\/nepszeru-jobb-blog-kep-1.png 1024w, https:\/\/voegel.hu\/wp-content\/uploads\/2026\/01\/nepszeru-jobb-blog-kep-1-200x300.png 200w, https:\/\/voegel.hu\/wp-content\/uploads\/2026\/01\/nepszeru-jobb-blog-kep-1-683x1024.png 683w, https:\/\/voegel.hu\/wp-content\/uploads\/2026\/01\/nepszeru-jobb-blog-kep-1-768x1152.png 768w\" sizes=\"(max-width: 1024px) 100vw, 1024px\" \/>\t\t\t\t\t\t\t\t\t\t\t\t\t\t\t<\/div>\n\t\t\t\t\t<\/div>\n\t\t<\/div>\n\t\t\t\t<div class=\"elementor-column elementor-col-50 elementor-inner-column elementor-element elementor-element-da7c479\" data-id=\"da7c479\" data-element_type=\"column\">\n\t\t\t<div class=\"elementor-widget-wrap elementor-element-populated\">\n\t\t\t\t\t\t<div class=\"elementor-element elementor-element-2c8d163 elementor-widget elementor-widget-heading\" data-id=\"2c8d163\" data-element_type=\"widget\" data-widget_type=\"heading.default\">\n\t\t\t\t\t<h2 class=\"elementor-heading-title elementor-size-default\">Nu este nevoie s\u0103 parcurge\u021bi descrieri lungi sau s\u0103 ghici\u021bi. Videoclipurile r\u0103spund la \u00eentreb\u0103ri frecvente \u00eentr-un mod practic \u0219i u\u0219or de \u00een\u021beles:<\/h2>\t\t\t\t<\/div>\n\t\t\t\t<div class=\"elementor-element elementor-element-c32ae27 elementor-icon-list--layout-traditional elementor-list-item-link-full_width elementor-widget elementor-widget-icon-list\" data-id=\"c32ae27\" data-element_type=\"widget\" data-widget_type=\"icon-list.default\">\n\t\t\t\t\t\t\t<ul class=\"elementor-icon-list-items\">\n\t\t\t\t\t\t\t<li class=\"elementor-icon-list-item\">\n\t\t\t\t\t\t\t\t\t\t\t<span class=\"elementor-icon-list-icon\">\n\t\t\t\t\t\t\t<svg aria-hidden=\"true\" class=\"e-font-icon-svg e-fas-check-circle\" viewbox=\"0 0 512 512\" xmlns=\"http:\/\/www.w3.org\/2000\/svg\"><path d=\"M504 256c0 136.967-111.033 248-248 248S8 392.967 8 256 119.033 8 256 8s248 111.033 248 248zM227.314 387.314l184-184c6.248-6.248 6.248-16.379 0-22.627l-22.627-22.627c-6.248-6.249-16.379-6.249-22.628 0L216 308.118l-70.059-70.059c-6.248-6.248-16.379-6.248-22.628 0l-22.627 22.627c-6.248 6.248-6.248 16.379 0 22.627l104 104c6.249 6.249 16.379 6.249 22.628.001z\"><\/path><\/svg>\t\t\t\t\t\t<\/span>\n\t\t\t\t\t\t\t\t\t\t<span class=\"elementor-icon-list-text\">pe ce suprafa\u021b\u0103 poate fi utilizat produsul,<\/span>\n\t\t\t\t\t\t\t\t\t<\/li>\n\t\t\t\t\t\t\t\t<li class=\"elementor-icon-list-item\">\n\t\t\t\t\t\t\t\t\t\t\t<span class=\"elementor-icon-list-icon\">\n\t\t\t\t\t\t\t<svg aria-hidden=\"true\" class=\"e-font-icon-svg e-fas-check-circle\" viewbox=\"0 0 512 512\" xmlns=\"http:\/\/www.w3.org\/2000\/svg\"><path d=\"M504 256c0 136.967-111.033 248-248 248S8 392.967 8 256 119.033 8 256 8s248 111.033 248 248zM227.314 387.314l184-184c6.248-6.248 6.248-16.379 0-22.627l-22.627-22.627c-6.248-6.249-16.379-6.249-22.628 0L216 308.118l-70.059-70.059c-6.248-6.248-16.379-6.248-22.628 0l-22.627 22.627c-6.248 6.248-6.248 16.379 0 22.627l104 104c6.249 6.249 16.379 6.249 22.628.001z\"><\/path><\/svg>\t\t\t\t\t\t<\/span>\n\t\t\t\t\t\t\t\t\t\t<span class=\"elementor-icon-list-text\">ce condi\u021bii meteorologice sunt ideale,<\/span>\n\t\t\t\t\t\t\t\t\t<\/li>\n\t\t\t\t\t\t\t\t<li class=\"elementor-icon-list-item\">\n\t\t\t\t\t\t\t\t\t\t\t<span class=\"elementor-icon-list-icon\">\n\t\t\t\t\t\t\t<svg aria-hidden=\"true\" class=\"e-font-icon-svg e-fas-check-circle\" viewbox=\"0 0 512 512\" xmlns=\"http:\/\/www.w3.org\/2000\/svg\"><path d=\"M504 256c0 136.967-111.033 248-248 248S8 392.967 8 256 119.033 8 256 8s248 111.033 248 248zM227.314 387.314l184-184c6.248-6.248 6.248-16.379 0-22.627l-22.627-22.627c-6.248-6.249-16.379-6.249-22.628 0L216 308.118l-70.059-70.059c-6.248-6.248-16.379-6.248-22.628 0l-22.627 22.627c-6.248 6.248-6.248 16.379 0 22.627l104 104c6.249 6.249 16.379 6.249 22.628.001z\"><\/path><\/svg>\t\t\t\t\t\t<\/span>\n\t\t\t\t\t\t\t\t\t\t<span class=\"elementor-icon-list-text\">care este timpul de lipire,<\/span>\n\t\t\t\t\t\t\t\t\t<\/li>\n\t\t\t\t\t\t\t\t<li class=\"elementor-icon-list-item\">\n\t\t\t\t\t\t\t\t\t\t\t<span class=\"elementor-icon-list-icon\">\n\t\t\t\t\t\t\t<svg aria-hidden=\"true\" class=\"e-font-icon-svg e-fas-check-circle\" viewbox=\"0 0 512 512\" xmlns=\"http:\/\/www.w3.org\/2000\/svg\"><path d=\"M504 256c0 136.967-111.033 248-248 248S8 392.967 8 256 119.033 8 256 8s248 111.033 248 248zM227.314 387.314l184-184c6.248-6.248 6.248-16.379 0-22.627l-22.627-22.627c-6.248-6.249-16.379-6.249-22.628 0L216 308.118l-70.059-70.059c-6.248-6.248-16.379-6.248-22.628 0l-22.627 22.627c-6.248 6.248-6.248 16.379 0 22.627l104 104c6.249 6.249 16.379 6.249 22.628.001z\"><\/path><\/svg>\t\t\t\t\t\t<\/span>\n\t\t\t\t\t\t\t\t\t\t<span class=\"elementor-icon-list-text\">atunci c\u00e2nd poate fi \u00eenc\u0103rcat, vopsit sau expus la ap\u0103,<\/span>\n\t\t\t\t\t\t\t\t\t<\/li>\n\t\t\t\t\t\t\t\t<li class=\"elementor-icon-list-item\">\n\t\t\t\t\t\t\t\t\t\t\t<span class=\"elementor-icon-list-icon\">\n\t\t\t\t\t\t\t<svg aria-hidden=\"true\" class=\"e-font-icon-svg e-fas-check-circle\" viewbox=\"0 0 512 512\" xmlns=\"http:\/\/www.w3.org\/2000\/svg\"><path d=\"M504 256c0 136.967-111.033 248-248 248S8 392.967 8 256 119.033 8 256 8s248 111.033 248 248zM227.314 387.314l184-184c6.248-6.248 6.248-16.379 0-22.627l-22.627-22.627c-6.248-6.249-16.379-6.249-22.628 0L216 308.118l-70.059-70.059c-6.248-6.248-16.379-6.248-22.628 0l-22.627 22.627c-6.248 6.248-6.248 16.379 0 22.627l104 104c6.249 6.249 16.379 6.249 22.628.001z\"><\/path><\/svg>\t\t\t\t\t\t<\/span>\n\t\t\t\t\t\t\t\t\t\t<span class=\"elementor-icon-list-text\">ce trebuie s\u0103 c\u0103uta\u021bi pentru un rezultat durabil \u0219i estetic.<\/span>\n\t\t\t\t\t\t\t\t\t<\/li>\n\t\t\t\t\t\t<\/ul>\n\t\t\t\t\t\t<\/div>\n\t\t\t\t<div class=\"elementor-element elementor-element-e61174f elementor-widget elementor-widget-text-editor\" data-id=\"e61174f\" data-element_type=\"widget\" data-widget_type=\"text-editor.default\">\n\t\t\t\t\t\t\t\t\t<p><span style=\"font-weight: 400;\">Fie c\u0103 este vorba de lipici, etan\u0219ant sau spum\u0103 de montaj, V\u00f6gel QR code videos <\/span><b>prin situa\u021bii reale de utilizare<\/b><span style=\"font-weight: 400;\"> v\u0103 arat\u0103 solu\u021bia potrivit\u0103. \u00cen acest fel, clientul poate fi sigur c\u0103 va profita la maximum de produs - prima dat\u0103, f\u0103r\u0103 gre\u0219eli.<\/span><\/p><p class=\"s2\"><span style=\"font-weight: 400;\">Filozofia V\u00f6gel este simpl\u0103: <\/span><b>nu doar un produs bun, ci \u0219i cuno\u0219tin\u021be<\/b><span style=\"font-weight: 400;\">. Un cod QR \u0219i r\u0103spunsul la toate \u00eentreb\u0103rile dumneavoastr\u0103.<\/span><\/p>\t\t\t\t\t\t\t\t<\/div>\n\t\t\t\t\t<\/div>\n\t\t<\/div>\n\t\t\t\t\t<\/div>\n\t\t<\/section>\n\t\t\t\t\t<\/div>\n\t\t<\/div>\n\t\t\t\t\t<\/div>\n\t\t<\/section>\n\t\t\t\t<\/div>","protected":false},"excerpt":{"rendered":"<p>Minden V\u00f6gel term\u00e9khez ott a v\u00e1lasz \u2013 egy QR-k\u00f3dra A V\u00f6gel term\u00e9kek csomagol\u00e1s\u00e1n tal\u00e1lhat\u00f3 QR-k\u00f3d nem d\u00edsz, hanem val\u00f3di seg\u00edts\u00e9g. Egyetlen beolvas\u00e1ssal el\u00e9rhet\u0151ek azok a haszn\u00e1lati vide\u00f3k, amelyek l\u00e9p\u00e9sr\u0151l l\u00e9p\u00e9sre mutatj\u00e1k meg, hogyan kell az adott term\u00e9ket helyesen alkalmazni. Nem kell hossz\u00fa le\u00edr\u00e1sokat b\u00f6ng\u00e9szni vagy tal\u00e1lgatni. A vide\u00f3k gyakorlatiasan \u00e9s \u00e9rthet\u0151en v\u00e1laszt adnak a leggyakoribb &#8230; <a title=\"QR-k\u00f3d\" class=\"read-more\" href=\"https:\/\/voegel.hu\/ro\/qr-kod\/\" aria-label=\"Cite\u0219te mai multe despre QR-k\u00f3d\">Cite\u0219te mai mult<\/a><\/p>","protected":false},"author":1,"featured_media":0,"parent":0,"menu_order":0,"comment_status":"closed","ping_status":"closed","template":"elementor_header_footer","meta":{"footnotes":""},"class_list":["post-264","page","type-page","status-publish"],"_links":{"self":[{"href":"https:\/\/voegel.hu\/ro\/wp-json\/wp\/v2\/pages\/264","targetHints":{"allow":["GET"]}}],"collection":[{"href":"https:\/\/voegel.hu\/ro\/wp-json\/wp\/v2\/pages"}],"about":[{"href":"https:\/\/voegel.hu\/ro\/wp-json\/wp\/v2\/types\/page"}],"author":[{"embeddable":true,"href":"https:\/\/voegel.hu\/ro\/wp-json\/wp\/v2\/users\/1"}],"replies":[{"embeddable":true,"href":"https:\/\/voegel.hu\/ro\/wp-json\/wp\/v2\/comments?post=264"}],"version-history":[{"count":13,"href":"https:\/\/voegel.hu\/ro\/wp-json\/wp\/v2\/pages\/264\/revisions"}],"predecessor-version":[{"id":280,"href":"https:\/\/voegel.hu\/ro\/wp-json\/wp\/v2\/pages\/264\/revisions\/280"}],"wp:attachment":[{"href":"https:\/\/voegel.hu\/ro\/wp-json\/wp\/v2\/media?parent=264"}],"curies":[{"name":"wp","href":"https:\/\/api.w.org\/{rel}","templated":true}]}}