{"id":384,"date":"2026-01-24T04:26:01","date_gmt":"2026-01-24T03:26:01","guid":{"rendered":"https:\/\/voegel.hu\/?page_id=384"},"modified":"2026-01-24T04:32:07","modified_gmt":"2026-01-24T03:32:07","slug":"vallalati-informaciok","status":"publish","type":"page","link":"https:\/\/voegel.hu\/de\/vallalati-informaciok\/","title":{"rendered":"Informationen zum Unternehmen"},"content":{"rendered":"<div data-elementor-type=\"wp-page\" data-elementor-id=\"384\" class=\"elementor elementor-384\" data-elementor-post-type=\"page\">\n\t\t\t\t\t\t<section class=\"elementor-section elementor-top-section elementor-element elementor-element-d1745d9 elementor-section-boxed elementor-section-height-default elementor-section-height-default\" data-id=\"d1745d9\" data-element_type=\"section\">\n\t\t\t\t\t\t<div class=\"elementor-container elementor-column-gap-default\">\n\t\t\t\t\t<div class=\"elementor-column elementor-col-100 elementor-top-column elementor-element elementor-element-db22995\" data-id=\"db22995\" data-element_type=\"column\">\n\t\t\t<div class=\"elementor-widget-wrap elementor-element-populated\">\n\t\t\t\t\t\t<div class=\"elementor-element elementor-element-3746ae7 elementor-widget elementor-widget-heading\" data-id=\"3746ae7\" data-element_type=\"widget\" data-widget_type=\"heading.default\">\n\t\t\t\t\t<h2 class=\"elementor-heading-title elementor-size-default\">\u00dcber die V\u00f6gel-Gruppe<\/h2>\t\t\t\t<\/div>\n\t\t\t\t<div class=\"elementor-element elementor-element-15e511f elementor-widget elementor-widget-text-editor\" data-id=\"15e511f\" data-element_type=\"widget\" data-widget_type=\"text-editor.default\">\n\t\t\t\t\t\t\t\t\t<p data-start=\"236\" data-end=\"499\"><span dir=\"auto\">Die Vision der V\u00f6gel-Gr\u00fcnder sowie die Mission und Strategie der V\u00f6gel-Gruppe sind die Grundlage unseres Erfolgs. Zusammen mit unseren Unternehmenswerten bilden sie eine hervorragende Ausgangsbasis, um unsere ehrgeizigen Wachstumsziele zu erreichen.<\/span><\/p>\t\t\t\t\t\t\t\t<\/div>\n\t\t\t\t\t<\/div>\n\t\t<\/div>\n\t\t\t\t\t<\/div>\n\t\t<\/section>\n\t\t\t\t<section class=\"elementor-section elementor-top-section elementor-element elementor-element-a4ec706 elementor-section-boxed elementor-section-height-default elementor-section-height-default\" data-id=\"a4ec706\" data-element_type=\"section\">\n\t\t\t\t\t\t<div class=\"elementor-container elementor-column-gap-default\">\n\t\t\t\t\t<div class=\"elementor-column elementor-col-100 elementor-top-column elementor-element elementor-element-22d5df2\" data-id=\"22d5df2\" data-element_type=\"column\">\n\t\t\t<div class=\"elementor-widget-wrap elementor-element-populated\">\n\t\t\t\t\t\t<div class=\"elementor-element elementor-element-ab51f45 elementor-widget elementor-widget-heading\" data-id=\"ab51f45\" data-element_type=\"widget\" data-widget_type=\"heading.default\">\n\t\t\t\t\t<h2 class=\"elementor-heading-title elementor-size-default\">Leiterschaft\n<\/h2>\t\t\t\t<\/div>\n\t\t\t\t<div class=\"elementor-element elementor-element-67230fd elementor-widget elementor-widget-text-editor\" data-id=\"67230fd\" data-element_type=\"widget\" data-widget_type=\"text-editor.default\">\n\t\t\t\t\t\t\t\t\t<p data-start=\"1119\" data-end=\"1359\"><span dir=\"auto\">Unsere Unternehmenswerte sind f\u00fcr V\u00f6gel von gro\u00dfer Bedeutung. Unsere F\u00fchrungskr\u00e4fte und Vorstandsmitglieder verf\u00fcgen \u00fcber ein breites Spektrum an Erfahrung und Fachwissen - und setzen sich daf\u00fcr ein, diese Werte in die zuk\u00fcnftige Entwicklung der Gruppe einzubringen.<\/span><\/p>\t\t\t\t\t\t\t\t<\/div>\n\t\t\t\t\t<\/div>\n\t\t<\/div>\n\t\t\t\t\t<\/div>\n\t\t<\/section>\n\t\t\t\t<section class=\"elementor-section elementor-top-section elementor-element elementor-element-dbc6b33 elementor-section-boxed elementor-section-height-default elementor-section-height-default\" data-id=\"dbc6b33\" data-element_type=\"section\">\n\t\t\t\t\t\t<div class=\"elementor-container elementor-column-gap-default\">\n\t\t\t\t\t<div class=\"elementor-column elementor-col-100 elementor-top-column elementor-element elementor-element-aad5baa\" data-id=\"aad5baa\" data-element_type=\"column\">\n\t\t\t<div class=\"elementor-widget-wrap elementor-element-populated\">\n\t\t\t\t\t\t<div class=\"elementor-element elementor-element-c4e1a36 elementor-widget elementor-widget-heading\" data-id=\"c4e1a36\" data-element_type=\"widget\" data-widget_type=\"heading.default\">\n\t\t\t\t\t<h2 class=\"elementor-heading-title elementor-size-default\">Sponsoring und Partnerschaft\n<\/h2>\t\t\t\t<\/div>\n\t\t\t\t<div class=\"elementor-element elementor-element-96bb69f elementor-widget elementor-widget-text-editor\" data-id=\"96bb69f\" data-element_type=\"widget\" data-widget_type=\"text-editor.default\">\n\t\t\t\t\t\t\t\t\t<p data-start=\"1393\" data-end=\"1651\"><span dir=\"auto\">Wir bei Vogel glauben an den Aufbau sinnvoller Beziehungen - mit unseren Kunden, Partnern und Gemeinden. Im Rahmen dieser Verpflichtung beteiligen wir uns aktiv an Branchenallianzen und unterst\u00fctzen wichtige Veranstaltungen, die die Sichtbarkeit, Innovation und Zusammenarbeit in der Branche f\u00f6rdern.<\/span><\/p>\t\t\t\t\t\t\t\t<\/div>\n\t\t\t\t\t<\/div>\n\t\t<\/div>\n\t\t\t\t\t<\/div>\n\t\t<\/section>\n\t\t\t\t<section class=\"elementor-section elementor-top-section elementor-element elementor-element-c069a16 elementor-section-boxed elementor-section-height-default elementor-section-height-default\" data-id=\"c069a16\" data-element_type=\"section\">\n\t\t\t\t\t\t<div class=\"elementor-container elementor-column-gap-default\">\n\t\t\t\t\t<div class=\"elementor-column elementor-col-100 elementor-top-column elementor-element elementor-element-e07d7d8\" data-id=\"e07d7d8\" data-element_type=\"column\">\n\t\t\t<div class=\"elementor-widget-wrap elementor-element-populated\">\n\t\t\t\t\t\t<div class=\"elementor-element elementor-element-e3ceab8 elementor-widget elementor-widget-heading\" data-id=\"e3ceab8\" data-element_type=\"widget\" data-widget_type=\"heading.default\">\n\t\t\t\t\t<h2 class=\"elementor-heading-title elementor-size-default\">Geschichte\n<\/h2>\t\t\t\t<\/div>\n\t\t\t\t<div class=\"elementor-element elementor-element-f2f6efe elementor-widget elementor-widget-text-editor\" data-id=\"f2f6efe\" data-element_type=\"widget\" data-widget_type=\"text-editor.default\">\n\t\t\t\t\t\t\t\t\t<p data-start=\"1667\" data-end=\"1944\"><span dir=\"auto\">Die Geschichte der V\u00f6gel Gruppe basiert auf jahrzehntelangem Unternehmertum, Exportexpansion, technologischer Innovation und strategischen \u00dcbernahmen. Von den bescheidenen Anf\u00e4ngen bis hin zu einem modernen Industrieunternehmen war unser Weg von harter Arbeit, Ehrgeiz und st\u00e4ndiger Innovation gepr\u00e4gt.<\/span><\/p>\t\t\t\t\t\t\t\t<\/div>\n\t\t\t\t\t<\/div>\n\t\t<\/div>\n\t\t\t\t\t<\/div>\n\t\t<\/section>\n\t\t\t\t<section class=\"elementor-section elementor-top-section elementor-element elementor-element-95ec3f0 elementor-section-boxed elementor-section-height-default elementor-section-height-default\" data-id=\"95ec3f0\" data-element_type=\"section\">\n\t\t\t\t\t\t<div class=\"elementor-container elementor-column-gap-default\">\n\t\t\t\t\t<div class=\"elementor-column elementor-col-100 elementor-top-column elementor-element elementor-element-b5b7ffa\" data-id=\"b5b7ffa\" data-element_type=\"column\">\n\t\t\t<div class=\"elementor-widget-wrap elementor-element-populated\">\n\t\t\t\t\t\t<div class=\"elementor-element elementor-element-5ac6144 elementor-align-center elementor-widget elementor-widget-button\" data-id=\"5ac6144\" data-element_type=\"widget\" data-widget_type=\"button.default\">\n\t\t\t\t\t\t\t\t\t\t<a class=\"elementor-button elementor-button-link elementor-size-sm\" href=\"https:\/\/voegel.hu\/de\/celunk\/\">\n\t\t\t\t\t\t<span class=\"elementor-button-content-wrapper\">\n\t\t\t\t\t\t\t\t\t<span class=\"elementor-button-text\">Weitere wichtige Informationen<\/span>\n\t\t\t\t\t<\/span>\n\t\t\t\t\t<\/a>\n\t\t\t\t\t\t\t\t<\/div>\n\t\t\t\t\t<\/div>\n\t\t<\/div>\n\t\t\t\t\t<\/div>\n\t\t<\/section>\n\t\t\t\t<\/div>","protected":false},"excerpt":{"rendered":"<p>A V\u00f6gel Csoportr\u00f3l A V\u00f6gel alap\u00edt\u00f3inak j\u00f6v\u0151k\u00e9pe, valamint a V\u00f6gel Csoport k\u00fcldet\u00e9se \u00e9s strat\u00e9gi\u00e1ja alkotja siker\u00fcnk alapj\u00e1t. Az \u00e1ltalunk \u00e1polt v\u00e1llalati \u00e9rt\u00e9kekkel egy\u00fctt kiv\u00e1l\u00f3 kiindul\u00f3pontot biztos\u00edtanak ambici\u00f3zus n\u00f6veked\u00e9si c\u00e9ljaink el\u00e9r\u00e9s\u00e9hez. Vezet\u00e9s V\u00e1llalati \u00e9rt\u00e9keink kiemelt fontoss\u00e1g\u00faak a V\u00f6gel szervezet\u00e9ben. Vezet\u0151s\u00e9g\u00fcnk \u00e9s igazgat\u00f3tan\u00e1csunk tagjai sz\u00e9lesk\u00f6r\u0171 tapasztalattal \u00e9s szak\u00e9rtelemmel rendelkeznek \u2013 \u00e9s elk\u00f6telezettek amellett, hogy ezeket az \u00e9rt\u00e9keket &#8230; <a title=\"Informationen zum Unternehmen\" class=\"read-more\" href=\"https:\/\/voegel.hu\/de\/vallalati-informaciok\/\" aria-label=\"Mehr Informationen \u00fcber V\u00e1llalati inform\u00e1ci\u00f3k\">Weiterlesen<\/a><\/p>","protected":false},"author":1,"featured_media":0,"parent":0,"menu_order":0,"comment_status":"closed","ping_status":"closed","template":"elementor_header_footer","meta":{"footnotes":""},"class_list":["post-384","page","type-page","status-publish"],"_links":{"self":[{"href":"https:\/\/voegel.hu\/de\/wp-json\/wp\/v2\/pages\/384","targetHints":{"allow":["GET"]}}],"collection":[{"href":"https:\/\/voegel.hu\/de\/wp-json\/wp\/v2\/pages"}],"about":[{"href":"https:\/\/voegel.hu\/de\/wp-json\/wp\/v2\/types\/page"}],"author":[{"embeddable":true,"href":"https:\/\/voegel.hu\/de\/wp-json\/wp\/v2\/users\/1"}],"replies":[{"embeddable":true,"href":"https:\/\/voegel.hu\/de\/wp-json\/wp\/v2\/comments?post=384"}],"version-history":[{"count":7,"href":"https:\/\/voegel.hu\/de\/wp-json\/wp\/v2\/pages\/384\/revisions"}],"predecessor-version":[{"id":392,"href":"https:\/\/voegel.hu\/de\/wp-json\/wp\/v2\/pages\/384\/revisions\/392"}],"wp:attachment":[{"href":"https:\/\/voegel.hu\/de\/wp-json\/wp\/v2\/media?parent=384"}],"curies":[{"name":"wp","href":"https:\/\/api.w.org\/{rel}","templated":true}]}}