{"id":200,"date":"2026-01-13T23:32:54","date_gmt":"2026-01-13T22:32:54","guid":{"rendered":"https:\/\/voegel.hu\/?page_id=200"},"modified":"2026-02-10T13:29:57","modified_gmt":"2026-02-10T12:29:57","slug":"vogel-ss70","status":"publish","type":"page","link":"https:\/\/voegel.hu\/de\/vogel-ss70\/","title":{"rendered":"V\u00f6gel\u00a0SS70"},"content":{"rendered":"<div data-elementor-type=\"wp-page\" data-elementor-id=\"200\" class=\"elementor elementor-200\" data-elementor-post-type=\"page\">\n\t\t\t\t\t\t<section class=\"elementor-section elementor-top-section elementor-element elementor-element-c60fba4 elementor-section-boxed elementor-section-height-default elementor-section-height-default\" data-id=\"c60fba4\" data-element_type=\"section\">\n\t\t\t\t\t\t<div class=\"elementor-container elementor-column-gap-default\">\n\t\t\t\t\t<div class=\"elementor-column elementor-col-100 elementor-top-column elementor-element elementor-element-a34d8ad\" data-id=\"a34d8ad\" data-element_type=\"column\">\n\t\t\t<div class=\"elementor-widget-wrap elementor-element-populated\">\n\t\t\t\t\t\t<div class=\"elementor-element elementor-element-e1fd6c2 elementor-widget elementor-widget-heading\" data-id=\"e1fd6c2\" data-element_type=\"widget\" data-widget_type=\"heading.default\">\n\t\t\t\t\t<h2 class=\"elementor-heading-title elementor-size-default\">Sanit\u00e4rsilikon<\/h2>\t\t\t\t<\/div>\n\t\t\t\t\t<\/div>\n\t\t<\/div>\n\t\t\t\t\t<\/div>\n\t\t<\/section>\n\t\t\t\t<section class=\"elementor-section elementor-top-section elementor-element elementor-element-1bacad4 elementor-section-boxed elementor-section-height-default elementor-section-height-default\" data-id=\"1bacad4\" data-element_type=\"section\">\n\t\t\t\t\t\t<div class=\"elementor-container elementor-column-gap-default\">\n\t\t\t\t\t<div class=\"elementor-column elementor-col-100 elementor-top-column elementor-element elementor-element-0ce014c\" data-id=\"0ce014c\" data-element_type=\"column\">\n\t\t\t<div class=\"elementor-widget-wrap elementor-element-populated\">\n\t\t\t\t\t\t<div class=\"elementor-element elementor-element-50ff54f elementor-widget elementor-widget-image\" data-id=\"50ff54f\" data-element_type=\"widget\" data-widget_type=\"image.default\">\n\t\t\t\t\t\t\t\t\t\t\t\t\t\t\t<img fetchpriority=\"high\" decoding=\"async\" width=\"1200\" height=\"798\" src=\"https:\/\/voegel.hu\/wp-content\/uploads\/2026\/01\/voegel-szaniter-szilikon-1.png\" class=\"attachment-full size-full wp-image-204\" alt=\"\" srcset=\"https:\/\/voegel.hu\/wp-content\/uploads\/2026\/01\/voegel-szaniter-szilikon-1.png 1200w, https:\/\/voegel.hu\/wp-content\/uploads\/2026\/01\/voegel-szaniter-szilikon-1-300x200.png 300w, https:\/\/voegel.hu\/wp-content\/uploads\/2026\/01\/voegel-szaniter-szilikon-1-1024x681.png 1024w, https:\/\/voegel.hu\/wp-content\/uploads\/2026\/01\/voegel-szaniter-szilikon-1-768x511.png 768w\" sizes=\"(max-width: 1200px) 100vw, 1200px\" \/>\t\t\t\t\t\t\t\t\t\t\t\t\t\t\t<\/div>\n\t\t\t\t\t<\/div>\n\t\t<\/div>\n\t\t\t\t\t<\/div>\n\t\t<\/section>\n\t\t\t\t<section class=\"elementor-section elementor-top-section elementor-element elementor-element-de332c3 elementor-section-boxed elementor-section-height-default elementor-section-height-default\" data-id=\"de332c3\" data-element_type=\"section\">\n\t\t\t\t\t\t<div class=\"elementor-container elementor-column-gap-default\">\n\t\t\t\t\t<div class=\"elementor-column elementor-col-100 elementor-top-column elementor-element elementor-element-5d50680\" data-id=\"5d50680\" data-element_type=\"column\">\n\t\t\t<div class=\"elementor-widget-wrap elementor-element-populated\">\n\t\t\t\t\t\t<div class=\"elementor-element elementor-element-be3f08a elementor-widget elementor-widget-heading\" data-id=\"be3f08a\" data-element_type=\"widget\" data-widget_type=\"heading.default\">\n\t\t\t\t\t<h2 class=\"elementor-heading-title elementor-size-default\">V\u00f6gel SS70 - Sanit\u00e4rsilikon f\u00fcr die t\u00e4gliche Perfektion\n<\/h2>\t\t\t\t<\/div>\n\t\t\t\t<div class=\"elementor-element elementor-element-655537a elementor-widget elementor-widget-text-editor\" data-id=\"655537a\" data-element_type=\"widget\" data-widget_type=\"text-editor.default\">\n\t\t\t\t\t\t\t\t\t<p class=\"s2\">A <strong><span class=\"s5\">V\u00f6gel<\/span><span class=\"s5\"> SS70 Sanit\u00e4rsilikon<\/span><\/strong> ein zuverl\u00e4ssiger Partner in allen Situationen, in denen es auf Sauberkeit, dauerhaften Schutz und \u00e4sthetische Ergebnisse ankommt.<br \/>Er ist so konzipiert, dass er seine Flexibilit\u00e4t, seine Griffigkeit und sein hygienisches Aussehen im t\u00e4glichen Gebrauch beibeh\u00e4lt - selbst bei anhaltender Feuchtigkeit.<\/p><p class=\"s2\">Ob Sie nun an einer Badrenovierung arbeiten, K\u00fcchenfugen abdichten, Duschen, Waschbecken oder Arbeitsplatten abdichten, die <span class=\"s5\">V\u00f6gel<\/span><span class=\"s5\"> SS70<\/span>gew\u00e4hrleistet eine sichere, saubere und zuverl\u00e4ssige Abdichtung auf lange Sicht.<\/p><p class=\"s2\">Dank spezieller Zusatzstoffe ist es schimmel- und bakterienresistent, bleibt dabei flexibel und bietet eine \u00e4sthetisch ansprechende Oberfl\u00e4che.<br \/>Das ist das Sanit\u00e4rsilikon, das nicht nur sch\u00fctzt, sondern auch zu einer sauberen und hygienischen Umgebung beitr\u00e4gt.<\/p>\t\t\t\t\t\t\t\t<\/div>\n\t\t\t\t\t<\/div>\n\t\t<\/div>\n\t\t\t\t\t<\/div>\n\t\t<\/section>\n\t\t\t\t<section class=\"elementor-section elementor-top-section elementor-element elementor-element-c9b2fd2 elementor-section-boxed elementor-section-height-default elementor-section-height-default\" data-id=\"c9b2fd2\" data-element_type=\"section\">\n\t\t\t\t\t\t<div class=\"elementor-container elementor-column-gap-default\">\n\t\t\t\t\t<div class=\"elementor-column elementor-col-100 elementor-top-column elementor-element elementor-element-da8148f\" data-id=\"da8148f\" data-element_type=\"column\">\n\t\t\t<div class=\"elementor-widget-wrap elementor-element-populated\">\n\t\t\t\t\t\t<section class=\"elementor-section elementor-inner-section elementor-element elementor-element-0a77b8a elementor-section-boxed elementor-section-height-default elementor-section-height-default\" data-id=\"0a77b8a\" data-element_type=\"section\">\n\t\t\t\t\t\t<div class=\"elementor-container elementor-column-gap-default\">\n\t\t\t\t\t<div class=\"elementor-column elementor-col-50 elementor-inner-column elementor-element elementor-element-b45dd43\" data-id=\"b45dd43\" data-element_type=\"column\">\n\t\t\t<div class=\"elementor-widget-wrap elementor-element-populated\">\n\t\t\t\t\t\t<div class=\"elementor-element elementor-element-99511c4 elementor-widget elementor-widget-image\" data-id=\"99511c4\" data-element_type=\"widget\" data-widget_type=\"image.default\">\n\t\t\t\t\t\t\t\t\t\t\t\t\t\t\t<img decoding=\"async\" width=\"2048\" height=\"2048\" src=\"https:\/\/voegel.hu\/wp-content\/uploads\/2026\/01\/66.jpg\" class=\"attachment-full size-full wp-image-340\" alt=\"\" srcset=\"https:\/\/voegel.hu\/wp-content\/uploads\/2026\/01\/66.jpg 2048w, https:\/\/voegel.hu\/wp-content\/uploads\/2026\/01\/66-300x300.jpg 300w, https:\/\/voegel.hu\/wp-content\/uploads\/2026\/01\/66-1024x1024.jpg 1024w, https:\/\/voegel.hu\/wp-content\/uploads\/2026\/01\/66-150x150.jpg 150w, https:\/\/voegel.hu\/wp-content\/uploads\/2026\/01\/66-768x768.jpg 768w, https:\/\/voegel.hu\/wp-content\/uploads\/2026\/01\/66-1536x1536.jpg 1536w\" sizes=\"(max-width: 2048px) 100vw, 2048px\" \/>\t\t\t\t\t\t\t\t\t\t\t\t\t\t\t<\/div>\n\t\t\t\t\t<\/div>\n\t\t<\/div>\n\t\t\t\t<div class=\"elementor-column elementor-col-50 elementor-inner-column elementor-element elementor-element-ad6c750\" data-id=\"ad6c750\" data-element_type=\"column\">\n\t\t\t<div class=\"elementor-widget-wrap elementor-element-populated\">\n\t\t\t\t\t\t<div class=\"elementor-element elementor-element-b9a5a71 elementor-widget elementor-widget-heading\" data-id=\"b9a5a71\" data-element_type=\"widget\" data-widget_type=\"heading.default\">\n\t\t\t\t\t<h2 class=\"elementor-heading-title elementor-size-default\">V\u00f6gel SS70 - Sanit\u00e4rsilikon\n<\/h2>\t\t\t\t<\/div>\n\t\t\t\t<div class=\"elementor-element elementor-element-b972c75 elementor-widget elementor-widget-text-editor\" data-id=\"b972c75\" data-element_type=\"widget\" data-widget_type=\"text-editor.default\">\n\t\t\t\t\t\t\t\t\t<p>Schimmel- und pilzfreies Silikon f\u00fcr Hygienebereiche: Bad, K\u00fcche, Toilette, Wellness- und Nassr\u00e4ume. Hohe Haltbarkeit, wasserfest, optimiert f\u00fcr sanit\u00e4re Oberfl\u00e4chen.<\/p>\t\t\t\t\t\t\t\t<\/div>\n\t\t\t\t<div class=\"elementor-element elementor-element-d8bedbd elementor-widget elementor-widget-html\" data-id=\"d8bedbd\" data-element_type=\"widget\" data-widget_type=\"html.default\">\n\t\t\t\t\t<link href=\"https:\/\/fonts.googleapis.com\/css2?family=League+Spartan:wght@400;500&display=swap\" rel=\"stylesheet\">\n\n<style>\n.voegel-faq{\n  width:100%;\n}\n\n.voegel-faq-item{\n  background:#fff;\n  border-radius:16px;\n  box-shadow:0 14px 30px rgba(0,0,0,.08);\n  overflow:hidden;\n}\n\n.voegel-faq-question{\n  font-family:'League Spartan',sans-serif;\n  font-size:16px;\n  font-weight:500;\n  padding:22px 26px;\n  cursor:pointer;\n  display:flex;\n  justify-content:space-between;\n  align-items:center;\n}\n\n.voegel-faq-icon{\n  width:24px;\n  height:24px;\n  border:1px solid #000;\n  border-radius:50%;\n  display:flex;\n  align-items:center;\n  justify-content:center;\n  transition:.3s;\n}\n\n.voegel-faq-item.active .voegel-faq-icon{\n  transform:rotate(180deg);\n}\n\n.voegel-faq-content{\n  height:0;\n  overflow:hidden;\n  transition:height .4s ease;\n}\n\n.voegel-faq-inner{\n  padding:0 26px 26px;\n}\n\n.voegel-faq-buttons{\n  display:flex;\n  gap:16px;\n}\n\n.voegel-faq-btn{\n  flex:1;\n  padding:14px;\n  border-radius:12px;\n  border:1px solid #000;\n  text-align:center;\n  text-decoration:none;\n  font-family:'League Spartan',sans-serif;\n  color:#000;\n}\n\n.voegel-faq-icon svg{\n  width:12px;\n  height:12px;\n  stroke:#000;\n}\n\n\n.voegel-faq-btn:hover{\n  background:#000;\n  color:#fff;\n}\n\n@media(max-width:768px){\n  .voegel-faq-question{font-size:13px;padding:16px 18px;}\n  .voegel-faq-buttons{flex-direction:column;}\n}\n<\/style>\n\n<div class=\"voegel-faq\">\n  <div class=\"voegel-faq-item\">\n\n    <div class=\"voegel-faq-question\">\n      Dokumente | Wie verwende ich es?\n      <div class=\"voegel-faq-icon\">\n        <svg viewbox=\"0 0 24 24\" fill=\"none\">\n          <path d=\"M6 9l6 6 6-6\" stroke-width=\"2\"\/>\n        <\/svg>\n      <\/div>\n    <\/div>\n\n    <div class=\"voegel-faq-content\">\n      <div class=\"voegel-faq-inner\">\n        <div class=\"voegel-faq-buttons\">\n          <a href=\"#\" class=\"voegel-faq-btn\">Dokumente<\/a>\n\n          <a href=\"#\"\n             class=\"voegel-faq-btn voegel-video-btn\"\n             data-video=\"https:\/\/youtu.be\/sbkAm464Y7k?list=PLwkeuB9Z7Mra6R453n2pV6vZYrTgJ59GW\">\n             Video von\n          <\/a>\n        <\/div>\n      <\/div>\n    <\/div>\n\n  <\/div>\n<\/div>\n\t\t\t\t<\/div>\n\t\t\t\t\t<\/div>\n\t\t<\/div>\n\t\t\t\t\t<\/div>\n\t\t<\/section>\n\t\t\t\t\t<\/div>\n\t\t<\/div>\n\t\t\t\t\t<\/div>\n\t\t<\/section>\n\t\t\t\t<section class=\"elementor-section elementor-top-section elementor-element elementor-element-792e111 elementor-section-boxed elementor-section-height-default elementor-section-height-default\" data-id=\"792e111\" data-element_type=\"section\">\n\t\t\t\t\t\t<div class=\"elementor-container elementor-column-gap-default\">\n\t\t\t\t\t<div class=\"elementor-column elementor-col-100 elementor-top-column elementor-element elementor-element-b775563\" data-id=\"b775563\" data-element_type=\"column\">\n\t\t\t<div class=\"elementor-widget-wrap elementor-element-populated\">\n\t\t\t\t\t\t<div class=\"elementor-element elementor-element-f2c99d6 elementor-widget elementor-widget-text-editor\" data-id=\"f2c99d6\" data-element_type=\"widget\" data-widget_type=\"text-editor.default\">\n\t\t\t\t\t\t\t\t\tV\u00f6gel SS70 Sanit\u00e4rsilikon tr\u00e4gt bei sachgem\u00e4\u00dfer Anwendung zu dauerhaftem Schutz, einem hygienischen Umfeld und einem \u00e4sthetisch ansprechenden Aussehen bei. Verwenden Sie immer nach den Anweisungen f\u00fcr die beste Leistung.\t\t\t\t\t\t\t\t<\/div>\n\t\t\t\t\t<\/div>\n\t\t<\/div>\n\t\t\t\t\t<\/div>\n\t\t<\/section>\n\t\t\t\t<section class=\"elementor-section elementor-top-section elementor-element elementor-element-27e49ef elementor-section-boxed elementor-section-height-default elementor-section-height-default\" data-id=\"27e49ef\" data-element_type=\"section\">\n\t\t\t\t\t\t<div class=\"elementor-container elementor-column-gap-default\">\n\t\t\t\t\t<div class=\"elementor-column elementor-col-100 elementor-top-column elementor-element elementor-element-a879e08\" data-id=\"a879e08\" data-element_type=\"column\">\n\t\t\t<div class=\"elementor-widget-wrap elementor-element-populated\">\n\t\t\t\t\t\t<div class=\"elementor-element elementor-element-77013ba elementor-widget elementor-widget-html\" data-id=\"77013ba\" data-element_type=\"widget\" data-widget_type=\"html.default\">\n\t\t\t\t\t<div id=\"voegel-video-modal\">\n  <div class=\"voegel-video-bg\"><\/div>\n\n  <div class=\"voegel-video-box\">\n    <button class=\"voegel-video-close\">\u00d7<\/button>\n    <div class=\"voegel-video-wrap\">\n      <iframe src=\"\" allow=\"autoplay; encrypted-media\" allowfullscreen><\/iframe>\n    <\/div>\n  <\/div>\n<\/div>\n\n<style>\n#voegel-video-modal{\n  position:fixed !important;\n  inset:0 !important;\n  z-index:99999 !important;\n  display:none !important;\n}\n\n#voegel-video-modal.active{\n  display:block !important;\n}\n\n.voegel-video-bg{\n  position:absolute !important;\n  inset:0 !important;\n  background:rgba(0,0,0,.75) !important;\n}\n\n.voegel-video-box{\n  position:relative !important;\n  max-width:900px !important;\n  width:90% !important;\n  margin:8vh auto !important;\n  background:#000 !important;\n  border-radius:16px !important;\n}\n\n.voegel-video-wrap{\n  position:relative !important;\n  padding-top:56.25% !important;\n}\n\n.voegel-video-wrap iframe{\n  position:absolute !important;\n  inset:0 !important;\n  width:100% !important;\n  height:100% !important;\n  border:0 !important;\n}\n\n.voegel-video-close{\n  position:absolute !important;\n  top:-44px !important;\n  right:0 !important;\n  background:none !important;\n  border:none !important;\n  color:#fff !important;\n  font-size:38px !important;\n  cursor:pointer !important;\n}\n\n<\/style>\n\t\t\t\t<\/div>\n\t\t\t\t\t<\/div>\n\t\t<\/div>\n\t\t\t\t\t<\/div>\n\t\t<\/section>\n\t\t\t\t<\/div>","protected":false},"excerpt":{"rendered":"<p>Szaniter szilikon V\u00f6gel SS70 \u2013 Sanitary Silicone for Everyday Perfection A V\u00f6gel SS70 szaniter szilikon megb\u00edzhat\u00f3 t\u00e1rs minden olyan helyzetben, ahol a tisztas\u00e1g, a tart\u00f3s v\u00e9delem \u00e9s az eszt\u00e9tikus v\u00e9geredm\u00e9ny alapelv\u00e1r\u00e1s.\u00dagy tervezt\u00fck, hogy a mindennapi haszn\u00e1lat sor\u00e1n is meg\u0151rizze rugalmass\u00e1g\u00e1t, tapad\u00e1s\u00e1t \u00e9s higi\u00e9nikus megjelen\u00e9s\u00e9t \u2013 m\u00e9g tart\u00f3s nedvess\u00e9g mellett is. Ak\u00e1r egy f\u00fcrd\u0151szobai fel\u00faj\u00edt\u00e1son dolgozol, &#8230; <a title=\"V\u00f6gel\u00a0SS70\" class=\"read-more\" href=\"https:\/\/voegel.hu\/de\/vogel-ss70\/\" aria-label=\"Mehr Informationen \u00fcber V\u00f6gel\u00a0SS70\">Weiterlesen<\/a><\/p>","protected":false},"author":1,"featured_media":0,"parent":0,"menu_order":0,"comment_status":"closed","ping_status":"closed","template":"elementor_header_footer","meta":{"footnotes":""},"class_list":["post-200","page","type-page","status-publish"],"_links":{"self":[{"href":"https:\/\/voegel.hu\/de\/wp-json\/wp\/v2\/pages\/200","targetHints":{"allow":["GET"]}}],"collection":[{"href":"https:\/\/voegel.hu\/de\/wp-json\/wp\/v2\/pages"}],"about":[{"href":"https:\/\/voegel.hu\/de\/wp-json\/wp\/v2\/types\/page"}],"author":[{"embeddable":true,"href":"https:\/\/voegel.hu\/de\/wp-json\/wp\/v2\/users\/1"}],"replies":[{"embeddable":true,"href":"https:\/\/voegel.hu\/de\/wp-json\/wp\/v2\/comments?post=200"}],"version-history":[{"count":31,"href":"https:\/\/voegel.hu\/de\/wp-json\/wp\/v2\/pages\/200\/revisions"}],"predecessor-version":[{"id":541,"href":"https:\/\/voegel.hu\/de\/wp-json\/wp\/v2\/pages\/200\/revisions\/541"}],"wp:attachment":[{"href":"https:\/\/voegel.hu\/de\/wp-json\/wp\/v2\/media?parent=200"}],"curies":[{"name":"wp","href":"https:\/\/api.w.org\/{rel}","templated":true}]}}