{"id":384,"date":"2026-01-24T04:26:01","date_gmt":"2026-01-24T03:26:01","guid":{"rendered":"https:\/\/voegel.hu\/?page_id=384"},"modified":"2026-01-24T04:32:07","modified_gmt":"2026-01-24T03:32:07","slug":"vallalati-informaciok","status":"publish","type":"page","link":"https:\/\/voegel.hu\/cs\/vallalati-informaciok\/","title":{"rendered":"Informace o spole\u010dnosti"},"content":{"rendered":"<div data-elementor-type=\"wp-page\" data-elementor-id=\"384\" class=\"elementor elementor-384\" data-elementor-post-type=\"page\">\n\t\t\t\t\t\t<section class=\"elementor-section elementor-top-section elementor-element elementor-element-d1745d9 elementor-section-boxed elementor-section-height-default elementor-section-height-default\" data-id=\"d1745d9\" data-element_type=\"section\">\n\t\t\t\t\t\t<div class=\"elementor-container elementor-column-gap-default\">\n\t\t\t\t\t<div class=\"elementor-column elementor-col-100 elementor-top-column elementor-element elementor-element-db22995\" data-id=\"db22995\" data-element_type=\"column\">\n\t\t\t<div class=\"elementor-widget-wrap elementor-element-populated\">\n\t\t\t\t\t\t<div class=\"elementor-element elementor-element-3746ae7 elementor-widget elementor-widget-heading\" data-id=\"3746ae7\" data-element_type=\"widget\" data-widget_type=\"heading.default\">\n\t\t\t\t\t<h2 class=\"elementor-heading-title elementor-size-default\">O skupin\u011b V\u00f6gel<\/h2>\t\t\t\t<\/div>\n\t\t\t\t<div class=\"elementor-element elementor-element-15e511f elementor-widget elementor-widget-text-editor\" data-id=\"15e511f\" data-element_type=\"widget\" data-widget_type=\"text-editor.default\">\n\t\t\t\t\t\t\t\t\t<p data-start=\"236\" data-end=\"499\"><span dir=\"auto\">Vize zakladatel\u016f spole\u010dnosti V\u00f6gel a posl\u00e1n\u00ed a strategie skupiny V\u00f6gel jsou z\u00e1kladem na\u0161eho \u00fasp\u011bchu. Spolu s na\u0161imi firemn\u00edmi hodnotami p\u0159edstavuj\u00ed vynikaj\u00edc\u00ed v\u00fdchoz\u00ed bod pro dosa\u017een\u00ed na\u0161ich ambici\u00f3zn\u00edch r\u016fstov\u00fdch c\u00edl\u016f.<\/span><\/p>\t\t\t\t\t\t\t\t<\/div>\n\t\t\t\t\t<\/div>\n\t\t<\/div>\n\t\t\t\t\t<\/div>\n\t\t<\/section>\n\t\t\t\t<section class=\"elementor-section elementor-top-section elementor-element elementor-element-a4ec706 elementor-section-boxed elementor-section-height-default elementor-section-height-default\" data-id=\"a4ec706\" data-element_type=\"section\">\n\t\t\t\t\t\t<div class=\"elementor-container elementor-column-gap-default\">\n\t\t\t\t\t<div class=\"elementor-column elementor-col-100 elementor-top-column elementor-element elementor-element-22d5df2\" data-id=\"22d5df2\" data-element_type=\"column\">\n\t\t\t<div class=\"elementor-widget-wrap elementor-element-populated\">\n\t\t\t\t\t\t<div class=\"elementor-element elementor-element-ab51f45 elementor-widget elementor-widget-heading\" data-id=\"ab51f45\" data-element_type=\"widget\" data-widget_type=\"heading.default\">\n\t\t\t\t\t<h2 class=\"elementor-heading-title elementor-size-default\">Veden\u00ed\n<\/h2>\t\t\t\t<\/div>\n\t\t\t\t<div class=\"elementor-element elementor-element-67230fd elementor-widget elementor-widget-text-editor\" data-id=\"67230fd\" data-element_type=\"widget\" data-widget_type=\"text-editor.default\">\n\t\t\t\t\t\t\t\t\t<p data-start=\"1119\" data-end=\"1359\"><span dir=\"auto\">Na\u0161e firemn\u00ed hodnoty jsou pro spole\u010dnost V\u00f6gel prioritou. \u010clenov\u00e9 na\u0161eho veden\u00ed a p\u0159edstavenstva maj\u00ed \u0161irokou \u0161k\u00e1lu zku\u0161enost\u00ed a odborn\u00fdch znalost\u00ed - a jsou odhodl\u00e1ni za\u010dlenit tyto hodnoty do budouc\u00edho v\u00fdvoje skupiny.<\/span><\/p>\t\t\t\t\t\t\t\t<\/div>\n\t\t\t\t\t<\/div>\n\t\t<\/div>\n\t\t\t\t\t<\/div>\n\t\t<\/section>\n\t\t\t\t<section class=\"elementor-section elementor-top-section elementor-element elementor-element-dbc6b33 elementor-section-boxed elementor-section-height-default elementor-section-height-default\" data-id=\"dbc6b33\" data-element_type=\"section\">\n\t\t\t\t\t\t<div class=\"elementor-container elementor-column-gap-default\">\n\t\t\t\t\t<div class=\"elementor-column elementor-col-100 elementor-top-column elementor-element elementor-element-aad5baa\" data-id=\"aad5baa\" data-element_type=\"column\">\n\t\t\t<div class=\"elementor-widget-wrap elementor-element-populated\">\n\t\t\t\t\t\t<div class=\"elementor-element elementor-element-c4e1a36 elementor-widget elementor-widget-heading\" data-id=\"c4e1a36\" data-element_type=\"widget\" data-widget_type=\"heading.default\">\n\t\t\t\t\t<h2 class=\"elementor-heading-title elementor-size-default\">Sponzorstv\u00ed a partnerstv\u00ed\n<\/h2>\t\t\t\t<\/div>\n\t\t\t\t<div class=\"elementor-element elementor-element-96bb69f elementor-widget elementor-widget-text-editor\" data-id=\"96bb69f\" data-element_type=\"widget\" data-widget_type=\"text-editor.default\">\n\t\t\t\t\t\t\t\t\t<p data-start=\"1393\" data-end=\"1651\"><span dir=\"auto\">Ve spole\u010dnosti Vogel v\u011b\u0159\u00edme v budov\u00e1n\u00ed smyslupln\u00fdch vztah\u016f - s na\u0161imi z\u00e1kazn\u00edky, partnery a komunitami. V r\u00e1mci tohoto z\u00e1vazku se aktivn\u011b \u00fa\u010dastn\u00edme oborov\u00fdch alianc\u00ed a podporujeme kl\u00ed\u010dov\u00e9 akce, kter\u00e9 zvy\u0161uj\u00ed viditelnost, inovace a spolupr\u00e1ci v oboru.<\/span><\/p>\t\t\t\t\t\t\t\t<\/div>\n\t\t\t\t\t<\/div>\n\t\t<\/div>\n\t\t\t\t\t<\/div>\n\t\t<\/section>\n\t\t\t\t<section class=\"elementor-section elementor-top-section elementor-element elementor-element-c069a16 elementor-section-boxed elementor-section-height-default elementor-section-height-default\" data-id=\"c069a16\" data-element_type=\"section\">\n\t\t\t\t\t\t<div class=\"elementor-container elementor-column-gap-default\">\n\t\t\t\t\t<div class=\"elementor-column elementor-col-100 elementor-top-column elementor-element elementor-element-e07d7d8\" data-id=\"e07d7d8\" data-element_type=\"column\">\n\t\t\t<div class=\"elementor-widget-wrap elementor-element-populated\">\n\t\t\t\t\t\t<div class=\"elementor-element elementor-element-e3ceab8 elementor-widget elementor-widget-heading\" data-id=\"e3ceab8\" data-element_type=\"widget\" data-widget_type=\"heading.default\">\n\t\t\t\t\t<h2 class=\"elementor-heading-title elementor-size-default\">Historie\n<\/h2>\t\t\t\t<\/div>\n\t\t\t\t<div class=\"elementor-element elementor-element-f2f6efe elementor-widget elementor-widget-text-editor\" data-id=\"f2f6efe\" data-element_type=\"widget\" data-widget_type=\"text-editor.default\">\n\t\t\t\t\t\t\t\t\t<p data-start=\"1667\" data-end=\"1944\"><span dir=\"auto\">Historie skupiny V\u00f6gel je zalo\u017eena na desetilet\u00edch podnik\u00e1n\u00ed, exportn\u00ed expanzi, technologick\u00fdch inovac\u00edch a strategick\u00fdch akvizic\u00edch. Na\u0161e cesta od skromn\u00fdch za\u010d\u00e1tk\u016f a\u017e k modern\u00ed pr\u016fmyslov\u00e9 spole\u010dnosti byla definov\u00e1na tvrdou prac\u00ed, ambicemi a neust\u00e1l\u00fdmi inovacemi.<\/span><\/p>\t\t\t\t\t\t\t\t<\/div>\n\t\t\t\t\t<\/div>\n\t\t<\/div>\n\t\t\t\t\t<\/div>\n\t\t<\/section>\n\t\t\t\t<section class=\"elementor-section elementor-top-section elementor-element elementor-element-95ec3f0 elementor-section-boxed elementor-section-height-default elementor-section-height-default\" data-id=\"95ec3f0\" data-element_type=\"section\">\n\t\t\t\t\t\t<div class=\"elementor-container elementor-column-gap-default\">\n\t\t\t\t\t<div class=\"elementor-column elementor-col-100 elementor-top-column elementor-element elementor-element-b5b7ffa\" data-id=\"b5b7ffa\" data-element_type=\"column\">\n\t\t\t<div class=\"elementor-widget-wrap elementor-element-populated\">\n\t\t\t\t\t\t<div class=\"elementor-element elementor-element-5ac6144 elementor-align-center elementor-widget elementor-widget-button\" data-id=\"5ac6144\" data-element_type=\"widget\" data-widget_type=\"button.default\">\n\t\t\t\t\t\t\t\t\t\t<a class=\"elementor-button elementor-button-link elementor-size-sm\" href=\"https:\/\/voegel.hu\/cs\/celunk\/\">\n\t\t\t\t\t\t<span class=\"elementor-button-content-wrapper\">\n\t\t\t\t\t\t\t\t\t<span class=\"elementor-button-text\">Dal\u0161\u00ed d\u016fle\u017eit\u00e9 informace<\/span>\n\t\t\t\t\t<\/span>\n\t\t\t\t\t<\/a>\n\t\t\t\t\t\t\t\t<\/div>\n\t\t\t\t\t<\/div>\n\t\t<\/div>\n\t\t\t\t\t<\/div>\n\t\t<\/section>\n\t\t\t\t<\/div>","protected":false},"excerpt":{"rendered":"<p>A V\u00f6gel Csoportr\u00f3l A V\u00f6gel alap\u00edt\u00f3inak j\u00f6v\u0151k\u00e9pe, valamint a V\u00f6gel Csoport k\u00fcldet\u00e9se \u00e9s strat\u00e9gi\u00e1ja alkotja siker\u00fcnk alapj\u00e1t. Az \u00e1ltalunk \u00e1polt v\u00e1llalati \u00e9rt\u00e9kekkel egy\u00fctt kiv\u00e1l\u00f3 kiindul\u00f3pontot biztos\u00edtanak ambici\u00f3zus n\u00f6veked\u00e9si c\u00e9ljaink el\u00e9r\u00e9s\u00e9hez. Vezet\u00e9s V\u00e1llalati \u00e9rt\u00e9keink kiemelt fontoss\u00e1g\u00faak a V\u00f6gel szervezet\u00e9ben. Vezet\u0151s\u00e9g\u00fcnk \u00e9s igazgat\u00f3tan\u00e1csunk tagjai sz\u00e9lesk\u00f6r\u0171 tapasztalattal \u00e9s szak\u00e9rtelemmel rendelkeznek \u2013 \u00e9s elk\u00f6telezettek amellett, hogy ezeket az \u00e9rt\u00e9keket &#8230; <a title=\"Informace o spole\u010dnosti\" class=\"read-more\" href=\"https:\/\/voegel.hu\/cs\/vallalati-informaciok\/\" aria-label=\"\u010c\u00edst v\u00edce o V\u00e1llalati inform\u00e1ci\u00f3k\">\u010c\u00edst d\u00e1l<\/a><\/p>","protected":false},"author":1,"featured_media":0,"parent":0,"menu_order":0,"comment_status":"closed","ping_status":"closed","template":"elementor_header_footer","meta":{"footnotes":""},"class_list":["post-384","page","type-page","status-publish"],"_links":{"self":[{"href":"https:\/\/voegel.hu\/cs\/wp-json\/wp\/v2\/pages\/384","targetHints":{"allow":["GET"]}}],"collection":[{"href":"https:\/\/voegel.hu\/cs\/wp-json\/wp\/v2\/pages"}],"about":[{"href":"https:\/\/voegel.hu\/cs\/wp-json\/wp\/v2\/types\/page"}],"author":[{"embeddable":true,"href":"https:\/\/voegel.hu\/cs\/wp-json\/wp\/v2\/users\/1"}],"replies":[{"embeddable":true,"href":"https:\/\/voegel.hu\/cs\/wp-json\/wp\/v2\/comments?post=384"}],"version-history":[{"count":7,"href":"https:\/\/voegel.hu\/cs\/wp-json\/wp\/v2\/pages\/384\/revisions"}],"predecessor-version":[{"id":392,"href":"https:\/\/voegel.hu\/cs\/wp-json\/wp\/v2\/pages\/384\/revisions\/392"}],"wp:attachment":[{"href":"https:\/\/voegel.hu\/cs\/wp-json\/wp\/v2\/media?parent=384"}],"curies":[{"name":"wp","href":"https:\/\/api.w.org\/{rel}","templated":true}]}}