{"id":264,"date":"2026-01-21T14:43:59","date_gmt":"2026-01-21T13:43:59","guid":{"rendered":"https:\/\/voegel.hu\/?page_id=264"},"modified":"2026-01-21T15:06:13","modified_gmt":"2026-01-21T14:06:13","slug":"qr-kod","status":"publish","type":"page","link":"https:\/\/voegel.hu\/cs\/qr-kod\/","title":{"rendered":"QR-k\u00f3d"},"content":{"rendered":"<div data-elementor-type=\"wp-page\" data-elementor-id=\"264\" class=\"elementor elementor-264\" data-elementor-post-type=\"page\">\n\t\t\t\t\t\t<section class=\"elementor-section elementor-top-section elementor-element elementor-element-e0f0f1f elementor-section-boxed elementor-section-height-default elementor-section-height-default\" data-id=\"e0f0f1f\" data-element_type=\"section\">\n\t\t\t\t\t\t<div class=\"elementor-container elementor-column-gap-default\">\n\t\t\t\t\t<div class=\"elementor-column elementor-col-100 elementor-top-column elementor-element elementor-element-33f6fb8\" data-id=\"33f6fb8\" data-element_type=\"column\">\n\t\t\t<div class=\"elementor-widget-wrap elementor-element-populated\">\n\t\t\t\t\t\t<div class=\"elementor-element elementor-element-9ac8cad elementor-widget elementor-widget-image\" data-id=\"9ac8cad\" data-element_type=\"widget\" data-widget_type=\"image.default\">\n\t\t\t\t\t\t\t\t\t\t\t\t\t\t\t<img fetchpriority=\"high\" decoding=\"async\" width=\"1536\" height=\"1024\" src=\"https:\/\/voegel.hu\/wp-content\/uploads\/2026\/01\/nepszeru-jobb.png\" class=\"attachment-full size-full wp-image-236\" alt=\"\" srcset=\"https:\/\/voegel.hu\/wp-content\/uploads\/2026\/01\/nepszeru-jobb.png 1536w, https:\/\/voegel.hu\/wp-content\/uploads\/2026\/01\/nepszeru-jobb-300x200.png 300w, https:\/\/voegel.hu\/wp-content\/uploads\/2026\/01\/nepszeru-jobb-1024x683.png 1024w, https:\/\/voegel.hu\/wp-content\/uploads\/2026\/01\/nepszeru-jobb-768x512.png 768w\" sizes=\"(max-width: 1536px) 100vw, 1536px\" \/>\t\t\t\t\t\t\t\t\t\t\t\t\t\t\t<\/div>\n\t\t\t\t\t<\/div>\n\t\t<\/div>\n\t\t\t\t\t<\/div>\n\t\t<\/section>\n\t\t\t\t<section class=\"elementor-section elementor-top-section elementor-element elementor-element-dffe716 elementor-section-boxed elementor-section-height-default elementor-section-height-default\" data-id=\"dffe716\" data-element_type=\"section\">\n\t\t\t\t\t\t<div class=\"elementor-container elementor-column-gap-default\">\n\t\t\t\t\t<div class=\"elementor-column elementor-col-100 elementor-top-column elementor-element elementor-element-e1a3ce9\" data-id=\"e1a3ce9\" data-element_type=\"column\">\n\t\t\t<div class=\"elementor-widget-wrap elementor-element-populated\">\n\t\t\t\t\t\t<div class=\"elementor-element elementor-element-9743715 elementor-widget elementor-widget-heading\" data-id=\"9743715\" data-element_type=\"widget\" data-widget_type=\"heading.default\">\n\t\t\t\t\t<h2 class=\"elementor-heading-title elementor-size-default\">Odpov\u011b\u010f na ka\u017ed\u00fd v\u00fdrobek V\u00f6gel - jeden QR k\u00f3d<\/h2>\t\t\t\t<\/div>\n\t\t\t\t<div class=\"elementor-element elementor-element-edf3e53 elementor-widget elementor-widget-text-editor\" data-id=\"edf3e53\" data-element_type=\"widget\" data-widget_type=\"text-editor.default\">\n\t\t\t\t\t\t\t\t\t<p class=\"s2\"><span style=\"font-weight: 400;\">QR k\u00f3d na obalu v\u00fdrobk\u016f V\u00f6gel nen\u00ed dekorace, ale skute\u010dn\u00fd pomocn\u00edk. Jedin\u00fdm naskenov\u00e1n\u00edm z\u00edsk\u00e1te p\u0159\u00edstup k instrukt\u00e1\u017en\u00edm vide\u00edm, kter\u00e1 <\/span><b>krok za krokem<\/b><span style=\"font-weight: 400;\"> v\u00e1m uk\u00e1\u017ee, jak v\u00fdrobek spr\u00e1vn\u011b pou\u017e\u00edvat.<\/span><\/p>\t\t\t\t\t\t\t\t<\/div>\n\t\t\t\t\t<\/div>\n\t\t<\/div>\n\t\t\t\t\t<\/div>\n\t\t<\/section>\n\t\t\t\t<section class=\"elementor-section elementor-top-section elementor-element elementor-element-689a839 elementor-section-boxed elementor-section-height-default elementor-section-height-default\" data-id=\"689a839\" data-element_type=\"section\">\n\t\t\t\t\t\t<div class=\"elementor-container elementor-column-gap-default\">\n\t\t\t\t\t<div class=\"elementor-column elementor-col-100 elementor-top-column elementor-element elementor-element-ed385c0\" data-id=\"ed385c0\" data-element_type=\"column\">\n\t\t\t<div class=\"elementor-widget-wrap elementor-element-populated\">\n\t\t\t\t\t\t<section class=\"elementor-section elementor-inner-section elementor-element elementor-element-eacf027 elementor-section-boxed elementor-section-height-default elementor-section-height-default\" data-id=\"eacf027\" data-element_type=\"section\">\n\t\t\t\t\t\t<div class=\"elementor-container elementor-column-gap-default\">\n\t\t\t\t\t<div class=\"elementor-column elementor-col-50 elementor-inner-column elementor-element elementor-element-e30e1f9\" data-id=\"e30e1f9\" data-element_type=\"column\">\n\t\t\t<div class=\"elementor-widget-wrap elementor-element-populated\">\n\t\t\t\t\t\t<div class=\"elementor-element elementor-element-126811d elementor-widget elementor-widget-image\" data-id=\"126811d\" data-element_type=\"widget\" data-widget_type=\"image.default\">\n\t\t\t\t\t\t\t\t\t\t\t\t\t\t\t<img decoding=\"async\" width=\"1024\" height=\"1536\" src=\"https:\/\/voegel.hu\/wp-content\/uploads\/2026\/01\/nepszeru-jobb-blog-kep-1.png\" class=\"attachment-full size-full wp-image-268\" alt=\"\" srcset=\"https:\/\/voegel.hu\/wp-content\/uploads\/2026\/01\/nepszeru-jobb-blog-kep-1.png 1024w, https:\/\/voegel.hu\/wp-content\/uploads\/2026\/01\/nepszeru-jobb-blog-kep-1-200x300.png 200w, https:\/\/voegel.hu\/wp-content\/uploads\/2026\/01\/nepszeru-jobb-blog-kep-1-683x1024.png 683w, https:\/\/voegel.hu\/wp-content\/uploads\/2026\/01\/nepszeru-jobb-blog-kep-1-768x1152.png 768w\" sizes=\"(max-width: 1024px) 100vw, 1024px\" \/>\t\t\t\t\t\t\t\t\t\t\t\t\t\t\t<\/div>\n\t\t\t\t\t<\/div>\n\t\t<\/div>\n\t\t\t\t<div class=\"elementor-column elementor-col-50 elementor-inner-column elementor-element elementor-element-da7c479\" data-id=\"da7c479\" data-element_type=\"column\">\n\t\t\t<div class=\"elementor-widget-wrap elementor-element-populated\">\n\t\t\t\t\t\t<div class=\"elementor-element elementor-element-2c8d163 elementor-widget elementor-widget-heading\" data-id=\"2c8d163\" data-element_type=\"widget\" data-widget_type=\"heading.default\">\n\t\t\t\t\t<h2 class=\"elementor-heading-title elementor-size-default\">Nemus\u00edte proch\u00e1zet dlouh\u00e9 popisy ani h\u00e1dat. Videa odpov\u00eddaj\u00ed na b\u011b\u017en\u00e9 ot\u00e1zky praktick\u00fdm a srozumiteln\u00fdm zp\u016fsobem:<\/h2>\t\t\t\t<\/div>\n\t\t\t\t<div class=\"elementor-element elementor-element-c32ae27 elementor-icon-list--layout-traditional elementor-list-item-link-full_width elementor-widget elementor-widget-icon-list\" data-id=\"c32ae27\" data-element_type=\"widget\" data-widget_type=\"icon-list.default\">\n\t\t\t\t\t\t\t<ul class=\"elementor-icon-list-items\">\n\t\t\t\t\t\t\t<li class=\"elementor-icon-list-item\">\n\t\t\t\t\t\t\t\t\t\t\t<span class=\"elementor-icon-list-icon\">\n\t\t\t\t\t\t\t<svg aria-hidden=\"true\" class=\"e-font-icon-svg e-fas-check-circle\" viewbox=\"0 0 512 512\" xmlns=\"http:\/\/www.w3.org\/2000\/svg\"><path d=\"M504 256c0 136.967-111.033 248-248 248S8 392.967 8 256 119.033 8 256 8s248 111.033 248 248zM227.314 387.314l184-184c6.248-6.248 6.248-16.379 0-22.627l-22.627-22.627c-6.248-6.249-16.379-6.249-22.628 0L216 308.118l-70.059-70.059c-6.248-6.248-16.379-6.248-22.628 0l-22.627 22.627c-6.248 6.248-6.248 16.379 0 22.627l104 104c6.249 6.249 16.379 6.249 22.628.001z\"><\/path><\/svg>\t\t\t\t\t\t<\/span>\n\t\t\t\t\t\t\t\t\t\t<span class=\"elementor-icon-list-text\">na jak\u00fd povrch lze v\u00fdrobek pou\u017e\u00edt,<\/span>\n\t\t\t\t\t\t\t\t\t<\/li>\n\t\t\t\t\t\t\t\t<li class=\"elementor-icon-list-item\">\n\t\t\t\t\t\t\t\t\t\t\t<span class=\"elementor-icon-list-icon\">\n\t\t\t\t\t\t\t<svg aria-hidden=\"true\" class=\"e-font-icon-svg e-fas-check-circle\" viewbox=\"0 0 512 512\" xmlns=\"http:\/\/www.w3.org\/2000\/svg\"><path d=\"M504 256c0 136.967-111.033 248-248 248S8 392.967 8 256 119.033 8 256 8s248 111.033 248 248zM227.314 387.314l184-184c6.248-6.248 6.248-16.379 0-22.627l-22.627-22.627c-6.248-6.249-16.379-6.249-22.628 0L216 308.118l-70.059-70.059c-6.248-6.248-16.379-6.248-22.628 0l-22.627 22.627c-6.248 6.248-6.248 16.379 0 22.627l104 104c6.249 6.249 16.379 6.249 22.628.001z\"><\/path><\/svg>\t\t\t\t\t\t<\/span>\n\t\t\t\t\t\t\t\t\t\t<span class=\"elementor-icon-list-text\">jak\u00e9 jsou ide\u00e1ln\u00ed pov\u011btrnostn\u00ed podm\u00ednky,<\/span>\n\t\t\t\t\t\t\t\t\t<\/li>\n\t\t\t\t\t\t\t\t<li class=\"elementor-icon-list-item\">\n\t\t\t\t\t\t\t\t\t\t\t<span class=\"elementor-icon-list-icon\">\n\t\t\t\t\t\t\t<svg aria-hidden=\"true\" class=\"e-font-icon-svg e-fas-check-circle\" viewbox=\"0 0 512 512\" xmlns=\"http:\/\/www.w3.org\/2000\/svg\"><path d=\"M504 256c0 136.967-111.033 248-248 248S8 392.967 8 256 119.033 8 256 8s248 111.033 248 248zM227.314 387.314l184-184c6.248-6.248 6.248-16.379 0-22.627l-22.627-22.627c-6.248-6.249-16.379-6.249-22.628 0L216 308.118l-70.059-70.059c-6.248-6.248-16.379-6.248-22.628 0l-22.627 22.627c-6.248 6.248-6.248 16.379 0 22.627l104 104c6.249 6.249 16.379 6.249 22.628.001z\"><\/path><\/svg>\t\t\t\t\t\t<\/span>\n\t\t\t\t\t\t\t\t\t\t<span class=\"elementor-icon-list-text\">jak\u00e1 je doba sbli\u017eov\u00e1n\u00ed,<\/span>\n\t\t\t\t\t\t\t\t\t<\/li>\n\t\t\t\t\t\t\t\t<li class=\"elementor-icon-list-item\">\n\t\t\t\t\t\t\t\t\t\t\t<span class=\"elementor-icon-list-icon\">\n\t\t\t\t\t\t\t<svg aria-hidden=\"true\" class=\"e-font-icon-svg e-fas-check-circle\" viewbox=\"0 0 512 512\" xmlns=\"http:\/\/www.w3.org\/2000\/svg\"><path d=\"M504 256c0 136.967-111.033 248-248 248S8 392.967 8 256 119.033 8 256 8s248 111.033 248 248zM227.314 387.314l184-184c6.248-6.248 6.248-16.379 0-22.627l-22.627-22.627c-6.248-6.249-16.379-6.249-22.628 0L216 308.118l-70.059-70.059c-6.248-6.248-16.379-6.248-22.628 0l-22.627 22.627c-6.248 6.248-6.248 16.379 0 22.627l104 104c6.249 6.249 16.379 6.249 22.628.001z\"><\/path><\/svg>\t\t\t\t\t\t<\/span>\n\t\t\t\t\t\t\t\t\t\t<span class=\"elementor-icon-list-text\">kdy m\u016f\u017ee b\u00fdt nalo\u017eeno, nat\u0159eno nebo vystaveno p\u016fsoben\u00ed vody,<\/span>\n\t\t\t\t\t\t\t\t\t<\/li>\n\t\t\t\t\t\t\t\t<li class=\"elementor-icon-list-item\">\n\t\t\t\t\t\t\t\t\t\t\t<span class=\"elementor-icon-list-icon\">\n\t\t\t\t\t\t\t<svg aria-hidden=\"true\" class=\"e-font-icon-svg e-fas-check-circle\" viewbox=\"0 0 512 512\" xmlns=\"http:\/\/www.w3.org\/2000\/svg\"><path d=\"M504 256c0 136.967-111.033 248-248 248S8 392.967 8 256 119.033 8 256 8s248 111.033 248 248zM227.314 387.314l184-184c6.248-6.248 6.248-16.379 0-22.627l-22.627-22.627c-6.248-6.249-16.379-6.249-22.628 0L216 308.118l-70.059-70.059c-6.248-6.248-16.379-6.248-22.628 0l-22.627 22.627c-6.248 6.248-6.248 16.379 0 22.627l104 104c6.249 6.249 16.379 6.249 22.628.001z\"><\/path><\/svg>\t\t\t\t\t\t<\/span>\n\t\t\t\t\t\t\t\t\t\t<span class=\"elementor-icon-list-text\">na co se zam\u011b\u0159it, aby v\u00fdsledek byl dlouhodob\u00fd a estetick\u00fd.<\/span>\n\t\t\t\t\t\t\t\t\t<\/li>\n\t\t\t\t\t\t<\/ul>\n\t\t\t\t\t\t<\/div>\n\t\t\t\t<div class=\"elementor-element elementor-element-e61174f elementor-widget elementor-widget-text-editor\" data-id=\"e61174f\" data-element_type=\"widget\" data-widget_type=\"text-editor.default\">\n\t\t\t\t\t\t\t\t\t<p><span style=\"font-weight: 400;\">A\u0165 u\u017e se jedn\u00e1 o lepidlo, tmel nebo mont\u00e1\u017en\u00ed p\u011bnu, videa s QR k\u00f3dem V\u00f6gel <\/span><b>v re\u00e1ln\u00fdch situac\u00edch<\/b><span style=\"font-weight: 400;\"> v\u00e1m uk\u00e1\u017ee spr\u00e1vn\u00e9 \u0159e\u0161en\u00ed. Z\u00e1kazn\u00edk si tak m\u016f\u017ee b\u00fdt jist\u00fd, \u017ee z v\u00fdrobku vyt\u011b\u017e\u00ed maximum - napoprv\u00e9, bez chyb.<\/span><\/p><p class=\"s2\"><span style=\"font-weight: 400;\">Filozofie spole\u010dnosti V\u00f6gel je jednoduch\u00e1: <\/span><b>nejen dobr\u00fd produkt, ale i znalosti<\/b><span style=\"font-weight: 400;\">. Sta\u010d\u00ed jeden QR k\u00f3d a v\u0161echny va\u0161e ot\u00e1zky jsou zodpov\u011bzeny.<\/span><\/p>\t\t\t\t\t\t\t\t<\/div>\n\t\t\t\t\t<\/div>\n\t\t<\/div>\n\t\t\t\t\t<\/div>\n\t\t<\/section>\n\t\t\t\t\t<\/div>\n\t\t<\/div>\n\t\t\t\t\t<\/div>\n\t\t<\/section>\n\t\t\t\t<\/div>","protected":false},"excerpt":{"rendered":"<p>Minden V\u00f6gel term\u00e9khez ott a v\u00e1lasz \u2013 egy QR-k\u00f3dra A V\u00f6gel term\u00e9kek csomagol\u00e1s\u00e1n tal\u00e1lhat\u00f3 QR-k\u00f3d nem d\u00edsz, hanem val\u00f3di seg\u00edts\u00e9g. Egyetlen beolvas\u00e1ssal el\u00e9rhet\u0151ek azok a haszn\u00e1lati vide\u00f3k, amelyek l\u00e9p\u00e9sr\u0151l l\u00e9p\u00e9sre mutatj\u00e1k meg, hogyan kell az adott term\u00e9ket helyesen alkalmazni. Nem kell hossz\u00fa le\u00edr\u00e1sokat b\u00f6ng\u00e9szni vagy tal\u00e1lgatni. A vide\u00f3k gyakorlatiasan \u00e9s \u00e9rthet\u0151en v\u00e1laszt adnak a leggyakoribb &#8230; <a title=\"QR-k\u00f3d\" class=\"read-more\" href=\"https:\/\/voegel.hu\/cs\/qr-kod\/\" aria-label=\"\u010c\u00edst v\u00edce o QR-k\u00f3d\">\u010c\u00edst d\u00e1l<\/a><\/p>","protected":false},"author":1,"featured_media":0,"parent":0,"menu_order":0,"comment_status":"closed","ping_status":"closed","template":"elementor_header_footer","meta":{"footnotes":""},"class_list":["post-264","page","type-page","status-publish"],"_links":{"self":[{"href":"https:\/\/voegel.hu\/cs\/wp-json\/wp\/v2\/pages\/264","targetHints":{"allow":["GET"]}}],"collection":[{"href":"https:\/\/voegel.hu\/cs\/wp-json\/wp\/v2\/pages"}],"about":[{"href":"https:\/\/voegel.hu\/cs\/wp-json\/wp\/v2\/types\/page"}],"author":[{"embeddable":true,"href":"https:\/\/voegel.hu\/cs\/wp-json\/wp\/v2\/users\/1"}],"replies":[{"embeddable":true,"href":"https:\/\/voegel.hu\/cs\/wp-json\/wp\/v2\/comments?post=264"}],"version-history":[{"count":13,"href":"https:\/\/voegel.hu\/cs\/wp-json\/wp\/v2\/pages\/264\/revisions"}],"predecessor-version":[{"id":280,"href":"https:\/\/voegel.hu\/cs\/wp-json\/wp\/v2\/pages\/264\/revisions\/280"}],"wp:attachment":[{"href":"https:\/\/voegel.hu\/cs\/wp-json\/wp\/v2\/media?parent=264"}],"curies":[{"name":"wp","href":"https:\/\/api.w.org\/{rel}","templated":true}]}}