{"id":229,"date":"2026-01-21T12:13:52","date_gmt":"2026-01-21T11:13:52","guid":{"rendered":"https:\/\/voegel.hu\/?page_id=229"},"modified":"2026-01-24T04:22:28","modified_gmt":"2026-01-24T03:22:28","slug":"fenntarthatosag","status":"publish","type":"page","link":"https:\/\/voegel.hu\/cs\/fenntarthatosag\/","title":{"rendered":"Udr\u017eitelnost"},"content":{"rendered":"<div data-elementor-type=\"wp-page\" data-elementor-id=\"229\" class=\"elementor elementor-229\" data-elementor-post-type=\"page\">\n\t\t\t\t\t\t<section class=\"elementor-section elementor-top-section elementor-element elementor-element-53a8b3d elementor-section-boxed elementor-section-height-default elementor-section-height-default\" data-id=\"53a8b3d\" data-element_type=\"section\">\n\t\t\t\t\t\t<div class=\"elementor-container elementor-column-gap-default\">\n\t\t\t\t\t<div class=\"elementor-column elementor-col-100 elementor-top-column elementor-element elementor-element-e0b6a6f\" data-id=\"e0b6a6f\" data-element_type=\"column\">\n\t\t\t<div class=\"elementor-widget-wrap elementor-element-populated\">\n\t\t\t\t\t\t<div class=\"elementor-element elementor-element-c6b936e elementor-widget elementor-widget-image\" data-id=\"c6b936e\" data-element_type=\"widget\" data-widget_type=\"image.default\">\n\t\t\t\t\t\t\t\t\t\t\t\t\t\t\t<img fetchpriority=\"high\" decoding=\"async\" width=\"1340\" height=\"701\" src=\"https:\/\/voegel.hu\/wp-content\/uploads\/2026\/01\/voegel_sustainbility_png-1340x701-1.png\" class=\"attachment-full size-full wp-image-376\" alt=\"\" srcset=\"https:\/\/voegel.hu\/wp-content\/uploads\/2026\/01\/voegel_sustainbility_png-1340x701-1.png 1340w, https:\/\/voegel.hu\/wp-content\/uploads\/2026\/01\/voegel_sustainbility_png-1340x701-1-300x157.png 300w, https:\/\/voegel.hu\/wp-content\/uploads\/2026\/01\/voegel_sustainbility_png-1340x701-1-1024x536.png 1024w, https:\/\/voegel.hu\/wp-content\/uploads\/2026\/01\/voegel_sustainbility_png-1340x701-1-768x402.png 768w\" sizes=\"(max-width: 1340px) 100vw, 1340px\" \/>\t\t\t\t\t\t\t\t\t\t\t\t\t\t\t<\/div>\n\t\t\t\t\t<\/div>\n\t\t<\/div>\n\t\t\t\t\t<\/div>\n\t\t<\/section>\n\t\t\t\t<section class=\"elementor-section elementor-top-section elementor-element elementor-element-7e330cb elementor-section-boxed elementor-section-height-default elementor-section-height-default\" data-id=\"7e330cb\" data-element_type=\"section\">\n\t\t\t\t\t\t<div class=\"elementor-container elementor-column-gap-default\">\n\t\t\t\t\t<div class=\"elementor-column elementor-col-100 elementor-top-column elementor-element elementor-element-49dd35d\" data-id=\"49dd35d\" data-element_type=\"column\">\n\t\t\t<div class=\"elementor-widget-wrap elementor-element-populated\">\n\t\t\t\t\t\t<div class=\"elementor-element elementor-element-f6e7a98 elementor-widget elementor-widget-heading\" data-id=\"f6e7a98\" data-element_type=\"widget\" data-widget_type=\"heading.default\">\n\t\t\t\t\t<h2 class=\"elementor-heading-title elementor-size-default\">Udr\u017eitelnost<\/h2>\t\t\t\t<\/div>\n\t\t\t\t<div class=\"elementor-element elementor-element-e035feb elementor-widget elementor-widget-text-editor\" data-id=\"e035feb\" data-element_type=\"widget\" data-widget_type=\"text-editor.default\">\n\t\t\t\t\t\t\t\t\t<p><strong><span dir=\"auto\">Ve spole\u010dnosti Vogel se zavazujeme k odpov\u011bdn\u00e9mu p\u0159\u00edstupu a k vytv\u00e1\u0159en\u00ed \u010dist\u0161\u00ed, bezpe\u010dn\u011bj\u0161\u00ed a udr\u017eiteln\u011bj\u0161\u00ed budoucnosti. Respektujeme lidi, \u017eivotn\u00ed prost\u0159ed\u00ed a komunity, ve kter\u00fdch p\u016fsob\u00edme.<\/span><\/strong><\/p><p data-start=\"693\" data-end=\"909\"><span dir=\"auto\">Aktivn\u011b zav\u00e1d\u00edme praktick\u00e1 a m\u011b\u0159iteln\u00e1 opat\u0159en\u00ed, kter\u00e1 sni\u017euj\u00ed na\u0161i ekologickou stopu a podporuj\u00ed dlouhodobou udr\u017eitelnost.<\/span><\/p>\t\t\t\t\t\t\t\t<\/div>\n\t\t\t\t\t<\/div>\n\t\t<\/div>\n\t\t\t\t\t<\/div>\n\t\t<\/section>\n\t\t\t\t<section class=\"elementor-section elementor-top-section elementor-element elementor-element-6521e3b elementor-section-boxed elementor-section-height-default elementor-section-height-default\" data-id=\"6521e3b\" data-element_type=\"section\">\n\t\t\t\t\t\t<div class=\"elementor-container elementor-column-gap-default\">\n\t\t\t\t\t<div class=\"elementor-column elementor-col-100 elementor-top-column elementor-element elementor-element-45d0615\" data-id=\"45d0615\" data-element_type=\"column\">\n\t\t\t<div class=\"elementor-widget-wrap elementor-element-populated\">\n\t\t\t\t\t\t<div class=\"elementor-element elementor-element-bb9f273 elementor-widget elementor-widget-heading\" data-id=\"bb9f273\" data-element_type=\"widget\" data-widget_type=\"heading.default\">\n\t\t\t\t\t<h2 class=\"elementor-heading-title elementor-size-default\">Co d\u011bl\u00e1me pro minimalizaci na\u0161\u00ed ekologick\u00e9 stopy\n<\/h2>\t\t\t\t<\/div>\n\t\t\t\t<div class=\"elementor-element elementor-element-e4c376a elementor-icon-list--layout-traditional elementor-list-item-link-full_width elementor-widget elementor-widget-icon-list\" data-id=\"e4c376a\" data-element_type=\"widget\" data-widget_type=\"icon-list.default\">\n\t\t\t\t\t\t\t<ul class=\"elementor-icon-list-items\">\n\t\t\t\t\t\t\t<li class=\"elementor-icon-list-item\">\n\t\t\t\t\t\t\t\t\t\t\t<span class=\"elementor-icon-list-icon\">\n\t\t\t\t\t\t\t<svg aria-hidden=\"true\" class=\"e-font-icon-svg e-fas-arrow-circle-right\" viewbox=\"0 0 512 512\" xmlns=\"http:\/\/www.w3.org\/2000\/svg\"><path d=\"M256 8c137 0 248 111 248 248S393 504 256 504 8 393 8 256 119 8 256 8zm-28.9 143.6l75.5 72.4H120c-13.3 0-24 10.7-24 24v16c0 13.3 10.7 24 24 24h182.6l-75.5 72.4c-9.7 9.3-9.9 24.8-.4 34.3l11 10.9c9.4 9.4 24.6 9.4 33.9 0L404.3 273c9.4-9.4 9.4-24.6 0-33.9L271.6 106.3c-9.4-9.4-24.6-9.4-33.9 0l-11 10.9c-9.5 9.6-9.3 25.1.4 34.4z\"><\/path><\/svg>\t\t\t\t\t\t<\/span>\n\t\t\t\t\t\t\t\t\t\t<span class=\"elementor-icon-list-text\">Neust\u00e1le optimalizujeme na\u0161e slo\u017een\u00ed, abychom sn\u00ed\u017eili \u0161kodliv\u00e9 emise a zlep\u0161ili ekologick\u00e9 vlastnosti.<\/span>\n\t\t\t\t\t\t\t\t\t<\/li>\n\t\t\t\t\t\t\t\t<li class=\"elementor-icon-list-item\">\n\t\t\t\t\t\t\t\t\t\t\t<span class=\"elementor-icon-list-icon\">\n\t\t\t\t\t\t\t<svg aria-hidden=\"true\" class=\"e-font-icon-svg e-fas-arrow-circle-right\" viewbox=\"0 0 512 512\" xmlns=\"http:\/\/www.w3.org\/2000\/svg\"><path d=\"M256 8c137 0 248 111 248 248S393 504 256 504 8 393 8 256 119 8 256 8zm-28.9 143.6l75.5 72.4H120c-13.3 0-24 10.7-24 24v16c0 13.3 10.7 24 24 24h182.6l-75.5 72.4c-9.7 9.3-9.9 24.8-.4 34.3l11 10.9c9.4 9.4 24.6 9.4 33.9 0L404.3 273c9.4-9.4 9.4-24.6 0-33.9L271.6 106.3c-9.4-9.4-24.6-9.4-33.9 0l-11 10.9c-9.5 9.6-9.3 25.1.4 34.4z\"><\/path><\/svg>\t\t\t\t\t\t<\/span>\n\t\t\t\t\t\t\t\t\t\t<span class=\"elementor-icon-list-text\">Ve v\u00fdrob\u011b a logistice zav\u00e1d\u00edme programy na sn\u00ed\u017een\u00ed mno\u017estv\u00ed odpadu.<\/span>\n\t\t\t\t\t\t\t\t\t<\/li>\n\t\t\t\t\t\t\t\t<li class=\"elementor-icon-list-item\">\n\t\t\t\t\t\t\t\t\t\t\t<span class=\"elementor-icon-list-icon\">\n\t\t\t\t\t\t\t<svg aria-hidden=\"true\" class=\"e-font-icon-svg e-fas-arrow-circle-right\" viewbox=\"0 0 512 512\" xmlns=\"http:\/\/www.w3.org\/2000\/svg\"><path d=\"M256 8c137 0 248 111 248 248S393 504 256 504 8 393 8 256 119 8 256 8zm-28.9 143.6l75.5 72.4H120c-13.3 0-24 10.7-24 24v16c0 13.3 10.7 24 24 24h182.6l-75.5 72.4c-9.7 9.3-9.9 24.8-.4 34.3l11 10.9c9.4 9.4 24.6 9.4 33.9 0L404.3 273c9.4-9.4 9.4-24.6 0-33.9L271.6 106.3c-9.4-9.4-24.6-9.4-33.9 0l-11 10.9c-9.5 9.6-9.3 25.1.4 34.4z\"><\/path><\/svg>\t\t\t\t\t\t<\/span>\n\t\t\t\t\t\t\t\t\t\t<span class=\"elementor-icon-list-text\">Pokud je to mo\u017en\u00e9, d\u00e1v\u00e1me p\u0159ednost recyklovateln\u00fdm obalov\u00fdm materi\u00e1l\u016fm.<\/span>\n\t\t\t\t\t\t\t\t\t<\/li>\n\t\t\t\t\t\t\t\t<li class=\"elementor-icon-list-item\">\n\t\t\t\t\t\t\t\t\t\t\t<span class=\"elementor-icon-list-icon\">\n\t\t\t\t\t\t\t<svg aria-hidden=\"true\" class=\"e-font-icon-svg e-fas-arrow-circle-right\" viewbox=\"0 0 512 512\" xmlns=\"http:\/\/www.w3.org\/2000\/svg\"><path d=\"M256 8c137 0 248 111 248 248S393 504 256 504 8 393 8 256 119 8 256 8zm-28.9 143.6l75.5 72.4H120c-13.3 0-24 10.7-24 24v16c0 13.3 10.7 24 24 24h182.6l-75.5 72.4c-9.7 9.3-9.9 24.8-.4 34.3l11 10.9c9.4 9.4 24.6 9.4 33.9 0L404.3 273c9.4-9.4 9.4-24.6 0-33.9L271.6 106.3c-9.4-9.4-24.6-9.4-33.9 0l-11 10.9c-9.5 9.6-9.3 25.1.4 34.4z\"><\/path><\/svg>\t\t\t\t\t\t<\/span>\n\t\t\t\t\t\t\t\t\t\t<span class=\"elementor-icon-list-text\">Investujeme do energeticky \u00fa\u010dinn\u00fdch technologi\u00ed a proces\u016f, kter\u00e9 sni\u017euj\u00ed celkovou spot\u0159ebu.<\/span>\n\t\t\t\t\t\t\t\t\t<\/li>\n\t\t\t\t\t\t\t\t<li class=\"elementor-icon-list-item\">\n\t\t\t\t\t\t\t\t\t\t\t<span class=\"elementor-icon-list-icon\">\n\t\t\t\t\t\t\t<svg aria-hidden=\"true\" class=\"e-font-icon-svg e-fas-arrow-circle-right\" viewbox=\"0 0 512 512\" xmlns=\"http:\/\/www.w3.org\/2000\/svg\"><path d=\"M256 8c137 0 248 111 248 248S393 504 256 504 8 393 8 256 119 8 256 8zm-28.9 143.6l75.5 72.4H120c-13.3 0-24 10.7-24 24v16c0 13.3 10.7 24 24 24h182.6l-75.5 72.4c-9.7 9.3-9.9 24.8-.4 34.3l11 10.9c9.4 9.4 24.6 9.4 33.9 0L404.3 273c9.4-9.4 9.4-24.6 0-33.9L271.6 106.3c-9.4-9.4-24.6-9.4-33.9 0l-11 10.9c-9.5 9.6-9.3 25.1.4 34.4z\"><\/path><\/svg>\t\t\t\t\t\t<\/span>\n\t\t\t\t\t\t\t\t\t\t<span class=\"elementor-icon-list-text\">Spolupracujeme s dodavateli, kte\u0159\u00ed dodr\u017euj\u00ed z\u00e1sady odpov\u011bdn\u00e9ho zad\u00e1v\u00e1n\u00ed ve\u0159ejn\u00fdch zak\u00e1zek.<\/span>\n\t\t\t\t\t\t\t\t\t<\/li>\n\t\t\t\t\t\t<\/ul>\n\t\t\t\t\t\t<\/div>\n\t\t\t\t\t<\/div>\n\t\t<\/div>\n\t\t\t\t\t<\/div>\n\t\t<\/section>\n\t\t\t\t<section class=\"elementor-section elementor-top-section elementor-element elementor-element-d6227b0 elementor-section-boxed elementor-section-height-default elementor-section-height-default\" data-id=\"d6227b0\" data-element_type=\"section\">\n\t\t\t\t\t\t<div class=\"elementor-container elementor-column-gap-default\">\n\t\t\t\t\t<div class=\"elementor-column elementor-col-100 elementor-top-column elementor-element elementor-element-2cfba22\" data-id=\"2cfba22\" data-element_type=\"column\">\n\t\t\t<div class=\"elementor-widget-wrap elementor-element-populated\">\n\t\t\t\t\t\t<div class=\"elementor-element elementor-element-98539ac elementor-widget elementor-widget-heading\" data-id=\"98539ac\" data-element_type=\"widget\" data-widget_type=\"heading.default\">\n\t\t\t\t\t<h2 class=\"elementor-heading-title elementor-size-default\">Spolupr\u00e1ce s \u00fa\u0159ady\n<\/h2>\t\t\t\t<\/div>\n\t\t\t\t<div class=\"elementor-element elementor-element-c3e434e elementor-widget elementor-widget-text-editor\" data-id=\"c3e434e\" data-element_type=\"widget\" data-widget_type=\"text-editor.default\">\n\t\t\t\t\t\t\t\t\t<p data-start=\"1428\" data-end=\"1683\"><span dir=\"auto\">V\u00f6gel pln\u011b vyhovuje n\u00e1rodn\u00edm a evropsk\u00fdm p\u0159edpis\u016fm.<\/span><br data-start=\"1498\" data-end=\"1501\" \/><span dir=\"auto\">Pr\u016fb\u011b\u017en\u011b spolupracujeme s m\u00edstn\u00edmi \u00fa\u0159ady, agenturami pro \u017eivotn\u00ed prost\u0159ed\u00ed a regula\u010dn\u00edmi org\u00e1ny, abychom zajistili, \u017ee na\u0161e \u010dinnosti spl\u0148uj\u00ed v\u0161echny z\u00e1konn\u00e9 po\u017eadavky a pr\u016fmyslov\u00e9 normy.<\/span><\/p>\t\t\t\t\t\t\t\t<\/div>\n\t\t\t\t\t<\/div>\n\t\t<\/div>\n\t\t\t\t\t<\/div>\n\t\t<\/section>\n\t\t\t\t<section class=\"elementor-section elementor-top-section elementor-element elementor-element-5abd9e0 elementor-section-boxed elementor-section-height-default elementor-section-height-default\" data-id=\"5abd9e0\" data-element_type=\"section\">\n\t\t\t\t\t\t<div class=\"elementor-container elementor-column-gap-default\">\n\t\t\t\t\t<div class=\"elementor-column elementor-col-100 elementor-top-column elementor-element elementor-element-986f78b\" data-id=\"986f78b\" data-element_type=\"column\">\n\t\t\t<div class=\"elementor-widget-wrap elementor-element-populated\">\n\t\t\t\t\t\t<div class=\"elementor-element elementor-element-d92a563 elementor-widget elementor-widget-heading\" data-id=\"d92a563\" data-element_type=\"widget\" data-widget_type=\"heading.default\">\n\t\t\t\t\t<h2 class=\"elementor-heading-title elementor-size-default\">Na\u0161e zam\u011b\u0159en\u00ed<\/h2>\t\t\t\t<\/div>\n\t\t\t\t<div class=\"elementor-element elementor-element-219b0ac elementor-widget elementor-widget-text-editor\" data-id=\"219b0ac\" data-element_type=\"widget\" data-widget_type=\"text-editor.default\">\n\t\t\t\t\t\t\t\t\t<p data-start=\"1428\" data-end=\"1683\"><strong data-start=\"1775\" data-end=\"1795\"><span dir=\"auto\">Od rozs\u00e1hl\u00e9ho pod\u00e1v\u00e1n\u00ed zpr\u00e1v o udr\u017eitelnosti k praktick\u00fdm opat\u0159en\u00edm<\/span><\/strong><span dir=\"auto\">\u00a0a\u00a0<\/span><strong data-start=\"1800\" data-end=\"1829\"><span dir=\"auto\">transparentn\u00ed komunikace<\/span><\/strong><span dir=\"auto\">\u00a0je na\u0161\u00ed prioritou.<\/span><br data-start=\"1830\" data-end=\"1833\" \/><span dir=\"auto\">Zam\u011b\u0159ujeme se na odpov\u011bdnou v\u00fdrobu, neust\u00e1l\u00e9 zlep\u0161ov\u00e1n\u00ed a udr\u017eov\u00e1n\u00ed pozitivn\u00edho dopadu v cel\u00e9m hodnotov\u00e9m \u0159et\u011bzci.<\/span><\/p>\t\t\t\t\t\t\t\t<\/div>\n\t\t\t\t\t<\/div>\n\t\t<\/div>\n\t\t\t\t\t<\/div>\n\t\t<\/section>\n\t\t\t\t<section class=\"elementor-section elementor-top-section elementor-element elementor-element-2282ceb elementor-section-boxed elementor-section-height-default elementor-section-height-default\" data-id=\"2282ceb\" data-element_type=\"section\">\n\t\t\t\t\t\t<div class=\"elementor-container elementor-column-gap-default\">\n\t\t\t\t\t<div class=\"elementor-column elementor-col-100 elementor-top-column elementor-element elementor-element-dd28e54\" data-id=\"dd28e54\" data-element_type=\"column\">\n\t\t\t<div class=\"elementor-widget-wrap elementor-element-populated\">\n\t\t\t\t\t\t<div class=\"elementor-element elementor-element-ca58a06 elementor-widget elementor-widget-heading\" data-id=\"ca58a06\" data-element_type=\"widget\" data-widget_type=\"heading.default\">\n\t\t\t\t\t<h2 class=\"elementor-heading-title elementor-size-default\">Pom\u00e1h\u00e1me v\u00e1m\n<\/h2>\t\t\t\t<\/div>\n\t\t\t\t<div class=\"elementor-element elementor-element-79b1401 elementor-widget elementor-widget-toggle\" data-id=\"79b1401\" data-element_type=\"widget\" data-widget_type=\"toggle.default\">\n\t\t\t\t\t\t\t<div class=\"elementor-toggle\">\n\t\t\t\t\t\t\t<div class=\"elementor-toggle-item\">\n\t\t\t\t\t<div id=\"elementor-tab-title-1271\" class=\"elementor-tab-title\" data-tab=\"1\" role=\"button\" aria-controls=\"elementor-tab-content-1271\" aria-expanded=\"false\">\n\t\t\t\t\t\t\t\t\t\t\t\t<span class=\"elementor-toggle-icon elementor-toggle-icon-right\" aria-hidden=\"true\">\n\t\t\t\t\t\t\t\t\t\t\t\t\t\t\t<span class=\"elementor-toggle-icon-closed\"><svg class=\"e-font-icon-svg e-fas-chevron-down\" viewbox=\"0 0 448 512\" xmlns=\"http:\/\/www.w3.org\/2000\/svg\"><path d=\"M207.029 381.476L12.686 187.132c-9.373-9.373-9.373-24.569 0-33.941l22.667-22.667c9.357-9.357 24.522-9.375 33.901-.04L224 284.505l154.745-154.021c9.379-9.335 24.544-9.317 33.901.04l22.667 22.667c9.373 9.373 9.373 24.569 0 33.941L240.971 381.476c-9.373 9.372-24.569 9.372-33.942 0z\"><\/path><\/svg><\/span>\n\t\t\t\t\t\t\t\t<span class=\"elementor-toggle-icon-opened\"><svg class=\"elementor-toggle-icon-opened e-font-icon-svg e-fas-chevron-up\" viewbox=\"0 0 448 512\" xmlns=\"http:\/\/www.w3.org\/2000\/svg\"><path d=\"M240.971 130.524l194.343 194.343c9.373 9.373 9.373 24.569 0 33.941l-22.667 22.667c-9.357 9.357-24.522 9.375-33.901.04L224 227.495 69.255 381.516c-9.379 9.335-24.544 9.317-33.901-.04l-22.667-22.667c-9.373-9.373-9.373-24.569 0-33.941L207.03 130.525c9.372-9.373 24.568-9.373 33.941-.001z\"><\/path><\/svg><\/span>\n\t\t\t\t\t\t\t\t\t\t\t\t\t<\/span>\n\t\t\t\t\t\t\t\t\t\t\t\t<a class=\"elementor-toggle-title\" tabindex=\"0\">Kde najdu pokyny k technologick\u00fdm postup\u016fm?<\/a>\n\t\t\t\t\t<\/div>\n\n\t\t\t\t\t<div id=\"elementor-tab-content-1271\" class=\"elementor-tab-content elementor-clearfix\" data-tab=\"1\" role=\"region\" aria-labelledby=\"elementor-tab-title-1271\">Ve\u0161ker\u00e9 technick\u00e9 p\u0159\u00edru\u010dky a procesn\u00ed pokyny jsou k dispozici p\u0159\u00edmo na na\u0161ich n\u00e1rodn\u00edch webov\u00fdch str\u00e1nk\u00e1ch. N\u00e1\u0161 technick\u00fd t\u00fdm udr\u017euje v\u0161echny dokumenty v aktu\u00e1ln\u00edm stavu, aby bylo zaji\u0161t\u011bno bezpe\u010dn\u00e9, p\u0159esn\u00e9 a udr\u017eiteln\u00e9 pou\u017e\u00edv\u00e1n\u00ed materi\u00e1l\u016f V\u00f6gel.<\/div>\n\t\t\t\t<\/div>\n\t\t\t\t\t\t\t<div class=\"elementor-toggle-item\">\n\t\t\t\t\t<div id=\"elementor-tab-title-1272\" class=\"elementor-tab-title\" data-tab=\"2\" role=\"button\" aria-controls=\"elementor-tab-content-1272\" aria-expanded=\"false\">\n\t\t\t\t\t\t\t\t\t\t\t\t<span class=\"elementor-toggle-icon elementor-toggle-icon-right\" aria-hidden=\"true\">\n\t\t\t\t\t\t\t\t\t\t\t\t\t\t\t<span class=\"elementor-toggle-icon-closed\"><svg class=\"e-font-icon-svg e-fas-chevron-down\" viewbox=\"0 0 448 512\" xmlns=\"http:\/\/www.w3.org\/2000\/svg\"><path d=\"M207.029 381.476L12.686 187.132c-9.373-9.373-9.373-24.569 0-33.941l22.667-22.667c9.357-9.357 24.522-9.375 33.901-.04L224 284.505l154.745-154.021c9.379-9.335 24.544-9.317 33.901.04l22.667 22.667c9.373 9.373 9.373 24.569 0 33.941L240.971 381.476c-9.373 9.372-24.569 9.372-33.942 0z\"><\/path><\/svg><\/span>\n\t\t\t\t\t\t\t\t<span class=\"elementor-toggle-icon-opened\"><svg class=\"elementor-toggle-icon-opened e-font-icon-svg e-fas-chevron-up\" viewbox=\"0 0 448 512\" xmlns=\"http:\/\/www.w3.org\/2000\/svg\"><path d=\"M240.971 130.524l194.343 194.343c9.373 9.373 9.373 24.569 0 33.941l-22.667 22.667c-9.357 9.357-24.522 9.375-33.901.04L224 227.495 69.255 381.516c-9.379 9.335-24.544 9.317-33.901-.04l-22.667-22.667c-9.373-9.373-9.373-24.569 0-33.941L207.03 130.525c9.372-9.373 24.568-9.373 33.941-.001z\"><\/path><\/svg><\/span>\n\t\t\t\t\t\t\t\t\t\t\t\t\t<\/span>\n\t\t\t\t\t\t\t\t\t\t\t\t<a class=\"elementor-toggle-title\" tabindex=\"0\">Jak spole\u010dnost V\u00f6gel podporuje udr\u017eitelnost ve v\u00fdrob\u011b?<\/a>\n\t\t\t\t\t<\/div>\n\n\t\t\t\t\t<div id=\"elementor-tab-content-1272\" class=\"elementor-tab-content elementor-clearfix\" data-tab=\"2\" role=\"region\" aria-labelledby=\"elementor-tab-title-1272\"><div class=\"help-item active\"><div class=\"help-item-content\"><span dir=\"auto\">Sni\u017eujeme mno\u017estv\u00ed odpadu, optimalizujeme \u00fa\u010dinnost materi\u00e1l\u016f a vyv\u00edj\u00edme v\u00fdrobky s dlouhou \u017eivotnost\u00ed, kter\u00e9 minimalizuj\u00ed dopad na \u017eivotn\u00ed prost\u0159ed\u00ed. Ve spole\u010dnosti Vogel nen\u00ed udr\u017eitelnost trendem - je j\u00e1drem na\u0161\u00ed in\u017een\u00fdrsk\u00e9 filozofie.<\/span><\/div><\/div><div class=\"help-item\">\u00a0<\/div><\/div>\n\t\t\t\t<\/div>\n\t\t\t\t\t\t\t<div class=\"elementor-toggle-item\">\n\t\t\t\t\t<div id=\"elementor-tab-title-1273\" class=\"elementor-tab-title\" data-tab=\"3\" role=\"button\" aria-controls=\"elementor-tab-content-1273\" aria-expanded=\"false\">\n\t\t\t\t\t\t\t\t\t\t\t\t<span class=\"elementor-toggle-icon elementor-toggle-icon-right\" aria-hidden=\"true\">\n\t\t\t\t\t\t\t\t\t\t\t\t\t\t\t<span class=\"elementor-toggle-icon-closed\"><svg class=\"e-font-icon-svg e-fas-chevron-down\" viewbox=\"0 0 448 512\" xmlns=\"http:\/\/www.w3.org\/2000\/svg\"><path d=\"M207.029 381.476L12.686 187.132c-9.373-9.373-9.373-24.569 0-33.941l22.667-22.667c9.357-9.357 24.522-9.375 33.901-.04L224 284.505l154.745-154.021c9.379-9.335 24.544-9.317 33.901.04l22.667 22.667c9.373 9.373 9.373 24.569 0 33.941L240.971 381.476c-9.373 9.372-24.569 9.372-33.942 0z\"><\/path><\/svg><\/span>\n\t\t\t\t\t\t\t\t<span class=\"elementor-toggle-icon-opened\"><svg class=\"elementor-toggle-icon-opened e-font-icon-svg e-fas-chevron-up\" viewbox=\"0 0 448 512\" xmlns=\"http:\/\/www.w3.org\/2000\/svg\"><path d=\"M240.971 130.524l194.343 194.343c9.373 9.373 9.373 24.569 0 33.941l-22.667 22.667c-9.357 9.357-24.522 9.375-33.901.04L224 227.495 69.255 381.516c-9.379 9.335-24.544 9.317-33.901-.04l-22.667-22.667c-9.373-9.373-9.373-24.569 0-33.941L207.03 130.525c9.372-9.373 24.568-9.373 33.941-.001z\"><\/path><\/svg><\/span>\n\t\t\t\t\t\t\t\t\t\t\t\t\t<\/span>\n\t\t\t\t\t\t\t\t\t\t\t\t<a class=\"elementor-toggle-title\" tabindex=\"0\">Nab\u00edz\u00edte odbornou pomoc pro specifick\u00e9 pot\u0159eby projektu?<\/a>\n\t\t\t\t\t<\/div>\n\n\t\t\t\t\t<div id=\"elementor-tab-content-1273\" class=\"elementor-tab-content elementor-clearfix\" data-tab=\"3\" role=\"region\" aria-labelledby=\"elementor-tab-title-1273\"><div class=\"help-item active\"><div class=\"help-item-content\"><div class=\"help-item active\"><div class=\"help-item-content\"><span dir=\"auto\">Ano. Na\u0161i odborn\u00edci jsou p\u0159ipraveni v\u00e1m poskytnout individu\u00e1ln\u00ed doporu\u010den\u00ed, v\u00fdb\u011br materi\u00e1l\u016f a konzultace na m\u00edst\u011b, aby v\u00e1\u0161 projekt spl\u0148oval nejvy\u0161\u0161\u00ed standardy kvality a ochrany \u017eivotn\u00edho prost\u0159ed\u00ed.<\/span><\/div><\/div><div class=\"help-item\">\u00a0<\/div><\/div><\/div><div class=\"help-item\">\u00a0<\/div><\/div>\n\t\t\t\t<\/div>\n\t\t\t\t\t\t\t<div class=\"elementor-toggle-item\">\n\t\t\t\t\t<div id=\"elementor-tab-title-1274\" class=\"elementor-tab-title\" data-tab=\"4\" role=\"button\" aria-controls=\"elementor-tab-content-1274\" aria-expanded=\"false\">\n\t\t\t\t\t\t\t\t\t\t\t\t<span class=\"elementor-toggle-icon elementor-toggle-icon-right\" aria-hidden=\"true\">\n\t\t\t\t\t\t\t\t\t\t\t\t\t\t\t<span class=\"elementor-toggle-icon-closed\"><svg class=\"e-font-icon-svg e-fas-chevron-down\" viewbox=\"0 0 448 512\" xmlns=\"http:\/\/www.w3.org\/2000\/svg\"><path d=\"M207.029 381.476L12.686 187.132c-9.373-9.373-9.373-24.569 0-33.941l22.667-22.667c9.357-9.357 24.522-9.375 33.901-.04L224 284.505l154.745-154.021c9.379-9.335 24.544-9.317 33.901.04l22.667 22.667c9.373 9.373 9.373 24.569 0 33.941L240.971 381.476c-9.373 9.372-24.569 9.372-33.942 0z\"><\/path><\/svg><\/span>\n\t\t\t\t\t\t\t\t<span class=\"elementor-toggle-icon-opened\"><svg class=\"elementor-toggle-icon-opened e-font-icon-svg e-fas-chevron-up\" viewbox=\"0 0 448 512\" xmlns=\"http:\/\/www.w3.org\/2000\/svg\"><path d=\"M240.971 130.524l194.343 194.343c9.373 9.373 9.373 24.569 0 33.941l-22.667 22.667c-9.357 9.357-24.522 9.375-33.901.04L224 227.495 69.255 381.516c-9.379 9.335-24.544 9.317-33.901-.04l-22.667-22.667c-9.373-9.373-9.373-24.569 0-33.941L207.03 130.525c9.372-9.373 24.568-9.373 33.941-.001z\"><\/path><\/svg><\/span>\n\t\t\t\t\t\t\t\t\t\t\t\t\t<\/span>\n\t\t\t\t\t\t\t\t\t\t\t\t<a class=\"elementor-toggle-title\" tabindex=\"0\">Nab\u00edz\u00edte odbornou pomoc pro specifick\u00e9 pot\u0159eby projektu?<\/a>\n\t\t\t\t\t<\/div>\n\n\t\t\t\t\t<div id=\"elementor-tab-content-1274\" class=\"elementor-tab-content elementor-clearfix\" data-tab=\"4\" role=\"region\" aria-labelledby=\"elementor-tab-title-1274\"><div class=\"help-item active\"><div class=\"help-item-content\"><div class=\"help-item active\"><div class=\"help-item-content\"><div class=\"content-wrapper content-wrapper-sidebar-position-none\"><div class=\"content\"><div id=\"service-850\" class=\"single-service\"><div class=\"service-post-content\"><div class=\"help-wrapper\"><div class=\"help-item active\"><div class=\"help-item-content\"><span dir=\"auto\">M\u016f\u017eete n\u00e1s tak\u00e9 kontaktovat prost\u0159ednictv\u00edm kontaktn\u00edho formul\u00e1\u0159e, e-mailu nebo telefonu. Uve\u010fte pros\u00edm preferovan\u00fd \u010das sch\u016fzky - v\u0161echny osobn\u00ed sch\u016fzky jsou v\u00edt\u00e1ny a v\u017edy v\u00edt\u00e1ny.<\/span><\/div><\/div><\/div><\/div><\/div><\/div><\/div><footer class=\"footer footer-type-1\"><\/footer><\/div><\/div><div class=\"help-item\">\u00a0<\/div><\/div><\/div><div class=\"help-item\">\u00a0<\/div><\/div>\n\t\t\t\t<\/div>\n\t\t\t\t\t\t\t\t<\/div>\n\t\t\t\t\t\t<\/div>\n\t\t\t\t\t<\/div>\n\t\t<\/div>\n\t\t\t\t\t<\/div>\n\t\t<\/section>\n\t\t\t\t<\/div>","protected":false},"excerpt":{"rendered":"<p>Fenntarthat\u00f3s\u00e1g A V\u00f6geln\u00e9l elk\u00f6telezettek vagyunk a felel\u0151ss\u00e9gteljes m\u0171k\u00f6d\u00e9s \u00e9s a tiszt\u00e1bb, biztons\u00e1gosabb \u00e9s fenntarthat\u00f3bb j\u00f6v\u0151 megteremt\u00e9se ir\u00e1nt. Tiszteletben tartjuk az embereket, a k\u00f6rnyezetet \u00e9s azokat a k\u00f6z\u00f6ss\u00e9geket, amelyekben m\u0171k\u00f6d\u00fcnk. Akt\u00edvan v\u00e9grehajtunk gyakorlatias \u00e9s m\u00e9rhet\u0151 int\u00e9zked\u00e9seket, amelyek cs\u00f6kkentik k\u00f6rnyezeti l\u00e1bnyomunkat \u00e9s t\u00e1mogatj\u00e1k a hossz\u00fa t\u00e1v\u00fa fenntarthat\u00f3s\u00e1got. Mit tesz\u00fcnk k\u00f6rnyezeti l\u00e1bnyomunk minimaliz\u00e1l\u00e1sa \u00e9rdek\u00e9ben Folyamatosan optimaliz\u00e1ljuk \u00f6sszet\u00e9teleinket a &#8230; <a title=\"Udr\u017eitelnost\" class=\"read-more\" href=\"https:\/\/voegel.hu\/cs\/fenntarthatosag\/\" aria-label=\"\u010c\u00edst v\u00edce o Fenntarthat\u00f3s\u00e1g\">\u010c\u00edst d\u00e1l<\/a><\/p>","protected":false},"author":1,"featured_media":0,"parent":0,"menu_order":0,"comment_status":"closed","ping_status":"closed","template":"elementor_header_footer","meta":{"footnotes":""},"class_list":["post-229","page","type-page","status-publish"],"_links":{"self":[{"href":"https:\/\/voegel.hu\/cs\/wp-json\/wp\/v2\/pages\/229","targetHints":{"allow":["GET"]}}],"collection":[{"href":"https:\/\/voegel.hu\/cs\/wp-json\/wp\/v2\/pages"}],"about":[{"href":"https:\/\/voegel.hu\/cs\/wp-json\/wp\/v2\/types\/page"}],"author":[{"embeddable":true,"href":"https:\/\/voegel.hu\/cs\/wp-json\/wp\/v2\/users\/1"}],"replies":[{"embeddable":true,"href":"https:\/\/voegel.hu\/cs\/wp-json\/wp\/v2\/comments?post=229"}],"version-history":[{"count":13,"href":"https:\/\/voegel.hu\/cs\/wp-json\/wp\/v2\/pages\/229\/revisions"}],"predecessor-version":[{"id":383,"href":"https:\/\/voegel.hu\/cs\/wp-json\/wp\/v2\/pages\/229\/revisions\/383"}],"wp:attachment":[{"href":"https:\/\/voegel.hu\/cs\/wp-json\/wp\/v2\/media?parent=229"}],"curies":[{"name":"wp","href":"https:\/\/api.w.org\/{rel}","templated":true}]}}