{"id":200,"date":"2026-01-13T23:32:54","date_gmt":"2026-01-13T22:32:54","guid":{"rendered":"https:\/\/voegel.hu\/?page_id=200"},"modified":"2026-02-10T13:29:57","modified_gmt":"2026-02-10T12:29:57","slug":"vogel-ss70","status":"publish","type":"page","link":"https:\/\/voegel.hu\/cs\/vogel-ss70\/","title":{"rendered":"V\u00f6gel\u00a0SS70"},"content":{"rendered":"<div data-elementor-type=\"wp-page\" data-elementor-id=\"200\" class=\"elementor elementor-200\" data-elementor-post-type=\"page\">\n\t\t\t\t\t\t<section class=\"elementor-section elementor-top-section elementor-element elementor-element-c60fba4 elementor-section-boxed elementor-section-height-default elementor-section-height-default\" data-id=\"c60fba4\" data-element_type=\"section\">\n\t\t\t\t\t\t<div class=\"elementor-container elementor-column-gap-default\">\n\t\t\t\t\t<div class=\"elementor-column elementor-col-100 elementor-top-column elementor-element elementor-element-a34d8ad\" data-id=\"a34d8ad\" data-element_type=\"column\">\n\t\t\t<div class=\"elementor-widget-wrap elementor-element-populated\">\n\t\t\t\t\t\t<div class=\"elementor-element elementor-element-e1fd6c2 elementor-widget elementor-widget-heading\" data-id=\"e1fd6c2\" data-element_type=\"widget\" data-widget_type=\"heading.default\">\n\t\t\t\t\t<h2 class=\"elementor-heading-title elementor-size-default\">Sanit\u00e1rn\u00ed silikon<\/h2>\t\t\t\t<\/div>\n\t\t\t\t\t<\/div>\n\t\t<\/div>\n\t\t\t\t\t<\/div>\n\t\t<\/section>\n\t\t\t\t<section class=\"elementor-section elementor-top-section elementor-element elementor-element-1bacad4 elementor-section-boxed elementor-section-height-default elementor-section-height-default\" data-id=\"1bacad4\" data-element_type=\"section\">\n\t\t\t\t\t\t<div class=\"elementor-container elementor-column-gap-default\">\n\t\t\t\t\t<div class=\"elementor-column elementor-col-100 elementor-top-column elementor-element elementor-element-0ce014c\" data-id=\"0ce014c\" data-element_type=\"column\">\n\t\t\t<div class=\"elementor-widget-wrap elementor-element-populated\">\n\t\t\t\t\t\t<div class=\"elementor-element elementor-element-50ff54f elementor-widget elementor-widget-image\" data-id=\"50ff54f\" data-element_type=\"widget\" data-widget_type=\"image.default\">\n\t\t\t\t\t\t\t\t\t\t\t\t\t\t\t<img fetchpriority=\"high\" decoding=\"async\" width=\"1200\" height=\"798\" src=\"https:\/\/voegel.hu\/wp-content\/uploads\/2026\/01\/voegel-szaniter-szilikon-1.png\" class=\"attachment-full size-full wp-image-204\" alt=\"\" srcset=\"https:\/\/voegel.hu\/wp-content\/uploads\/2026\/01\/voegel-szaniter-szilikon-1.png 1200w, https:\/\/voegel.hu\/wp-content\/uploads\/2026\/01\/voegel-szaniter-szilikon-1-300x200.png 300w, https:\/\/voegel.hu\/wp-content\/uploads\/2026\/01\/voegel-szaniter-szilikon-1-1024x681.png 1024w, https:\/\/voegel.hu\/wp-content\/uploads\/2026\/01\/voegel-szaniter-szilikon-1-768x511.png 768w\" sizes=\"(max-width: 1200px) 100vw, 1200px\" \/>\t\t\t\t\t\t\t\t\t\t\t\t\t\t\t<\/div>\n\t\t\t\t\t<\/div>\n\t\t<\/div>\n\t\t\t\t\t<\/div>\n\t\t<\/section>\n\t\t\t\t<section class=\"elementor-section elementor-top-section elementor-element elementor-element-de332c3 elementor-section-boxed elementor-section-height-default elementor-section-height-default\" data-id=\"de332c3\" data-element_type=\"section\">\n\t\t\t\t\t\t<div class=\"elementor-container elementor-column-gap-default\">\n\t\t\t\t\t<div class=\"elementor-column elementor-col-100 elementor-top-column elementor-element elementor-element-5d50680\" data-id=\"5d50680\" data-element_type=\"column\">\n\t\t\t<div class=\"elementor-widget-wrap elementor-element-populated\">\n\t\t\t\t\t\t<div class=\"elementor-element elementor-element-be3f08a elementor-widget elementor-widget-heading\" data-id=\"be3f08a\" data-element_type=\"widget\" data-widget_type=\"heading.default\">\n\t\t\t\t\t<h2 class=\"elementor-heading-title elementor-size-default\">V\u00f6gel SS70 - hygienick\u00fd silikon pro ka\u017edodenn\u00ed dokonalost\n<\/h2>\t\t\t\t<\/div>\n\t\t\t\t<div class=\"elementor-element elementor-element-655537a elementor-widget elementor-widget-text-editor\" data-id=\"655537a\" data-element_type=\"widget\" data-widget_type=\"text-editor.default\">\n\t\t\t\t\t\t\t\t\t<p class=\"s2\">A <strong><span class=\"s5\">Pt\u00e1ci<\/span><span class=\"s5\"> Sanit\u00e1rn\u00ed silikon SS70<\/span><\/strong> spolehliv\u00fdm partnerem ve v\u0161ech situac\u00edch, kdy je d\u016fle\u017eit\u00e1 \u010distota, dlouhotrvaj\u00edc\u00ed ochrana a estetick\u00fd v\u00fdsledek.<br \/>Je navr\u017een tak, aby si zachoval svou pru\u017enost, p\u0159ilnavost a hygienick\u00fd vzhled p\u0159i ka\u017edodenn\u00edm pou\u017e\u00edv\u00e1n\u00ed, a to i za st\u00e1l\u00e9 vlhkosti.<\/p><p class=\"s2\">A\u0165 u\u017e pracujete na renovaci koupelny, ut\u011bs\u0148ov\u00e1n\u00ed kuchy\u0148sk\u00fdch sp\u00e1r, tmelen\u00ed sprch, umyvadel nebo desek. <span class=\"s5\">Pt\u00e1ci<\/span><span class=\"s5\"> SS70<\/span>zaji\u0161\u0165uje jist\u00e9, \u010dist\u00e9 a dlouhodob\u011b spolehliv\u00e9 t\u011bsn\u011bn\u00ed.<\/p><p class=\"s2\">D\u00edky speci\u00e1ln\u00edm p\u0159\u00edsad\u00e1m odol\u00e1v\u00e1 pl\u00edsn\u00edm a bakteri\u00edm, z\u016fst\u00e1v\u00e1 pru\u017en\u00fd a poskytuje estetick\u00fd povrch.<br \/>Jedn\u00e1 se o sanit\u00e1rn\u00ed silikon, kter\u00fd nejen chr\u00e1n\u00ed, ale tak\u00e9 p\u0159isp\u00edv\u00e1 k \u010dist\u00e9mu a hygienick\u00e9mu prost\u0159ed\u00ed.<\/p>\t\t\t\t\t\t\t\t<\/div>\n\t\t\t\t\t<\/div>\n\t\t<\/div>\n\t\t\t\t\t<\/div>\n\t\t<\/section>\n\t\t\t\t<section class=\"elementor-section elementor-top-section elementor-element elementor-element-c9b2fd2 elementor-section-boxed elementor-section-height-default elementor-section-height-default\" data-id=\"c9b2fd2\" data-element_type=\"section\">\n\t\t\t\t\t\t<div class=\"elementor-container elementor-column-gap-default\">\n\t\t\t\t\t<div class=\"elementor-column elementor-col-100 elementor-top-column elementor-element elementor-element-da8148f\" data-id=\"da8148f\" data-element_type=\"column\">\n\t\t\t<div class=\"elementor-widget-wrap elementor-element-populated\">\n\t\t\t\t\t\t<section class=\"elementor-section elementor-inner-section elementor-element elementor-element-0a77b8a elementor-section-boxed elementor-section-height-default elementor-section-height-default\" data-id=\"0a77b8a\" data-element_type=\"section\">\n\t\t\t\t\t\t<div class=\"elementor-container elementor-column-gap-default\">\n\t\t\t\t\t<div class=\"elementor-column elementor-col-50 elementor-inner-column elementor-element elementor-element-b45dd43\" data-id=\"b45dd43\" data-element_type=\"column\">\n\t\t\t<div class=\"elementor-widget-wrap elementor-element-populated\">\n\t\t\t\t\t\t<div class=\"elementor-element elementor-element-99511c4 elementor-widget elementor-widget-image\" data-id=\"99511c4\" data-element_type=\"widget\" data-widget_type=\"image.default\">\n\t\t\t\t\t\t\t\t\t\t\t\t\t\t\t<img decoding=\"async\" width=\"2048\" height=\"2048\" src=\"https:\/\/voegel.hu\/wp-content\/uploads\/2026\/01\/66.jpg\" class=\"attachment-full size-full wp-image-340\" alt=\"\" srcset=\"https:\/\/voegel.hu\/wp-content\/uploads\/2026\/01\/66.jpg 2048w, https:\/\/voegel.hu\/wp-content\/uploads\/2026\/01\/66-300x300.jpg 300w, https:\/\/voegel.hu\/wp-content\/uploads\/2026\/01\/66-1024x1024.jpg 1024w, https:\/\/voegel.hu\/wp-content\/uploads\/2026\/01\/66-150x150.jpg 150w, https:\/\/voegel.hu\/wp-content\/uploads\/2026\/01\/66-768x768.jpg 768w, https:\/\/voegel.hu\/wp-content\/uploads\/2026\/01\/66-1536x1536.jpg 1536w\" sizes=\"(max-width: 2048px) 100vw, 2048px\" \/>\t\t\t\t\t\t\t\t\t\t\t\t\t\t\t<\/div>\n\t\t\t\t\t<\/div>\n\t\t<\/div>\n\t\t\t\t<div class=\"elementor-column elementor-col-50 elementor-inner-column elementor-element elementor-element-ad6c750\" data-id=\"ad6c750\" data-element_type=\"column\">\n\t\t\t<div class=\"elementor-widget-wrap elementor-element-populated\">\n\t\t\t\t\t\t<div class=\"elementor-element elementor-element-b9a5a71 elementor-widget elementor-widget-heading\" data-id=\"b9a5a71\" data-element_type=\"widget\" data-widget_type=\"heading.default\">\n\t\t\t\t\t<h2 class=\"elementor-heading-title elementor-size-default\">V\u00f6gel SS70 - Sanit\u00e1rn\u00ed silikon\n<\/h2>\t\t\t\t<\/div>\n\t\t\t\t<div class=\"elementor-element elementor-element-b972c75 elementor-widget elementor-widget-text-editor\" data-id=\"b972c75\" data-element_type=\"widget\" data-widget_type=\"text-editor.default\">\n\t\t\t\t\t\t\t\t\t<p>Silikon bez pl\u00edsn\u00ed a hub pro hygienick\u00e9 prostory: koupelny, kuchyn\u011b, toalety, wellness a vlhk\u00e9 prostory. Vysok\u00e1 odolnost, vod\u011bodoln\u00fd, optimalizovan\u00fd pro sanit\u00e1rn\u00ed povrchy.<\/p>\t\t\t\t\t\t\t\t<\/div>\n\t\t\t\t<div class=\"elementor-element elementor-element-d8bedbd elementor-widget elementor-widget-html\" data-id=\"d8bedbd\" data-element_type=\"widget\" data-widget_type=\"html.default\">\n\t\t\t\t\t<link href=\"https:\/\/fonts.googleapis.com\/css2?family=League+Spartan:wght@400;500&display=swap\" rel=\"stylesheet\">\n\n<style>\n.voegel-faq{\n  width:100%;\n}\n\n.voegel-faq-item{\n  background:#fff;\n  border-radius:16px;\n  box-shadow:0 14px 30px rgba(0,0,0,.08);\n  overflow:hidden;\n}\n\n.voegel-faq-question{\n  font-family:'League Spartan',sans-serif;\n  font-size:16px;\n  font-weight:500;\n  padding:22px 26px;\n  cursor:pointer;\n  display:flex;\n  justify-content:space-between;\n  align-items:center;\n}\n\n.voegel-faq-icon{\n  width:24px;\n  height:24px;\n  border:1px solid #000;\n  border-radius:50%;\n  display:flex;\n  align-items:center;\n  justify-content:center;\n  transition:.3s;\n}\n\n.voegel-faq-item.active .voegel-faq-icon{\n  transform:rotate(180deg);\n}\n\n.voegel-faq-content{\n  height:0;\n  overflow:hidden;\n  transition:height .4s ease;\n}\n\n.voegel-faq-inner{\n  padding:0 26px 26px;\n}\n\n.voegel-faq-buttons{\n  display:flex;\n  gap:16px;\n}\n\n.voegel-faq-btn{\n  flex:1;\n  padding:14px;\n  border-radius:12px;\n  border:1px solid #000;\n  text-align:center;\n  text-decoration:none;\n  font-family:'League Spartan',sans-serif;\n  color:#000;\n}\n\n.voegel-faq-icon svg{\n  width:12px;\n  height:12px;\n  stroke:#000;\n}\n\n\n.voegel-faq-btn:hover{\n  background:#000;\n  color:#fff;\n}\n\n@media(max-width:768px){\n  .voegel-faq-question{font-size:13px;padding:16px 18px;}\n  .voegel-faq-buttons{flex-direction:column;}\n}\n<\/style>\n\n<div class=\"voegel-faq\">\n  <div class=\"voegel-faq-item\">\n\n    <div class=\"voegel-faq-question\">\n      Dokumenty | Jak ji mohu pou\u017e\u00edt?\n      <div class=\"voegel-faq-icon\">\n        <svg viewbox=\"0 0 24 24\" fill=\"none\">\n          <path d=\"M6 9l6 6 6-6\" stroke-width=\"2\"\/>\n        <\/svg>\n      <\/div>\n    <\/div>\n\n    <div class=\"voegel-faq-content\">\n      <div class=\"voegel-faq-inner\">\n        <div class=\"voegel-faq-buttons\">\n          <a href=\"#\" class=\"voegel-faq-btn\">Dokumenty<\/a>\n\n          <a href=\"#\"\n             class=\"voegel-faq-btn voegel-video-btn\"\n             data-video=\"https:\/\/youtu.be\/sbkAm464Y7k?list=PLwkeuB9Z7Mra6R453n2pV6vZYrTgJ59GW\">\n             Video z\n          <\/a>\n        <\/div>\n      <\/div>\n    <\/div>\n\n  <\/div>\n<\/div>\n\t\t\t\t<\/div>\n\t\t\t\t\t<\/div>\n\t\t<\/div>\n\t\t\t\t\t<\/div>\n\t\t<\/section>\n\t\t\t\t\t<\/div>\n\t\t<\/div>\n\t\t\t\t\t<\/div>\n\t\t<\/section>\n\t\t\t\t<section class=\"elementor-section elementor-top-section elementor-element elementor-element-792e111 elementor-section-boxed elementor-section-height-default elementor-section-height-default\" data-id=\"792e111\" data-element_type=\"section\">\n\t\t\t\t\t\t<div class=\"elementor-container elementor-column-gap-default\">\n\t\t\t\t\t<div class=\"elementor-column elementor-col-100 elementor-top-column elementor-element elementor-element-b775563\" data-id=\"b775563\" data-element_type=\"column\">\n\t\t\t<div class=\"elementor-widget-wrap elementor-element-populated\">\n\t\t\t\t\t\t<div class=\"elementor-element elementor-element-f2c99d6 elementor-widget elementor-widget-text-editor\" data-id=\"f2c99d6\" data-element_type=\"widget\" data-widget_type=\"text-editor.default\">\n\t\t\t\t\t\t\t\t\tSanit\u00e1rn\u00ed silikon V\u00f6gel SS70 p\u0159isp\u00edv\u00e1 k trval\u00e9 ochran\u011b, hygienick\u00e9mu prost\u0159ed\u00ed a estetick\u00e9mu vzhledu v r\u00e1mci spr\u00e1vn\u00e9ho pou\u017eit\u00ed. Pro dosa\u017een\u00ed nejlep\u0161\u00edch v\u00fdsledk\u016f pou\u017e\u00edvejte v\u017edy podle n\u00e1vodu.\t\t\t\t\t\t\t\t<\/div>\n\t\t\t\t\t<\/div>\n\t\t<\/div>\n\t\t\t\t\t<\/div>\n\t\t<\/section>\n\t\t\t\t<section class=\"elementor-section elementor-top-section elementor-element elementor-element-27e49ef elementor-section-boxed elementor-section-height-default elementor-section-height-default\" data-id=\"27e49ef\" data-element_type=\"section\">\n\t\t\t\t\t\t<div class=\"elementor-container elementor-column-gap-default\">\n\t\t\t\t\t<div class=\"elementor-column elementor-col-100 elementor-top-column elementor-element elementor-element-a879e08\" data-id=\"a879e08\" data-element_type=\"column\">\n\t\t\t<div class=\"elementor-widget-wrap elementor-element-populated\">\n\t\t\t\t\t\t<div class=\"elementor-element elementor-element-77013ba elementor-widget elementor-widget-html\" data-id=\"77013ba\" data-element_type=\"widget\" data-widget_type=\"html.default\">\n\t\t\t\t\t<div id=\"voegel-video-modal\">\n  <div class=\"voegel-video-bg\"><\/div>\n\n  <div class=\"voegel-video-box\">\n    <button class=\"voegel-video-close\">\u00d7<\/button>\n    <div class=\"voegel-video-wrap\">\n      <iframe src=\"\" allow=\"autoplay; encrypted-media\" allowfullscreen><\/iframe>\n    <\/div>\n  <\/div>\n<\/div>\n\n<style>\n#voegel-video-modal{\n  position:fixed !important;\n  inset:0 !important;\n  z-index:99999 !important;\n  display:none !important;\n}\n\n#voegel-video-modal.active{\n  display:block !important;\n}\n\n.voegel-video-bg{\n  position:absolute !important;\n  inset:0 !important;\n  background:rgba(0,0,0,.75) !important;\n}\n\n.voegel-video-box{\n  position:relative !important;\n  max-width:900px !important;\n  width:90% !important;\n  margin:8vh auto !important;\n  background:#000 !important;\n  border-radius:16px !important;\n}\n\n.voegel-video-wrap{\n  position:relative !important;\n  padding-top:56.25% !important;\n}\n\n.voegel-video-wrap iframe{\n  position:absolute !important;\n  inset:0 !important;\n  width:100% !important;\n  height:100% !important;\n  border:0 !important;\n}\n\n.voegel-video-close{\n  position:absolute !important;\n  top:-44px !important;\n  right:0 !important;\n  background:none !important;\n  border:none !important;\n  color:#fff !important;\n  font-size:38px !important;\n  cursor:pointer !important;\n}\n\n<\/style>\n\t\t\t\t<\/div>\n\t\t\t\t\t<\/div>\n\t\t<\/div>\n\t\t\t\t\t<\/div>\n\t\t<\/section>\n\t\t\t\t<\/div>","protected":false},"excerpt":{"rendered":"<p>Szaniter szilikon V\u00f6gel SS70 \u2013 Sanitary Silicone for Everyday Perfection A V\u00f6gel SS70 szaniter szilikon megb\u00edzhat\u00f3 t\u00e1rs minden olyan helyzetben, ahol a tisztas\u00e1g, a tart\u00f3s v\u00e9delem \u00e9s az eszt\u00e9tikus v\u00e9geredm\u00e9ny alapelv\u00e1r\u00e1s.\u00dagy tervezt\u00fck, hogy a mindennapi haszn\u00e1lat sor\u00e1n is meg\u0151rizze rugalmass\u00e1g\u00e1t, tapad\u00e1s\u00e1t \u00e9s higi\u00e9nikus megjelen\u00e9s\u00e9t \u2013 m\u00e9g tart\u00f3s nedvess\u00e9g mellett is. Ak\u00e1r egy f\u00fcrd\u0151szobai fel\u00faj\u00edt\u00e1son dolgozol, &#8230; <a title=\"V\u00f6gel\u00a0SS70\" class=\"read-more\" href=\"https:\/\/voegel.hu\/cs\/vogel-ss70\/\" aria-label=\"\u010c\u00edst v\u00edce o V\u00f6gel\u00a0SS70\">\u010c\u00edst d\u00e1l<\/a><\/p>","protected":false},"author":1,"featured_media":0,"parent":0,"menu_order":0,"comment_status":"closed","ping_status":"closed","template":"elementor_header_footer","meta":{"footnotes":""},"class_list":["post-200","page","type-page","status-publish"],"_links":{"self":[{"href":"https:\/\/voegel.hu\/cs\/wp-json\/wp\/v2\/pages\/200","targetHints":{"allow":["GET"]}}],"collection":[{"href":"https:\/\/voegel.hu\/cs\/wp-json\/wp\/v2\/pages"}],"about":[{"href":"https:\/\/voegel.hu\/cs\/wp-json\/wp\/v2\/types\/page"}],"author":[{"embeddable":true,"href":"https:\/\/voegel.hu\/cs\/wp-json\/wp\/v2\/users\/1"}],"replies":[{"embeddable":true,"href":"https:\/\/voegel.hu\/cs\/wp-json\/wp\/v2\/comments?post=200"}],"version-history":[{"count":31,"href":"https:\/\/voegel.hu\/cs\/wp-json\/wp\/v2\/pages\/200\/revisions"}],"predecessor-version":[{"id":541,"href":"https:\/\/voegel.hu\/cs\/wp-json\/wp\/v2\/pages\/200\/revisions\/541"}],"wp:attachment":[{"href":"https:\/\/voegel.hu\/cs\/wp-json\/wp\/v2\/media?parent=200"}],"curies":[{"name":"wp","href":"https:\/\/api.w.org\/{rel}","templated":true}]}}